{"id":11444,"date":"2016-03-06T16:40:03","date_gmt":"2016-03-06T13:40:03","guid":{"rendered":"https:\/\/dipicdev.ro\/birou-de-presa\/"},"modified":"2025-11-16T10:17:19","modified_gmt":"2025-11-16T08:17:19","slug":"birou-de-presa","status":"publish","type":"page","link":"https:\/\/dipicdev.ro\/hu\/birou-de-presa\/","title":{"rendered":"Birou de pres\u0103"},"content":{"rendered":"<p>Purt\u0103tor de cuv\u00e2nt:<\/p>\n<p>MARIANA MOLDOVAN-NEGOI\u021a\u0102<\/p>\n<p>Tel: 0265.212111 int. 464 sau int. 235<br \/>\nMobil: 0733 55 01 01<br \/>\nE-mail: <a href=\"mailto:comunicare@dipicdev.ro\">comunicare@dipicdev.ro<\/a><\/p>\n","protected":false},"excerpt":{"rendered":"<p>Purt\u0103tor de cuv\u00e2nt: MARIANA MOLDOVAN-NEGOI\u021a\u0102 Tel: 0265.212111 int. 464 sau int. 235 Mobil: 0733 55 01 01 E-mail: comunicare@dipicdev.ro<\/p>\n","protected":false},"author":4,"featured_media":0,"parent":0,"menu_order":91,"comment_status":"closed","ping_status":"closed","template":"template-parent.php","meta":{"_acf_changed":false,"footnotes":""},"class_list":["post-11444","page","type-page","status-publish","hentry"],"acf":[],"_links":{"self":[{"href":"https:\/\/dipicdev.ro\/hu\/wp-json\/wp\/v2\/pages\/11444","targetHints":{"allow":["GET"]}}],"collection":[{"href":"https:\/\/dipicdev.ro\/hu\/wp-json\/wp\/v2\/pages"}],"about":[{"href":"https:\/\/dipicdev.ro\/hu\/wp-json\/wp\/v2\/types\/page"}],"author":[{"embeddable":true,"href":"https:\/\/dipicdev.ro\/hu\/wp-json\/wp\/v2\/users\/4"}],"replies":[{"embeddable":true,"href":"https:\/\/dipicdev.ro\/hu\/wp-json\/wp\/v2\/comments?post=11444"}],"version-history":[{"count":6,"href":"https:\/\/dipicdev.ro\/hu\/wp-json\/wp\/v2\/pages\/11444\/revisions"}],"predecessor-version":[{"id":29541,"href":"https:\/\/dipicdev.ro\/hu\/wp-json\/wp\/v2\/pages\/11444\/revisions\/29541"}],"wp:attachment":[{"href":"https:\/\/dipicdev.ro\/hu\/wp-json\/wp\/v2\/media?parent=11444"}],"curies":[{"name":"wp","href":"https:\/\/api.w.org\/{rel}","templated":true}]}}