{"id":11435,"date":"2016-03-06T16:40:04","date_gmt":"2016-03-06T16:40:04","guid":{"rendered":"https:\/\/dipicdev.ro\/contact\/"},"modified":"2019-01-05T20:05:00","modified_gmt":"2019-01-05T18:05:00","slug":"elerhetoseg","status":"publish","type":"page","link":"https:\/\/dipicdev.ro\/hu\/elerhetoseg\/","title":{"rendered":"El\u00e9rhet\u0151s\u00e9g"},"content":{"rendered":"","protected":false},"excerpt":{"rendered":"","protected":false},"author":4,"featured_media":0,"parent":0,"menu_order":80,"comment_status":"closed","ping_status":"closed","template":"template-contact.php","meta":{"_acf_changed":false,"footnotes":""},"class_list":["post-11435","page","type-page","status-publish","hentry"],"acf":[],"_links":{"self":[{"href":"https:\/\/dipicdev.ro\/hu\/wp-json\/wp\/v2\/pages\/11435","targetHints":{"allow":["GET"]}}],"collection":[{"href":"https:\/\/dipicdev.ro\/hu\/wp-json\/wp\/v2\/pages"}],"about":[{"href":"https:\/\/dipicdev.ro\/hu\/wp-json\/wp\/v2\/types\/page"}],"author":[{"embeddable":true,"href":"https:\/\/dipicdev.ro\/hu\/wp-json\/wp\/v2\/users\/4"}],"replies":[{"embeddable":true,"href":"https:\/\/dipicdev.ro\/hu\/wp-json\/wp\/v2\/comments?post=11435"}],"version-history":[{"count":1,"href":"https:\/\/dipicdev.ro\/hu\/wp-json\/wp\/v2\/pages\/11435\/revisions"}],"predecessor-version":[{"id":13973,"href":"https:\/\/dipicdev.ro\/hu\/wp-json\/wp\/v2\/pages\/11435\/revisions\/13973"}],"wp:attachment":[{"href":"https:\/\/dipicdev.ro\/hu\/wp-json\/wp\/v2\/media?parent=11435"}],"curies":[{"name":"wp","href":"https:\/\/api.w.org\/{rel}","templated":true}]}}