{"id":11430,"date":"2016-03-06T16:40:04","date_gmt":"2016-03-06T16:40:04","guid":{"rendered":"https:\/\/dipicdev.ro\/donatii-sponsorizari\/"},"modified":"2019-01-03T20:38:07","modified_gmt":"2019-01-03T18:38:07","slug":"adomanyok-tamogatasok","status":"publish","type":"page","link":"https:\/\/dipicdev.ro\/hu\/adomanyok-tamogatasok\/","title":{"rendered":"DAdom\u00e1nyok\/T\u00e1mogat\u00e1sok"},"content":{"rendered":"<h3><strong>Dona\u021bii\/Sponsoriz\u0103ri<\/strong><\/h3>\n<p><a href=\"\/?p=5078\">Sponsorizare de 1.000.000 lei de la ROMGAZ<\/a><\/p>\n<p><strong>Pentru dona\u021bii \u0219i sponsoriz\u0103ri v\u0103 rug\u0103m s\u0103 v\u0103 adresa\u021bi\u00a0la:<\/strong><\/p>\n<div class=\"innerContent\">\n<p><strong>Compartimentul Rela\u021bii Publice &#8211;\u00a0 Spitalul Clinic Jude\u021bean de Urgen\u021b\u0103 T\u00eergu Mure\u0219<br \/>\n<\/strong><\/p>\n<\/div>\n<p><strong>Tel. 0265-214516;<\/strong>\u00a0 E-mail: <a href=\"mailto:comunicare@dipicdev.ro\" target=\"_blank\" rel=\"noopener\">comunicare@dipicdev.ro<\/a><\/p>\n","protected":false},"excerpt":{"rendered":"<p>Dona\u021bii\/Sponsoriz\u0103ri Sponsorizare de 1.000.000 lei de la ROMGAZ Pentru dona\u021bii \u0219i sponsoriz\u0103ri v\u0103 rug\u0103m s\u0103 v\u0103 adresa\u021bi\u00a0la: Compartimentul Rela\u021bii Publice &#8211;\u00a0 Spitalul Clinic Jude\u021bean de Urgen\u021b\u0103 T\u00eergu Mure\u0219 Tel. 0265-214516;\u00a0 E-mail: comunicare@dipicdev.ro<\/p>\n","protected":false},"author":4,"featured_media":0,"parent":0,"menu_order":91,"comment_status":"closed","ping_status":"closed","template":"","meta":{"_acf_changed":false,"footnotes":""},"class_list":["post-11430","page","type-page","status-publish","hentry"],"acf":[],"_links":{"self":[{"href":"https:\/\/dipicdev.ro\/hu\/wp-json\/wp\/v2\/pages\/11430","targetHints":{"allow":["GET"]}}],"collection":[{"href":"https:\/\/dipicdev.ro\/hu\/wp-json\/wp\/v2\/pages"}],"about":[{"href":"https:\/\/dipicdev.ro\/hu\/wp-json\/wp\/v2\/types\/page"}],"author":[{"embeddable":true,"href":"https:\/\/dipicdev.ro\/hu\/wp-json\/wp\/v2\/users\/4"}],"replies":[{"embeddable":true,"href":"https:\/\/dipicdev.ro\/hu\/wp-json\/wp\/v2\/comments?post=11430"}],"version-history":[{"count":1,"href":"https:\/\/dipicdev.ro\/hu\/wp-json\/wp\/v2\/pages\/11430\/revisions"}],"predecessor-version":[{"id":13972,"href":"https:\/\/dipicdev.ro\/hu\/wp-json\/wp\/v2\/pages\/11430\/revisions\/13972"}],"wp:attachment":[{"href":"https:\/\/dipicdev.ro\/hu\/wp-json\/wp\/v2\/media?parent=11430"}],"curies":[{"name":"wp","href":"https:\/\/api.w.org\/{rel}","templated":true}]}}