{"id":11420,"date":"2016-04-04T23:24:53","date_gmt":"2016-04-04T20:24:53","guid":{"rendered":"https:\/\/dipicdev.ro\/paturi-libere\/"},"modified":"2025-11-16T10:40:08","modified_gmt":"2025-11-16T08:40:08","slug":"raport-paturi-libere","status":"publish","type":"page","link":"https:\/\/dipicdev.ro\/hu\/pagina-pacientului\/raport-paturi-libere\/","title":{"rendered":"Raport Paturi Libere"},"content":{"rendered":"<h3>Paturi sec\u021bii<\/h3>\n<p>Unitatea medical\u0103 dispune de o structur\u0103 de 1089\u00a0paturi spitalizare continu\u0103 \u015fi 123\u00a0paturi spitalizare de zi.<\/p>\n<h3>Paturi libere sec\u021bii<\/h3>\n<p>Tabelul cu paturile libere din Spitalul Clinic Jude\u021bean de Urgen\u021b\u0103 Tirgu Mures, conform Ordinului nr. 64\/22.01.2015\u00a0pentru modificarea Ordinului ministrului s\u0103n\u0103t\u0103\u0163ii nr. 953\/2013\u00a0privind \u00eenfiintarea Dispeceratului unic pentru centralizarea paturilor libere, precum \u015fi notific\u0103rii Conducerii Spitalului Clinic Jude\u021bean de Urgent\u0103 T\u00e2rgu Mure\u0219 nr.\u00a077.782\/2014<\/p>\n<p><a href=\"https:\/\/dipicdev.ro\/hu\/structura-organizatorica\/\">Structura sec\u021biilor cu compartimente<\/a><\/p>\n<h4>Comunicarea se face zilnic p\u00e2n\u0103 la ora 12:00.<\/h4>\n","protected":false},"excerpt":{"rendered":"<p>Paturi sec\u021bii Unitatea medical\u0103 dispune de o structur\u0103 de 1089\u00a0paturi spitalizare continu\u0103 \u015fi 123\u00a0paturi spitalizare de zi. Paturi libere sec\u021bii Tabelul cu paturile libere din Spitalul Clinic Jude\u021bean de Urgen\u021b\u0103 Tirgu Mures, conform Ordinului nr. 64\/22.01.2015\u00a0pentru modificarea Ordinului ministrului s\u0103n\u0103t\u0103\u0163ii nr. 953\/2013\u00a0privind \u00eenfiintarea Dispeceratului unic pentru centralizarea paturilor libere, precum \u015fi notific\u0103rii Conducerii Spitalului Clinic [&hellip;]<\/p>\n","protected":false},"author":4,"featured_media":0,"parent":11425,"menu_order":15,"comment_status":"closed","ping_status":"closed","template":"template-raportari.php","meta":{"_acf_changed":false,"footnotes":""},"class_list":["post-11420","page","type-page","status-publish","hentry"],"acf":[],"_links":{"self":[{"href":"https:\/\/dipicdev.ro\/hu\/wp-json\/wp\/v2\/pages\/11420","targetHints":{"allow":["GET"]}}],"collection":[{"href":"https:\/\/dipicdev.ro\/hu\/wp-json\/wp\/v2\/pages"}],"about":[{"href":"https:\/\/dipicdev.ro\/hu\/wp-json\/wp\/v2\/types\/page"}],"author":[{"embeddable":true,"href":"https:\/\/dipicdev.ro\/hu\/wp-json\/wp\/v2\/users\/4"}],"replies":[{"embeddable":true,"href":"https:\/\/dipicdev.ro\/hu\/wp-json\/wp\/v2\/comments?post=11420"}],"version-history":[{"count":4,"href":"https:\/\/dipicdev.ro\/hu\/wp-json\/wp\/v2\/pages\/11420\/revisions"}],"predecessor-version":[{"id":44666,"href":"https:\/\/dipicdev.ro\/hu\/wp-json\/wp\/v2\/pages\/11420\/revisions\/44666"}],"up":[{"embeddable":true,"href":"https:\/\/dipicdev.ro\/hu\/wp-json\/wp\/v2\/pages\/11425"}],"wp:attachment":[{"href":"https:\/\/dipicdev.ro\/hu\/wp-json\/wp\/v2\/media?parent=11420"}],"curies":[{"name":"wp","href":"https:\/\/api.w.org\/{rel}","templated":true}]}}