{"id":11411,"date":"2016-05-10T20:06:48","date_gmt":"2016-05-10T17:06:48","guid":{"rendered":"https:\/\/dipicdev.ro\/echipa-manageriala\/"},"modified":"2018-12-09T20:45:02","modified_gmt":"2018-12-09T18:45:02","slug":"echipa-manageriala","status":"publish","type":"page","link":"https:\/\/dipicdev.ro\/hu\/menedzsment\/echipa-manageriala\/","title":{"rendered":"Echipa managerial\u0103"},"content":{"rendered":"<h3><strong>ECHIPA MANAGERIAL\u0102<\/strong><\/h3>\n<p>Vezet\u0151s\u00e9g<\/p>\n<p>Menedzser: Dr. Puiac Ion Claudiu<\/p>\n<p>Igazgat\u00f3i biz\u00f3tts\u00e1g<br \/>\nOrvosigazgat\u00f3: Dr. Szederjesi J\u00e1nos, egyetemi docens<br \/>\nP\u00e9nz\u00fcgyi-sz\u00e1mviteli igazgat\u00f3: Craciun Ioan Florin, k\u00f6zgazd\u00e1sz<br \/>\n\u00c1pol\u00e1si igazgat\u00f3: Moldovan Angela<\/p>\n<p>Munkaid\u0151: 7:30 \u2013 15:30<\/p>\n<p>\u00dcgyf\u00e9lfogad\u00e1s<br \/>\nMenedzser: h\u00e9tf\u0151t\u0151l cs\u00fct\u00f6rt\u00f6kig 12:00-t\u00f3l 14:00-ig<br \/>\nOrvosigazgat\u00f3: h\u00e9tf\u0151t\u0151l p\u00e9ntekig 10:00-t\u0151l 12:00-ig<br \/>\nP\u00e9nz\u00fcgyi-sz\u00e1mviteli igazgat\u00f3: kedden 12.00-t\u0151l 14:00-ig<br \/>\n\u00c1pol\u00e1si igazgat\u00f3: h\u00e9tf\u0151n 12:00-t\u0151l 14:00-ig<\/p>\n<p>Id\u0151pontfoglal\u00e1s a k\u00f3rh\u00e1z titk\u00e1rs\u00e1g\u00e1n<\/p>\n","protected":false},"excerpt":{"rendered":"<p>ECHIPA MANAGERIAL\u0102 Vezet\u0151s\u00e9g Menedzser: Dr. Puiac Ion Claudiu Igazgat\u00f3i biz\u00f3tts\u00e1g Orvosigazgat\u00f3: Dr. Szederjesi J\u00e1nos, egyetemi docens P\u00e9nz\u00fcgyi-sz\u00e1mviteli igazgat\u00f3: Craciun Ioan Florin, k\u00f6zgazd\u00e1sz \u00c1pol\u00e1si igazgat\u00f3: Moldovan Angela Munkaid\u0151: 7:30 \u2013 15:30 \u00dcgyf\u00e9lfogad\u00e1s Menedzser: h\u00e9tf\u0151t\u0151l cs\u00fct\u00f6rt\u00f6kig 12:00-t\u00f3l 14:00-ig Orvosigazgat\u00f3: h\u00e9tf\u0151t\u0151l p\u00e9ntekig 10:00-t\u0151l 12:00-ig P\u00e9nz\u00fcgyi-sz\u00e1mviteli igazgat\u00f3: kedden 12.00-t\u0151l 14:00-ig \u00c1pol\u00e1si igazgat\u00f3: h\u00e9tf\u0151n 12:00-t\u0151l 14:00-ig Id\u0151pontfoglal\u00e1s a k\u00f3rh\u00e1z titk\u00e1rs\u00e1g\u00e1n<\/p>\n","protected":false},"author":4,"featured_media":0,"parent":11427,"menu_order":0,"comment_status":"closed","ping_status":"closed","template":"","meta":{"_acf_changed":false,"footnotes":""},"class_list":["post-11411","page","type-page","status-publish","hentry"],"acf":[],"_links":{"self":[{"href":"https:\/\/dipicdev.ro\/hu\/wp-json\/wp\/v2\/pages\/11411","targetHints":{"allow":["GET"]}}],"collection":[{"href":"https:\/\/dipicdev.ro\/hu\/wp-json\/wp\/v2\/pages"}],"about":[{"href":"https:\/\/dipicdev.ro\/hu\/wp-json\/wp\/v2\/types\/page"}],"author":[{"embeddable":true,"href":"https:\/\/dipicdev.ro\/hu\/wp-json\/wp\/v2\/users\/4"}],"replies":[{"embeddable":true,"href":"https:\/\/dipicdev.ro\/hu\/wp-json\/wp\/v2\/comments?post=11411"}],"version-history":[{"count":2,"href":"https:\/\/dipicdev.ro\/hu\/wp-json\/wp\/v2\/pages\/11411\/revisions"}],"predecessor-version":[{"id":13245,"href":"https:\/\/dipicdev.ro\/hu\/wp-json\/wp\/v2\/pages\/11411\/revisions\/13245"}],"up":[{"embeddable":true,"href":"https:\/\/dipicdev.ro\/hu\/wp-json\/wp\/v2\/pages\/11427"}],"wp:attachment":[{"href":"https:\/\/dipicdev.ro\/hu\/wp-json\/wp\/v2\/media?parent=11411"}],"curies":[{"name":"wp","href":"https:\/\/api.w.org\/{rel}","templated":true}]}}