{"id":11408,"date":"2016-05-10T20:41:59","date_gmt":"2016-05-10T17:41:59","guid":{"rendered":"https:\/\/dipicdev.ro\/sectia-clinica-medicina-interna-i-2\/"},"modified":"2016-05-10T20:41:59","modified_gmt":"2016-05-10T17:41:59","slug":"sectia-clinica-medicina-interna-i-2","status":"publish","type":"page","link":"https:\/\/dipicdev.ro\/hu\/servicii-medicale\/sectiile-spitalului\/sectia-clinica-medicina-interna-i-2\/","title":{"rendered":"Sec\u021bia Clinic\u0103 Medicin\u0103 Intern\u0103 II"},"content":{"rendered":"","protected":false},"excerpt":{"rendered":"","protected":false},"author":4,"featured_media":0,"parent":11414,"menu_order":100,"comment_status":"closed","ping_status":"closed","template":"template-parent.php","meta":{"_acf_changed":false,"footnotes":""},"class_list":["post-11408","page","type-page","status-publish","hentry"],"acf":[],"_links":{"self":[{"href":"https:\/\/dipicdev.ro\/hu\/wp-json\/wp\/v2\/pages\/11408","targetHints":{"allow":["GET"]}}],"collection":[{"href":"https:\/\/dipicdev.ro\/hu\/wp-json\/wp\/v2\/pages"}],"about":[{"href":"https:\/\/dipicdev.ro\/hu\/wp-json\/wp\/v2\/types\/page"}],"author":[{"embeddable":true,"href":"https:\/\/dipicdev.ro\/hu\/wp-json\/wp\/v2\/users\/4"}],"replies":[{"embeddable":true,"href":"https:\/\/dipicdev.ro\/hu\/wp-json\/wp\/v2\/comments?post=11408"}],"version-history":[{"count":0,"href":"https:\/\/dipicdev.ro\/hu\/wp-json\/wp\/v2\/pages\/11408\/revisions"}],"up":[{"embeddable":true,"href":"https:\/\/dipicdev.ro\/hu\/wp-json\/wp\/v2\/pages\/11414"}],"wp:attachment":[{"href":"https:\/\/dipicdev.ro\/hu\/wp-json\/wp\/v2\/media?parent=11408"}],"curies":[{"name":"wp","href":"https:\/\/api.w.org\/{rel}","templated":true}]}}