{"id":11347,"date":"2016-05-11T00:27:58","date_gmt":"2016-05-10T21:27:58","guid":{"rendered":"https:\/\/dipicdev.ro\/specializari-si-competente\/"},"modified":"2016-05-11T00:27:58","modified_gmt":"2016-05-10T21:27:58","slug":"specializari-si-competente","status":"publish","type":"page","link":"https:\/\/dipicdev.ro\/hu\/servicii-medicale\/sectiile-spitalului\/specializari-si-competente\/","title":{"rendered":"Specializ\u0103ri"},"content":{"rendered":"<h3><strong>SPECIALIZ\u0102RI<\/strong><\/h3>\n<table border=\"0\" cellspacing=\"2\" cellpadding=\"2\" align=\"center\">\n<tbody>\n<tr>\n<td>1<\/td>\n<td>Chirurgie artroscopic\u00e3<\/td>\n<\/tr>\n<tr>\n<td>2<\/td>\n<td>Chirurgie endoscopic\u00e3 O.R.L.<\/td>\n<\/tr>\n<tr>\n<td>3<\/td>\n<td>Chirurgie laparoscopic\u00e3 &#8211; nivelul I<\/td>\n<\/tr>\n<tr>\n<td>4<\/td>\n<td>Chirurgie laparoscopic\u00e3 &#8211; nivelul II<\/td>\n<\/tr>\n<tr>\n<td>5<\/td>\n<td>Chirurgie laparoscopic\u00e3 ginecologic\u00e3<\/td>\n<\/tr>\n<tr>\n<td>6<\/td>\n<td>Chirurgie spinal\u00e3<\/td>\n<\/tr>\n<tr>\n<td>7<\/td>\n<td>Chirurgie Toracoscopic\u00e3<\/td>\n<\/tr>\n<tr>\n<td>8<\/td>\n<td>Colposcopie<\/td>\n<\/tr>\n<tr>\n<td>9<\/td>\n<td>Ecocardiografie general\u00e3<\/td>\n<\/tr>\n<tr>\n<td>10<\/td>\n<td>Ecocardiografie transesofagian\u00e3<\/td>\n<\/tr>\n<tr>\n<td>11<\/td>\n<td>Ecografie endocrin\u00e3<\/td>\n<\/tr>\n<tr>\n<td>12<\/td>\n<td>Ecografie vascular\u00e3<\/td>\n<\/tr>\n<tr>\n<td>13<\/td>\n<td>EEG<\/td>\n<\/tr>\n<tr>\n<td>14<\/td>\n<td>EMG<\/td>\n<\/tr>\n<tr>\n<td>15<\/td>\n<td>Endoscopie bron\u0219ic\u00e3<\/td>\n<\/tr>\n<tr>\n<td>16<\/td>\n<td>Endoscopie digestiv\u00e3<\/td>\n<\/tr>\n<tr>\n<td>17<\/td>\n<td>Endoscopie digestiv\u00e3 pediatric\u00e3<\/td>\n<\/tr>\n<tr>\n<td>18<\/td>\n<td>Endoscopie digestiv\u00e3 terapeutic\u00e3<\/td>\n<\/tr>\n<tr>\n<td>19<\/td>\n<td>Histeroscopie<\/td>\n<\/tr>\n<tr>\n<td>20<\/td>\n<td>I.R.M.<\/td>\n<\/tr>\n<tr>\n<td>21<\/td>\n<td>\u00cengrijiri paliative<\/td>\n<\/tr>\n<tr>\n<td>22<\/td>\n<td>Laser \u00een O.R.L.<\/td>\n<\/tr>\n<tr>\n<td>23<\/td>\n<td>Managementul serviciilor de s\u00e3n\u00e3tate<\/td>\n<\/tr>\n<tr>\n<td>24<\/td>\n<td>Medicin\u00e3 de \u00eentreprindere<\/td>\n<\/tr>\n<tr>\n<td>25<\/td>\n<td>Parazitologie clinic\u00e3<\/td>\n<\/tr>\n<tr>\n<td>26<\/td>\n<td>PEC<\/td>\n<\/tr>\n<tr>\n<td>27<\/td>\n<td>Planificare familial\u00e3<\/td>\n<\/tr>\n<tr>\n<td>28<\/td>\n<td>Senologie imagistic\u00e3<\/td>\n<\/tr>\n<tr>\n<td>29<\/td>\n<td>Terapia durerii<\/td>\n<\/tr>\n<tr>\n<td>30<\/td>\n<td>Tomografie computerizat\u00e3<\/td>\n<\/tr>\n<tr>\n<td>31<\/td>\n<td>Tratamentul infertilit\u00e3\u021bii cuplului \u0219i reproducerea uman\u00e3 asistat\u00e3<\/td>\n<\/tr>\n<tr>\n<td>32<\/td>\n<td>Ultrasonografie Doppler cerebral\u00e3<\/td>\n<\/tr>\n<tr>\n<td>33<\/td>\n<td>Ultrasonografie general\u00e3 nivelul I<\/td>\n<\/tr>\n<tr>\n<td>34<\/td>\n<td>Ultrasonografie general\u00e3 nivelul II<\/td>\n<\/tr>\n<tr>\n<td>35<\/td>\n<td>Ultrasonografie obstetrical\u00e3 \u0219i ginecologic\u00e3, nivelul I<\/td>\n<\/tr>\n<tr>\n<td>36<\/td>\n<td>Ultrasonografie obstetrical\u00e3 \u0219i ginecologic\u00e3, nivelul II<\/td>\n<\/tr>\n<tr>\n<td>37<\/td>\n<td>Urgen\u021be medico-chirurgicale<\/td>\n<\/tr>\n<\/tbody>\n<\/table>\n","protected":false},"excerpt":{"rendered":"<p>SPECIALIZ\u0102RI 1 Chirurgie artroscopic\u00e3 2 Chirurgie endoscopic\u00e3 O.R.L. 3 Chirurgie laparoscopic\u00e3 &#8211; nivelul I 4 Chirurgie laparoscopic\u00e3 &#8211; nivelul II 5 Chirurgie laparoscopic\u00e3 ginecologic\u00e3 6 Chirurgie spinal\u00e3 7 Chirurgie Toracoscopic\u00e3 8 Colposcopie 9 Ecocardiografie general\u00e3 10 Ecocardiografie transesofagian\u00e3 11 Ecografie endocrin\u00e3 12 Ecografie vascular\u00e3 13 EEG 14 EMG 15 Endoscopie bron\u0219ic\u00e3 16 Endoscopie digestiv\u00e3 17 [&hellip;]<\/p>\n","protected":false},"author":4,"featured_media":0,"parent":11414,"menu_order":160,"comment_status":"closed","ping_status":"closed","template":"","meta":{"_acf_changed":false,"footnotes":""},"class_list":["post-11347","page","type-page","status-publish","hentry"],"acf":[],"_links":{"self":[{"href":"https:\/\/dipicdev.ro\/hu\/wp-json\/wp\/v2\/pages\/11347","targetHints":{"allow":["GET"]}}],"collection":[{"href":"https:\/\/dipicdev.ro\/hu\/wp-json\/wp\/v2\/pages"}],"about":[{"href":"https:\/\/dipicdev.ro\/hu\/wp-json\/wp\/v2\/types\/page"}],"author":[{"embeddable":true,"href":"https:\/\/dipicdev.ro\/hu\/wp-json\/wp\/v2\/users\/4"}],"replies":[{"embeddable":true,"href":"https:\/\/dipicdev.ro\/hu\/wp-json\/wp\/v2\/comments?post=11347"}],"version-history":[{"count":0,"href":"https:\/\/dipicdev.ro\/hu\/wp-json\/wp\/v2\/pages\/11347\/revisions"}],"up":[{"embeddable":true,"href":"https:\/\/dipicdev.ro\/hu\/wp-json\/wp\/v2\/pages\/11414"}],"wp:attachment":[{"href":"https:\/\/dipicdev.ro\/hu\/wp-json\/wp\/v2\/media?parent=11347"}],"curies":[{"name":"wp","href":"https:\/\/api.w.org\/{rel}","templated":true}]}}