{"id":11335,"date":"2016-05-11T00:42:54","date_gmt":"2016-05-10T21:42:54","guid":{"rendered":"https:\/\/dipicdev.ro\/upu-smurd\/"},"modified":"2016-05-11T00:42:54","modified_gmt":"2016-05-10T21:42:54","slug":"upu-smurd","status":"publish","type":"page","link":"https:\/\/dipicdev.ro\/hu\/servicii-medicale\/upu-smurd\/","title":{"rendered":"UPU SMURD"},"content":{"rendered":"<h3><strong>UPU SMURD<\/strong><\/h3>\n<p>\u00cencep\u00e2nd cu anul 2012,\u00a0<strong>UPU-SMURD<\/strong>\u00a0care func\u021bioneaz\u0103 \u00een cadrul spitalului nostru \u00ee\u0219i desf\u0103\u0219oar\u0103 activitatea \u00eentr-o nou\u0103 loca\u021bie la parterul Spitalului Clinic Jude\u021bean de Urgen\u021b\u0103 Tg. Mure\u0219 \u0219i este\u00a0<strong>cea mai modern\u0103 unitate de primiri urgen\u021be<\/strong>\u00a0din \u021bar\u0103, fiind dotat cu aparatur\u0103 \u0219i echipamente medicale de ultim\u0103 genera\u021bie, care contribuie la efectuarea unui act medical de urgen\u021b\u0103 de cea mai \u00eenalt\u0103 calitate. Totodat\u0103 trebuie men\u021bionat c\u0103, prin includerea activit\u0103\u021bilor specific SMURD \u00een structura \u0219i activitatea curent\u0103 a UPU din cadrul spitalului nostru, aceasta a primit un caracter specific \u0219i un plus de competen\u021b\u0103, contribuind la complexitatea actului medical de urgen\u021b\u0103 desf\u0103\u0219urat \u00een cadrul spitalului nostru.<\/p>\n<p>Un alt aspect care trebuie men\u021bionat este c\u0103 \u00eentre Spitalul Clinic Jude\u021bean de Urgen\u021b\u0103 Tg. Mure\u0219 \u0219i Inspectoratul pentru Situa\u021bii de Urgen\u021b\u0103 \u201cHOREA\u201d al Jude\u021bului Mure\u0219 exist\u0103 o permanent colaborare \u00een desf\u0103\u0219urarea activit\u0103\u021bii de acordare a asisten\u021bei medicale de urgen\u021b\u0103 la fa\u021ba locului, de preluare a pacientului \u0219i de transport la UPU al spitalului, colaborarea dintre cele dou\u0103 institu\u021bii baz\u00e2ndu-se pe protocoale \u0219i acorduri de colaborare.<\/p>\n<p>Astfel, \u00eencep\u00e2nd cu 16.12.2015 \u00een structura UPU \u2013 SMURD a fost inclus Centrul Na\u021bional de Formare \u00een Asisten\u0163\u0103 Medical\u0103 de Urgen\u0163\u0103 \u00een Coordonarea Accidentelor cu Multiple Victime care a fost amenajat \u00een cadrul cl\u0103dirii unde a func\u0163ionat anterior Unitatea de Primiri Urgen\u0163e SMURD Tg. Mure\u015f.<\/p>\n<h5 style=\"text-align: center;\">Pagina de internet proprie se poate vizita <a href=\"http:\/\/smurd.ro\/\" rel=\"nofollow noopener\" target=\"_blank\">aici.<\/a><\/h5>\n<p>&nbsp;<\/p>\n","protected":false},"excerpt":{"rendered":"<p>UPU SMURD \u00cencep\u00e2nd cu anul 2012,\u00a0UPU-SMURD\u00a0care func\u021bioneaz\u0103 \u00een cadrul spitalului nostru \u00ee\u0219i desf\u0103\u0219oar\u0103 activitatea \u00eentr-o nou\u0103 loca\u021bie la parterul Spitalului Clinic Jude\u021bean de Urgen\u021b\u0103 Tg. Mure\u0219 \u0219i este\u00a0cea mai modern\u0103 unitate de primiri urgen\u021be\u00a0din \u021bar\u0103, fiind dotat cu aparatur\u0103 \u0219i echipamente medicale de ultim\u0103 genera\u021bie, care contribuie la efectuarea unui act medical de urgen\u021b\u0103 de [&hellip;]<\/p>\n","protected":false},"author":4,"featured_media":0,"parent":11442,"menu_order":83,"comment_status":"closed","ping_status":"closed","template":"template-parent.php","meta":{"_acf_changed":false,"footnotes":""},"class_list":["post-11335","page","type-page","status-publish","hentry"],"acf":[],"_links":{"self":[{"href":"https:\/\/dipicdev.ro\/hu\/wp-json\/wp\/v2\/pages\/11335","targetHints":{"allow":["GET"]}}],"collection":[{"href":"https:\/\/dipicdev.ro\/hu\/wp-json\/wp\/v2\/pages"}],"about":[{"href":"https:\/\/dipicdev.ro\/hu\/wp-json\/wp\/v2\/types\/page"}],"author":[{"embeddable":true,"href":"https:\/\/dipicdev.ro\/hu\/wp-json\/wp\/v2\/users\/4"}],"replies":[{"embeddable":true,"href":"https:\/\/dipicdev.ro\/hu\/wp-json\/wp\/v2\/comments?post=11335"}],"version-history":[{"count":0,"href":"https:\/\/dipicdev.ro\/hu\/wp-json\/wp\/v2\/pages\/11335\/revisions"}],"up":[{"embeddable":true,"href":"https:\/\/dipicdev.ro\/hu\/wp-json\/wp\/v2\/pages\/11442"}],"wp:attachment":[{"href":"https:\/\/dipicdev.ro\/hu\/wp-json\/wp\/v2\/media?parent=11335"}],"curies":[{"name":"wp","href":"https:\/\/api.w.org\/{rel}","templated":true}]}}