{"id":11333,"date":"2016-05-11T00:43:15","date_gmt":"2016-05-10T21:43:15","guid":{"rendered":"https:\/\/dipicdev.ro\/medici-rezidenti\/"},"modified":"2024-05-17T10:13:12","modified_gmt":"2024-05-17T07:13:12","slug":"medici-rezidenti","status":"publish","type":"page","link":"https:\/\/dipicdev.ro\/hu\/servicii-medicale\/medici-rezidenti\/","title":{"rendered":"Medici Reziden\u021bi"},"content":{"rendered":"<p><strong><a href=\"https:\/\/dipicdev.ro\/wp-content\/uploads\/2018\/11\/info-medici-rezidenti.pdf\" target=\"_blank\" rel=\"noopener noreferrer\">Anun\u0163<\/a> \u00een aten\u0163ia medicilor reziden\u0163i<\/strong>\u00a0care urmeaz\u0103 a fi <strong>\u00eencadra\u021bi<\/strong> la Spitalul Clinic Jude\u021bean de Urgen\u021b\u0103 T\u00e2rgu Mure\u0219 (26.11.2018 &#8211; 07.12.2018)<\/p>\n<p><strong><a href=\"https:\/\/dipicdev.ro\/wp-content\/uploads\/2018\/08\/Anunt-acte-medici-detasati.pdf\" target=\"_blank\" rel=\"noopener noreferrer\">Anun\u021b<\/a>\u00a0\u00een aten\u0163ia medicilor reziden\u0163i<\/strong> care urmeaz\u0103 a fi <strong>deta\u015fa\u0163i<\/strong> de la Spitalul Clinic Jude\u021bean de Urgen\u021b\u0103 Tg.Mure\u0219 \u00een alte centre universitare.<\/p>\n<h3><\/h3>\n","protected":false},"excerpt":{"rendered":"<p>Anun\u0163 \u00een aten\u0163ia medicilor reziden\u0163i\u00a0care urmeaz\u0103 a fi \u00eencadra\u021bi la Spitalul Clinic Jude\u021bean de Urgen\u021b\u0103 T\u00e2rgu Mure\u0219 (26.11.2018 &#8211; 07.12.2018) Anun\u021b\u00a0\u00een aten\u0163ia medicilor reziden\u0163i care urmeaz\u0103 a fi deta\u015fa\u0163i de la Spitalul Clinic Jude\u021bean de Urgen\u021b\u0103 Tg.Mure\u0219 \u00een alte centre universitare.<\/p>\n","protected":false},"author":4,"featured_media":0,"parent":11442,"menu_order":90,"comment_status":"closed","ping_status":"closed","template":"","meta":{"_acf_changed":false,"footnotes":""},"class_list":["post-11333","page","type-page","status-publish","hentry"],"acf":[],"_links":{"self":[{"href":"https:\/\/dipicdev.ro\/hu\/wp-json\/wp\/v2\/pages\/11333","targetHints":{"allow":["GET"]}}],"collection":[{"href":"https:\/\/dipicdev.ro\/hu\/wp-json\/wp\/v2\/pages"}],"about":[{"href":"https:\/\/dipicdev.ro\/hu\/wp-json\/wp\/v2\/types\/page"}],"author":[{"embeddable":true,"href":"https:\/\/dipicdev.ro\/hu\/wp-json\/wp\/v2\/users\/4"}],"replies":[{"embeddable":true,"href":"https:\/\/dipicdev.ro\/hu\/wp-json\/wp\/v2\/comments?post=11333"}],"version-history":[{"count":4,"href":"https:\/\/dipicdev.ro\/hu\/wp-json\/wp\/v2\/pages\/11333\/revisions"}],"predecessor-version":[{"id":36970,"href":"https:\/\/dipicdev.ro\/hu\/wp-json\/wp\/v2\/pages\/11333\/revisions\/36970"}],"up":[{"embeddable":true,"href":"https:\/\/dipicdev.ro\/hu\/wp-json\/wp\/v2\/pages\/11442"}],"wp:attachment":[{"href":"https:\/\/dipicdev.ro\/hu\/wp-json\/wp\/v2\/media?parent=11333"}],"curies":[{"name":"wp","href":"https:\/\/api.w.org\/{rel}","templated":true}]}}