{"id":11221,"date":"2016-05-11T22:57:47","date_gmt":"2016-05-11T19:57:47","guid":{"rendered":"https:\/\/dipicdev.ro\/testimoniale\/"},"modified":"2016-05-11T22:57:47","modified_gmt":"2016-05-11T19:57:47","slug":"testimoniale","status":"publish","type":"page","link":"https:\/\/dipicdev.ro\/hu\/birou-de-presa\/testimoniale\/","title":{"rendered":"Testimoniale"},"content":{"rendered":"<h3><strong>Testimoniale<\/strong><\/h3>\n<p><a href=\"https:\/\/dipicdev.ro\/wp-content\/uploads\/2018\/04\/SCRISOARE-DE-MULTUMIRE-25.04.2018.pdf\" target=\"_blank\" rel=\"noopener\">Scrisoare de mul\u0163umire<\/a> de la D-na Lumini\u021ba Cotfas\u0103, adresat\u0103 echipei manageriale \u0219i \u00een special colectivului Clinicii de Ortopedie-Traumatologie\u00a0din cadrul SCJU\u00a0Tg. Mure\u0219.<\/p>\n<p><a href=\"https:\/\/dipicdev.ro\/wp-content\/uploads\/2018\/03\/Multumiri-adresate-medicilor-din-cadrul-SCJU-Targu-Mures.pdf\" target=\"_blank\" rel=\"noopener\">Scrisoare de mul\u021bumire<\/a> de la D-na Veteleanu Lumini\u0163a adresat\u0103 medicilor Dr. Gulian Andrei, Dr. Acs Janos \u015fi Dr. Neme\u015f Ioan precum \u015fi echipelor acestora din cadrul SCJU\u00a0Tg. Mure\u0219.<\/p>\n<p><a href=\"https:\/\/dipicdev.ro\/wp-content\/uploads\/2016\/05\/Multumiri-colectiv-ortopedie.pdf\" target=\"_blank\" rel=\"noopener noreferrer\">Scrisoare de mul\u021bumire<\/a> de la Fam. Mih\u0103ilescu Florin Remus adresat\u0103 colectivului Clinicii de Ortopedie Traumatologie din cadrul SCJU\u00a0Tg. Mure\u0219.<\/p>\n<p><a href=\"https:\/\/dipicdev.ro\/wp-content\/uploads\/2016\/05\/Multumiri_pacient-Israel.pdf\" target=\"_blank\" rel=\"noopener noreferrer\">Scrisoare de mul\u021bumire<\/a> de la Dl. Yosef Emanuel din Israel adresat\u0103 \u00eentreg personalului medical din cadrul SCJU Tg. Mure\u0219.<\/p>\n<p><a href=\"https:\/\/dipicdev.ro\/wp-content\/uploads\/2016\/05\/Multumiri_Demeter_Ioan.pdf\" target=\"_blank\" rel=\"noopener noreferrer\">Scrisoare de mul\u021bumire<\/a> de la Dl. Demeter Ioan, adresat\u0103 colectivului Compatrtimentului de Chirurgie Plastic\u0103 \u0219i Microchirurgie Reconstructiv\u0103 din cadrul SCJU Tg. Mure\u0219.<\/p>\n<p><a href=\"http:\/\/spitjudms.ro\/_files\/Documente\/TESTIMONIAL2.pdf\" target=\"_blank\" rel=\"noopener noreferrer nofollow\">Scrisoare de multumire<\/a> de la mai multi pacienti care au beneficiat de implant cohlear la Clinica O.R.L. din cadrul SCJU Targu-Mures.<\/p>\n<p><a href=\"http:\/\/spitjudms.ro\/_files\/scrisoare_de_multumire.pdf\" target=\"_blank\" rel=\"noopener noreferrer nofollow\">Scrisoare de multumire<\/a> de la Dl. Bancila Marian din judetul Vrancea, adresata colectivului Clinicii de Pediatrie din cadrul SCJU Targu-Mures.<\/p>\n<p><a href=\"https:\/\/dipicdev.ro\/wp-content\/uploads\/2016\/05\/Scrisoare-de-multumire.pdf\" target=\"_blank\" rel=\"noopener noreferrer\">Scrisoare de mul\u0163umire<\/a> de la Inspectoratul Jude\u0163ean de Poli\u0163ie Bistri\u0163a-N\u0103s\u0103ud, adresat\u0103 echipei manageriale, colectivului Clinicii de Ortopedie-Traumatologie \u015fi al Compartimentului de Chirurgie Plastic\u0103 \u015fi Microchirurgie Reconstructiv\u0103.<\/p>\n","protected":false},"excerpt":{"rendered":"<p>Testimoniale Scrisoare de mul\u0163umire de la D-na Lumini\u021ba Cotfas\u0103, adresat\u0103 echipei manageriale \u0219i \u00een special colectivului Clinicii de Ortopedie-Traumatologie\u00a0din cadrul SCJU\u00a0Tg. Mure\u0219. Scrisoare de mul\u021bumire de la D-na Veteleanu Lumini\u0163a adresat\u0103 medicilor Dr. Gulian Andrei, Dr. Acs Janos \u015fi Dr. Neme\u015f Ioan precum \u015fi echipelor acestora din cadrul SCJU\u00a0Tg. Mure\u0219. Scrisoare de mul\u021bumire de la [&hellip;]<\/p>\n","protected":false},"author":4,"featured_media":0,"parent":11444,"menu_order":0,"comment_status":"closed","ping_status":"closed","template":"","meta":{"_acf_changed":false,"footnotes":""},"class_list":["post-11221","page","type-page","status-publish","hentry"],"acf":[],"_links":{"self":[{"href":"https:\/\/dipicdev.ro\/hu\/wp-json\/wp\/v2\/pages\/11221","targetHints":{"allow":["GET"]}}],"collection":[{"href":"https:\/\/dipicdev.ro\/hu\/wp-json\/wp\/v2\/pages"}],"about":[{"href":"https:\/\/dipicdev.ro\/hu\/wp-json\/wp\/v2\/types\/page"}],"author":[{"embeddable":true,"href":"https:\/\/dipicdev.ro\/hu\/wp-json\/wp\/v2\/users\/4"}],"replies":[{"embeddable":true,"href":"https:\/\/dipicdev.ro\/hu\/wp-json\/wp\/v2\/comments?post=11221"}],"version-history":[{"count":0,"href":"https:\/\/dipicdev.ro\/hu\/wp-json\/wp\/v2\/pages\/11221\/revisions"}],"up":[{"embeddable":true,"href":"https:\/\/dipicdev.ro\/hu\/wp-json\/wp\/v2\/pages\/11444"}],"wp:attachment":[{"href":"https:\/\/dipicdev.ro\/hu\/wp-json\/wp\/v2\/media?parent=11221"}],"curies":[{"name":"wp","href":"https:\/\/api.w.org\/{rel}","templated":true}]}}