{"id":11208,"date":"2016-05-11T23:03:35","date_gmt":"2016-05-11T20:03:35","guid":{"rendered":"https:\/\/dipicdev.ro\/furnizori-de-ingrijiri-medicale-la-domiciliu\/"},"modified":"2016-05-11T23:03:35","modified_gmt":"2016-05-11T20:03:35","slug":"furnizori-de-ingrijiri-medicale-la-domiciliu","status":"publish","type":"page","link":"https:\/\/dipicdev.ro\/hu\/pagina-pacientului\/furnizori-de-ingrijiri-medicale-la-domiciliu\/","title":{"rendered":"Furnizori de \u00eengrijiri medicale la domiciliu"},"content":{"rendered":"<h3>LISTA FURNIZORILOR DE \u00ceNGRIJIRI MEDICALE LA DOMICILIU AFLA\u021aI \u00ceN RELA\u021aII CONTRACTUALE<br \/>\nCU CASA DE ASIGUR\u0102RI DE S\u0102N\u0102TATE MURE\u0218 \u00ceNCEP\u00c2ND CU DATA DE 01.04.2017<\/h3>\n<table width=\"1049\">\n<tbody>\n<tr>\n<td width=\"39\"><strong>Nr.<\/strong><\/p>\n<p><strong>crt.<\/strong><\/td>\n<td width=\"471\"><strong>Denumire Furnizor<\/strong><\/td>\n<td width=\"425\"><strong>Sediu Social<\/strong><\/td>\n<td width=\"113\"><strong>Telefon Fax<\/strong><\/td>\n<\/tr>\n<tr>\n<td width=\"39\">1<\/td>\n<td width=\"471\"><strong>ASOCIA\u021aIA CARITAS ALBA-IULIA ASISTEN\u021a\u0102 MEDICAL\u0102 \u0218I SOCIAL\u0102<\/strong><\/td>\n<td width=\"425\">Tg. Mure\u0219, str. Prieteniei, nr. 8\/2, jude\u021bul Mure\u0219<\/td>\n<td width=\"113\">0265-246804<\/p>\n<p>0728-289398<\/td>\n<\/tr>\n<tr>\n<td width=\"39\">2<\/td>\n<td width=\"471\"><strong>S.C. ASIDOR S.R.L<\/strong><\/td>\n<td width=\"425\">Sighi\u0219oara, str. Andrei \u0218aguna, nr. 8A, jude\u021bul Mure\u0219<\/td>\n<td width=\"113\">0744-306444<\/p>\n<p>0745\/109218<\/td>\n<\/tr>\n<tr>\n<td width=\"39\">3<\/td>\n<td width=\"471\"><strong>ASOCIA\u021aIA CARITAS MITROPOLITAN T\u00c2RN\u0102VENI<\/strong><\/td>\n<td width=\"425\">T\u00e2rn\u0103veni, str. Armatei, nr. 68, jude\u021bul Mure\u0219<\/td>\n<td width=\"113\">0265-446243<\/p>\n<p>0730\/588329<\/td>\n<\/tr>\n<tr>\n<td width=\"39\">4<\/td>\n<td width=\"471\"><strong>FUNDA\u021aIA RHEUM-CARE<\/strong><\/td>\n<td width=\"425\">Tg. Mure\u0219, str. P. Chinezu, nr.10, jude\u021bul Mure\u0219<\/td>\n<td width=\"113\">0265-250793<\/p>\n<p>0740-157680<\/td>\n<\/tr>\n<tr>\n<td width=\"39\">5<\/td>\n<td width=\"471\"><strong>S.C. IREN S.R.L<\/strong><\/p>\n<p><strong>\u00a0<\/strong><\/td>\n<td width=\"425\">Ludu\u0219, str. B-dul 1 Decembrie 1918, nr. 30, jude\u021bul Mure\u0219<\/td>\n<td width=\"113\">0744-764538<\/td>\n<\/tr>\n<tr>\n<td width=\"39\">6<\/td>\n<td width=\"471\"><strong>FUNDA\u021aIA CRE\u0218TIN\u0102 DIAKONIA REGHIN<\/strong><\/td>\n<td width=\"425\">Reghin, str. Oltului, nr. 69, jude\u021bul Mure\u0219<\/td>\n<td width=\"113\">0374-011113<\/p>\n<p>0758-059400<\/td>\n<\/tr>\n<tr>\n<td width=\"39\">7<\/td>\n<td width=\"471\"><strong>FUNDA\u021aIA MEDICARE<\/strong><\/td>\n<td width=\"425\">Tg. Mure\u015f, str. A. Corni\u0219a, nr. 23, jude\u021bul Mure\u0219<\/td>\n<td width=\"113\">0265-212623<\/p>\n<p>0731-302881<\/td>\n<\/tr>\n<tr>\n<td width=\"39\">8<\/td>\n<td width=\"471\"><strong>SPITALUL CLINIC JUDE\u021aEAN MURE\u0218<\/strong><\/p>\n<p><strong>\u00a0<\/strong><\/td>\n<td width=\"425\">Tg. Mure\u0219, str. Bernady Gyorgy, nr. 6, jude\u021bul Mure\u0219<\/td>\n<td width=\"113\">0265-230000<\/td>\n<\/tr>\n<tr>\n<td width=\"39\">9<\/td>\n<td width=\"471\"><strong>S.C SAMKOV MED S.R.L<\/strong><\/p>\n<p><strong>\u00a0<\/strong><\/td>\n<td width=\"425\">Tg. Mure\u0219, str. Transilvania, nr. 20, jude\u021bul Mure\u0219<\/td>\n<td width=\"113\">0741-986988<\/td>\n<\/tr>\n<tr>\n<td width=\"39\">10<\/td>\n<td width=\"471\"><strong>S.C MICO ASIST DOM S.R.L<\/strong><\/p>\n<p><strong>\u00a0<\/strong><\/td>\n<td width=\"425\">Sighi\u0219oara, str. Viilor, nr. 87, jude\u021bul Mure\u0219<\/td>\n<td width=\"113\">0757-309282<\/td>\n<\/tr>\n<tr>\n<td width=\"39\">11<\/td>\n<td width=\"471\"><strong>FUNDA\u021aIA KINOFELIA<\/strong><\/p>\n<p><strong>\u00a0<\/strong><\/td>\n<td width=\"425\">Iernut, str. Horea, nr. 25, jude\u021bul Mure\u0219<\/td>\n<td width=\"113\">0756-455548<\/td>\n<\/tr>\n<tr>\n<td width=\"39\">12<\/td>\n<td width=\"471\"><strong>S.C CARDIOMED S.R.L<\/strong><\/p>\n<p><strong>\u00a0<\/strong><\/td>\n<td width=\"425\">Tg. Mure\u015f, str. 22 Decembrie 1989, nr. 76-78, jude\u021bul Mure\u0219<\/td>\n<td width=\"113\">0745-904812<\/td>\n<\/tr>\n<tr>\n<td width=\"39\">13<\/td>\n<td width=\"471\"><strong>S.C YOUR MED HELP S.R.L<\/strong><\/p>\n<p><strong>\u00a0<\/strong><\/td>\n<td width=\"425\">P\u0103net, nr. 739, jude\u021bul Mure\u0219<\/td>\n<td width=\"113\">0743-751910<\/td>\n<\/tr>\n<tr>\n<td width=\"39\">14<\/td>\n<td width=\"471\"><strong>PERSONAL LIFE MED S.R.L<\/strong><\/p>\n<p><strong>\u00a0<\/strong><\/td>\n<td width=\"425\">Tg. Mure\u0219, str. Doroban\u021bilor, nr. 35\/1, jude\u021bul Mure\u0219<\/td>\n<td width=\"113\">0743-960163<\/td>\n<\/tr>\n<tr>\n<td width=\"39\">15<\/td>\n<td width=\"471\"><strong>S.C \u00ceNGRIJIRI LA DOMICILIU S.R.L<\/strong><\/p>\n<p><strong>\u00a0<\/strong><\/td>\n<td width=\"425\">Tg. Mure\u0219,str. C.R. Vivu, \u00a0nr. D\/8, jude\u021bul Mure\u0219<\/td>\n<td width=\"113\">0756-394047<\/td>\n<\/tr>\n<tr>\n<td width=\"39\">16<\/td>\n<td width=\"471\"><strong>ASOCIA\u021aIA MARIMED \u00ceNGRIJIRI LA DOMICILIU<\/strong><\/p>\n<p><strong>\u00a0<\/strong><\/td>\n<td width=\"425\">R\u0103stoli\u021ba, nr. 166A, jude\u021bul Mure\u0219<\/td>\n<td width=\"113\">0748-148873<\/td>\n<\/tr>\n<tr>\n<td width=\"39\">17<\/td>\n<td width=\"471\"><strong>S.C SAMMED ASIST S.R.L<\/strong><\/p>\n<p><strong>\u00a0<\/strong><\/td>\n<td width=\"425\">Tg. Mure\u0219, str. Transilvania, nr. 20, jude\u021bul Mure\u0219<\/td>\n<td width=\"113\">0742-122322<\/td>\n<\/tr>\n<tr>\n<td width=\"39\">18<\/td>\n<td width=\"471\"><strong>S.C MAR-NOR-OLD CARE S.R.L<\/strong><\/td>\n<td width=\"425\">Tg. Mure\u0219, str. Armoniei, nr. 18, jude\u021bul Mure\u0219<\/td>\n<td width=\"113\">0756-104904<\/p>\n<p>0742-132170<\/td>\n<\/tr>\n<tr>\n<td width=\"39\">19<\/td>\n<td width=\"471\"><strong>S.C PENTRU OAMENI S.R.L<\/strong><\/p>\n<p><strong>\u00a0<\/strong><\/td>\n<td width=\"425\">S\u00e2ncraiu de Mure\u0219, str. Crizantemelor nr. 5, jude\u021bul Mure\u0219<\/td>\n<td width=\"113\">0743-105234<\/td>\n<\/tr>\n<tr>\n<td width=\"39\">20<\/td>\n<td width=\"471\"><strong>S.C \u00ceNGRIJIRI MEDICALE SIGHI\u0218OARA S.R.L<\/strong><\/p>\n<p><strong>\u00a0<\/strong><\/td>\n<td width=\"425\">Sighi\u0219oara, str. Viilor, nr. 109, jude\u021bul Mure\u0219<\/td>\n<td width=\"113\">0754-657848<\/td>\n<\/tr>\n<\/tbody>\n<\/table>\n","protected":false},"excerpt":{"rendered":"<p>LISTA FURNIZORILOR DE \u00ceNGRIJIRI MEDICALE LA DOMICILIU AFLA\u021aI \u00ceN RELA\u021aII CONTRACTUALE CU CASA DE ASIGUR\u0102RI DE S\u0102N\u0102TATE MURE\u0218 \u00ceNCEP\u00c2ND CU DATA DE 01.04.2017 Nr. crt. Denumire Furnizor Sediu Social Telefon Fax 1 ASOCIA\u021aIA CARITAS ALBA-IULIA ASISTEN\u021a\u0102 MEDICAL\u0102 \u0218I SOCIAL\u0102 Tg. Mure\u0219, str. Prieteniei, nr. 8\/2, jude\u021bul Mure\u0219 0265-246804 0728-289398 2 S.C. ASIDOR S.R.L Sighi\u0219oara, str. [&hellip;]<\/p>\n","protected":false},"author":4,"featured_media":0,"parent":11425,"menu_order":0,"comment_status":"closed","ping_status":"closed","template":"","meta":{"_acf_changed":false,"footnotes":""},"class_list":["post-11208","page","type-page","status-publish","hentry"],"acf":[],"_links":{"self":[{"href":"https:\/\/dipicdev.ro\/hu\/wp-json\/wp\/v2\/pages\/11208","targetHints":{"allow":["GET"]}}],"collection":[{"href":"https:\/\/dipicdev.ro\/hu\/wp-json\/wp\/v2\/pages"}],"about":[{"href":"https:\/\/dipicdev.ro\/hu\/wp-json\/wp\/v2\/types\/page"}],"author":[{"embeddable":true,"href":"https:\/\/dipicdev.ro\/hu\/wp-json\/wp\/v2\/users\/4"}],"replies":[{"embeddable":true,"href":"https:\/\/dipicdev.ro\/hu\/wp-json\/wp\/v2\/comments?post=11208"}],"version-history":[{"count":0,"href":"https:\/\/dipicdev.ro\/hu\/wp-json\/wp\/v2\/pages\/11208\/revisions"}],"up":[{"embeddable":true,"href":"https:\/\/dipicdev.ro\/hu\/wp-json\/wp\/v2\/pages\/11425"}],"wp:attachment":[{"href":"https:\/\/dipicdev.ro\/hu\/wp-json\/wp\/v2\/media?parent=11208"}],"curies":[{"name":"wp","href":"https:\/\/api.w.org\/{rel}","templated":true}]}}