{"id":11198,"date":"2016-05-12T16:52:29","date_gmt":"2016-05-12T13:52:29","guid":{"rendered":"https:\/\/dipicdev.ro\/despre-spital\/istoric-spital\/"},"modified":"2019-03-06T21:39:52","modified_gmt":"2019-03-06T19:39:52","slug":"istoric-spital","status":"publish","type":"page","link":"https:\/\/dipicdev.ro\/hu\/despre-noi\/istoric-spital\/","title":{"rendered":"T\u00f6rt\u00e9nelmi"},"content":{"rendered":"<p>A Marosv\u00e1s\u00e1rhelyi Megyei S\u00fcrg\u0151ss\u00e9gi K\u00f3rh\u00e1z t\u00f6rt\u00e9nete 1975-ben kezd\u0151dik, amikor a 141 \/ 1975. febru\u00e1r 22-i Miniszteri Tan\u00e1cshat\u00e1rozattal j\u00f3v\u00e1hagyj\u00e1k a \u201cMAROSV\u00c1S\u00c1RHELYI 1200 \u00c1GYAS KLINIKAI K\u00d3RH\u00c1Z \u00c9S POLIKLINIKA\u201d megnevez\u00e9s\u0171 \u00faj k\u00f3rh\u00e1z \u00e9p\u00edt\u00e9s\u00e9re vonatkoz\u00f3 m\u0171szaki-p\u00e9nz\u00fcgyi mutat\u00f3kat, az Orvosi \u00e9s Gy\u00f3gyszer\u00e9szeti Int\u00e9zet, a Cornesti erd\u0151 sz\u00e9le, a November 7 utca (jelenleg 1989 december 22) \u00e1ltal behat\u00e1rolt ter\u00fcleten, a megyei jog\u00fa v\u00e1ros \u00c9-K-i r\u00e9sz\u00e9n, Maros Megye N\u00e9ptan\u00e1csa \u00e9s a Maros megyei Eg\u00e9szs\u00e9g\u00fcgyi Igazgat\u00f3s\u00e1g megrendel\u00e9s\u00e9re, Emilian Machedon \u00e9p\u00edt\u00e9sz, vezet\u00e9s\u00e9vel.<br \/>\nAz \u00e9p\u00edtkez\u00e9si munk\u00e1latok 1975-ben kezd\u0151dtek el \u00e9s 1981-ben fejez\u0151dtek be. M\u0171k\u00f6dtet\u00e9se fokozatosan indult, \u00e9spedig:<br \/>\n&#8211; M\u0171szaki Szolg\u00e1lat &#8211; AJIRAM, 1981 m\u00e1rcius 20-\u00e1n, Igazgat\u00f3 Kiss Mihai, M\u0171szaki Oszt\u00e1lyf\u0151n\u00f6k Albert Alexandru f\u0151technikus<br \/>\n&#8211; Feln\u0151tt Poliklinika: Igazgat\u00f3: dr. Gy\u00f6rgy P\u00e1l, f\u0151asszisztens: Viorica Giurconiu<br \/>\n&#8211; Gyermekpoliklinika: Igazgat\u00f3 dr. Liszka Paul, f\u0151asszisztens Berekmeri Katalin<br \/>\n&#8211; Megyei K\u00f3rh\u00e1z: az els\u0151 m\u0171k\u00f6d\u0151 klinikai oszt\u00e1ly a Sz\u00fcl\u00e9szet- N\u0151gy\u00f3gy\u00e1szat volt, Prof. Dr. Boga Coloman vezet\u00e9se alatt, f\u0151asszisztens: Gabriela Tatar.<\/p>\n<p>1983 \u0151sz\u00e9n a k\u00f3rh\u00e1z teljes kapacit\u00e1ssal kezdett m\u0171k\u00f6dni, szeptember 23-\u00e1n hivatalosan \u00e1tadj\u00e1k Maros Megyei Klinikai K\u00f3rh\u00e1z megnevez\u00e9ssel, az els\u0151 igazgat\u00f3 Dr. Mircea Tarnavean, Maros megye Eg\u00e9szs\u00e9g\u00fcgyi Igazgat\u00f3s\u00e1g\u00e1nak aligazgat\u00f3ja \u00e9s az \u00faj k\u00f3rh\u00e1z vezet\u0151je.<\/p>\n<p>A k\u00f3rh\u00e1z alap\u00edt\u00e1s\u00e1hoz a maros megyei orvosi \u00e9let t\u00f6bb mark\u00e1ns szem\u00e9lyis\u00e9ge is hozz\u00e1j\u00e1rult, mint: Prof. Dr. Ioan Muntean &#8211; a Maros megyei Eg\u00e9szs\u00e9g\u00fcgyi Igazgat\u00f3s\u00e1g igazgat\u00f3ja, Dr. Trozner Francisc &#8211; a Maros megyei Eg\u00e9szs\u00e9g\u00fcgyi Igazgat\u00f3s\u00e1g aligazgat\u00f3ja, dr. Mirela Becus &#8211; a Maros megyei Eg\u00e9szs\u00e9g\u00fcgyi Igazgat\u00f3s\u00e1g igazgat\u00f3ja (1977 &#8211; 1990 k\u00f6z\u00f6tti id\u0151szakban), Prof. Dr. Puskas Gheorghe, Prof. Dr. Fenke Francisc, Prof. Dr. Kerestely Ioan, Prof. Dr. Cornel Dudea, \u00a0Prof. Dr. Mulfaly Vasile, Prof. Dr. Fodor Francisc, Dr. Emil C\u0103p\u00e2ln\u0103, Prof. Dr. Mody Eugen, Prof. Dr. Liviu Popoviciu, Prof. Dr. Gh. Emilian Bancu, Prof. Dr. Doczi Pall, Prof. Dr. Cornel Ciugudeanu, Prof. Dr. Berdj Asgian, Prof. Dr. Radu Deac.<\/p>\n<p>Az 1983 &#8211; 1995 k\u00f6z\u00f6tti id\u0151szakot k\u00f6vet\u0151en, a maros megyei k\u00f3rh\u00e1zi orvosl\u00e1s rohamosan kezd fejl\u0151dni, k\u00fcl\u00f6n\u00f6sk\u00e9ppen a Prof. Dr. Radu Deac \u00e1ltal vezetett sz\u00edvseb\u00e9szet, a Prof. Dr. Dorin Nicolescu \u00e9s Prof. Dr. Radu Boja \u00e1ltal vezetett urol\u00f3gia, a Dr. Gligore Dogaru egyetemi docens \u00e1ltal vezetett nefrol\u00f3giai oszt\u00e1ly specifikusan kiemelked\u0151 ter\u00fcletein.<\/p>\n<p>1991- ben m\u0171k\u00f6d\u00e9sbe l\u00e9p az els\u0151 sz\u00e1m\u00edt\u00f3g\u00e9pes vez\u00e9rl\u00e9s\u0171 tomogr\u00e1f, a Radiol\u00f3giai \u00e9s Orvosi Imagisztikai Laborat\u00f3rium vezet\u0151je Prof. Dr. Grigore Stanciu l\u00e9v\u00e9n, \u00e9s 2002-ben m\u0171k\u00f6d\u00e9sbe l\u00e9p a m\u00e1sodik tomogr\u00e1f \u00e9s az els\u0151 NMR (m\u00e1gneses magrezonancia).<\/p>\n<p>Az 508\/1999.07.19-i EMR \u00e9rtelm\u00e9ben a k\u00f3rh\u00e1z strukt\u00far\u00e1j\u00e1t kieg\u00e9sz\u00edtik a S\u00fcrg\u0151ss\u00e9gi Oszt\u00e1llyal, amely szakk\u00e9pzett s\u00fcrg\u0151ss\u00e9gi orvosi ell\u00e1t\u00e1st biztos\u00edt, f\u0151k\u00e9nt az orvosi-seb\u00e9szeti s\u00fcrg\u0151ss\u00e9gi esetekben.<\/p>\n<p>2003-t\u00f3l, a k\u00f3rh\u00e1z megv\u00e1ltoztatja a nev\u00e9t a 123\/2003.02.19-es Eg\u00e9szs\u00e9g\u00fcgyi \u00e9s Csal\u00e1d\u00fcgyi Miniszteri Rendelettel, \u00edgy kapja a \u201cMarosv\u00e1s\u00e1rhelyi Megyei S\u00fcrg\u0151ss\u00e9gi K\u00f3rh\u00e1z\u201d nevet, ez a megnevez\u00e9s a mai napig fennmaradt, a szervez\u00e9si strukt\u00far\u00e1t eg\u00e9szs\u00e9g\u00fcgyi miniszteri rendeletre t\u00f6bb rendben is m\u00f3dos\u00edtott\u00e1k.<\/p>\n","protected":false},"excerpt":{"rendered":"<p>A Marosv\u00e1s\u00e1rhelyi Megyei S\u00fcrg\u0151ss\u00e9gi K\u00f3rh\u00e1z t\u00f6rt\u00e9nete 1975-ben kezd\u0151dik, amikor a 141 \/ 1975. febru\u00e1r 22-i Miniszteri Tan\u00e1cshat\u00e1rozattal j\u00f3v\u00e1hagyj\u00e1k a \u201cMAROSV\u00c1S\u00c1RHELYI 1200 \u00c1GYAS KLINIKAI K\u00d3RH\u00c1Z \u00c9S POLIKLINIKA\u201d megnevez\u00e9s\u0171 \u00faj k\u00f3rh\u00e1z \u00e9p\u00edt\u00e9s\u00e9re vonatkoz\u00f3 m\u0171szaki-p\u00e9nz\u00fcgyi mutat\u00f3kat, az Orvosi \u00e9s Gy\u00f3gyszer\u00e9szeti Int\u00e9zet, a Cornesti erd\u0151 sz\u00e9le, a November 7 utca (jelenleg 1989 december 22) \u00e1ltal behat\u00e1rolt ter\u00fcleten, a megyei [&hellip;]<\/p>\n","protected":false},"author":4,"featured_media":0,"parent":10321,"menu_order":2,"comment_status":"closed","ping_status":"closed","template":"","meta":{"_acf_changed":false,"footnotes":""},"class_list":["post-11198","page","type-page","status-publish","hentry"],"acf":[],"_links":{"self":[{"href":"https:\/\/dipicdev.ro\/hu\/wp-json\/wp\/v2\/pages\/11198","targetHints":{"allow":["GET"]}}],"collection":[{"href":"https:\/\/dipicdev.ro\/hu\/wp-json\/wp\/v2\/pages"}],"about":[{"href":"https:\/\/dipicdev.ro\/hu\/wp-json\/wp\/v2\/types\/page"}],"author":[{"embeddable":true,"href":"https:\/\/dipicdev.ro\/hu\/wp-json\/wp\/v2\/users\/4"}],"replies":[{"embeddable":true,"href":"https:\/\/dipicdev.ro\/hu\/wp-json\/wp\/v2\/comments?post=11198"}],"version-history":[{"count":3,"href":"https:\/\/dipicdev.ro\/hu\/wp-json\/wp\/v2\/pages\/11198\/revisions"}],"predecessor-version":[{"id":14714,"href":"https:\/\/dipicdev.ro\/hu\/wp-json\/wp\/v2\/pages\/11198\/revisions\/14714"}],"up":[{"embeddable":true,"href":"https:\/\/dipicdev.ro\/hu\/wp-json\/wp\/v2\/pages\/10321"}],"wp:attachment":[{"href":"https:\/\/dipicdev.ro\/hu\/wp-json\/wp\/v2\/media?parent=11198"}],"curies":[{"name":"wp","href":"https:\/\/api.w.org\/{rel}","templated":true}]}}