{"id":11196,"date":"2016-05-12T16:53:38","date_gmt":"2016-05-12T13:53:38","guid":{"rendered":"https:\/\/dipicdev.ro\/despre-spital\/prezentare-generala\/"},"modified":"2019-01-03T20:58:51","modified_gmt":"2019-01-03T18:58:51","slug":"korhazunk-bemutatasa","status":"publish","type":"page","link":"https:\/\/dipicdev.ro\/hu\/despre-noi\/korhazunk-bemutatasa\/","title":{"rendered":"K\u00f3rh\u00e1zunk bemutat\u00e1sa"},"content":{"rendered":"<p><strong>A k\u00f3rh\u00e1z r\u00f6vid bemutat\u00e1sa<\/strong><\/p>\n<p>A Maros Megyei S\u00fcrg\u0151ss\u00e9gi K\u00f3rh\u00e1z Erd\u00e9ly egyik legnagyobb k\u00f6zeg\u00e9szs\u00e9g\u00fcgyi egys\u00e9ge, helyi, region\u00e1lis \u00e9s megyei \u00e9rdekelts\u00e9ggel, mely folyamatos orvosi ell\u00e1t\u00e1st biztosit. F\u00e9r\u0151helyek sz\u00e1ma: 1089 fekv\u0151beteg \u00e1gy ( 939 feln\u0151tt, 150 gyerek), 123 \u00e1gy egynapos befektet\u00e9sekre \u00e9s 12 \u00e1gy hozz\u00e1tartoz\u00f3knak.<br \/>\nEgys\u00e9g\u00fcnk az Eg\u00e9szs\u00e9g\u00fcgyi Miniszt\u00e9rium \u00e1ltal j\u00f3v\u00e1hagyott szervezeti strukt\u00fara alapj\u00e1n m\u0171k\u00f6dik ( 2013\/ 953 sz.rendelet ). A k\u00f3rh\u00e1z klinik\u00e1i n\u00e9gy helyen tal\u00e1lhatok meg a v\u00e1rosban: Gh Marinescu utca 50 sz\u00e1m, Gh Marinescu utca 34-es sz\u00e1m, Forradalom utca 33-35 sz\u00e1m alatt valamint az 1918-as December 1 Bulev\u00e1rdon 24 sz\u00e1m \u00e9s 40 sz\u00e1m alatt.<br \/>\nInt\u00e9zm\u00e9ny\u00fcnk jogilag az Eg\u00e9szs\u00e9g\u00fcgyi Miniszt\u00e9rium al\u00e1rendeltje, 1-es kateg\u00f3ri\u00e1j\u00fa k\u00f3rh\u00e1z \u2013 legmagasabb szint\u0171 ell\u00e1t\u00e1s biztositva ( 07.03.2013 \/ 310 sz\u00e1m\u00fa rendelet alapj\u00e1n). Oszt\u00e1lyoz\u00e1s melyet 2011 \/ 323 sz\u00e1m\u00fa rendelet alapj\u00e1n vezetek be. Eml\u00edt\u00e9sre melt\u00f3 a 2012-es \/ 1085-\u00f6s sz\u00e1m\u00fa eg\u00e9szs\u00e9g\u00fcgyi rendelete is, mi alapj\u00e1n int\u00e9zm\u00e9ny\u00fcnk a Marosv\u00e1s\u00e9rhelyi Sz\u00edv-\u00e9rrendszeri \u00e9s Transzplant\u00e1ci\u00f3s Int\u00e9zettel egy\u00fctt r\u00e9szt vesz a Maros Region\u00e1lis S\u00fcrg\u0151ss\u00e9gi Egys\u00e9gben.<br \/>\nSzervezeti szempontb\u00f3l eloszthat\u00f3 oszt\u00e1lyok strukt\u00far\u00e1ja valamint beteg\u00e1gy kapacit\u00e1s szerint. Strukt\u00fara alapj\u00e1n 57,43 % medik\u00e1lis \u00e9s 42,57% seb\u00e9szeti elfoglalts\u00e1g, beteg\u00e1gy kapacit\u00e1s szerint 59,28% medik\u00e1lis m\u00edg 40,72% sebesz\u00e9ti.<br \/>\nK\u00fcldet\u00e9s, elk\u00e9pzel\u00e9s, k\u00f6z\u00f6s elv<br \/>\nK\u00fcldet\u00e9s\u00fcnk: magas sz\u00ednvonal\u00fa, hat\u00e9kony, a betegek megel\u00e9gedetts\u00e9g\u00e9t biztos\u00edt\u00f3 j\u00e1r\u00f3- \u00e9s fekv\u0151beteg szolg\u00e1ltat\u00e1s ny\u00fajt\u00e1sa. Elk\u00f6telezetts\u00e9g\u00fcnk: legy\u00fcnk a legjobbak a jobb \u00e9lethez.<br \/>\nElk\u00e9pzel\u00e9s\u00fcnk: rangos region\u00e1lis k\u00f3rh\u00e1zz\u00e1 v\u00e1lni, legmodernebb orvosi felszerel\u00e9sekkel\/berendez\u00e9sekkel, legmagasabb sz\u00ednvonal\u00fa s\u00fcrg\u0151ss\u00e9gi ell\u00e1t\u00e1s, biztons\u00e1gos orvosi ell\u00e1t\u00e1s, n\u00f6velni a betegek \u00e9s alkalmazottak el\u00e9gedetts\u00e9g\u00e9t.<br \/>\nK\u00f6z\u00f6s elv\u00fcnk: eg\u00e9szs\u00e9g v\u00e9delmez\u00e9se , es\u00e9lyegyenl\u0151s\u00e9g, orvosi tev\u00e9kenys\u00e9g min\u0151s\u00e9g\u00e9nek \u00e9s biztons\u00e1g\u00e1nak megtart\u00e1sa, a s\u00fcrg\u0151ss\u00e9gi, ambul\u00e1ns \u00e9s k\u00f3rh\u00e1zi szolg\u00e1ltat\u00e1sok sz\u00e9les k\u00f6r\u0171 hozz\u00e1f\u00e9rhet\u0151s\u00e9g biztos\u00edt\u00e1sa, szakmai szakosit\u00e1sok magas sz\u00ednvonal\u00e1t biztositani \u00e9s \u00f6szt\u00f6n\u00f6zve azok folyamatos fejleszt\u00e9s\u00e9re.<br \/>\nOrvosi szolg\u00e1ltat\u00e1saink sz\u00e9les k\u00f6r\u0171ek, a diagnosztikai \u00e9s ter\u00e1pi\u00e1s elj\u00e1r\u00e1sokt\u00f3l az eg\u00e9szs\u00e9ges tan\u00e1csad\u00e1sig, betegs\u00e9g megel\u0151z\u00e9se valamint abb\u00f3l val\u00f3 fel\u00e9p\u00fcl\u00e9se, szoci\u00e1lis segits\u00e9gny\u00fajt\u00e1s. Azonban a k\u00f3rh\u00e1z els\u0151dleges tev\u00e9kenys\u00e9ge a s\u00fcrg\u0151ss\u00e9gi betegell\u00e1t\u00e1s.<br \/>\nInt\u00e9zm\u00e9ny\u00fcnk \u00e9vente egy\u00fcttm\u0171k\u00f6d\u00e9si szerz\u0151d\u00e9st k\u00f6t a Marosv\u00e1s\u00e9rhelyi Orvosi \u00e9s Gy\u00f3gyszer\u00e9szeti Egyetemmel, igy az orvosi tev\u00e9kenys\u00e9g egy\u00fctt j\u00e1r a didaktikus tev\u00e9kenys\u00e9ggel. C\u00e9lunk biztositani a j\u00f6v\u0151beli orvosok, \u00e1polok pontos gyakorlati szakmai k\u00e9pz\u00e9s\u00e9t.<\/p>\n<p>S\u00fcrg\u0151ss\u00e9gi Betegell\u00e1t\u00f3 \u00e9s Rohamment\u0151 Egys\u00e9g ( UPU-SMURD)<br \/>\nA marosv\u00e1s\u00e1rhelyi S\u00fcrg\u0151ss\u00e9gi Betegell\u00e1t\u00f3 \u00e9s Rohamment\u0151 Egys\u00e9g az orsz\u00e1g egyik legmodernebb v\u00e9szhelyzeti egys\u00e9ge, mely 2012-t\u0151l k\u00f3rh\u00e1zunk f\u00f6ldszint\u00e9n m\u0171k\u00f6dik, magas sz\u00ednvonal\u00fa s\u00fcrg\u0151ss\u00e9gi ell\u00e1t\u00e1st biztositva. Folyamatos egy\u00fcttm\u0171k\u00f6d\u00e9s folyik a Maros Megyei Horea S\u00fcrg\u0151ss\u00e9gi Fel\u00fcgyel\u0151s\u00e9ggel. Egy\u00fcttm\u0171k\u00f6d\u00e9s mely protokollokon alapul, biztositva a helysz\u00edni s\u00fcrg\u0151ss\u00e9gi els\u0151seg\u00e9lyny\u00fajt\u00e1st \u00e9s a beteg k\u00f3rh\u00e1zba val\u00f3 sz\u00e1llit\u00e1s\u00e1t.<br \/>\n2015-t\u0151l a v\u00e9szhelyzeti egys\u00e9g egykori m\u0171k\u00f6d\u0151 \u00e9p\u00fclet\u00e9be bevezett\u00e9k az Orsz\u00e1gos S\u00fcrg\u0151ss\u00e9gi Orvosi Ment\u0151k\u00e9pz\u0151 K\u00f6zpontot is, mely a t\u00f6bbsz\u00f6r\u00f6s \u00e1ldozatos balesetek koordin\u00e1l\u00e1s\u00e1ra k\u00e9pez ki. A k\u00f6zpont az eur\u00f3pai norm\u00e1knak megfelel\u0151 fejlett virtu\u00e1lis katasztr\u00f3fa szimul\u00e1ci\u00f3s rendszerrel van felszerelve, melynek seg\u00edts\u00e9g\u00e9vel a ment\u0151 egys\u00e9gek, t\u0171zolt\u00f3k val\u00f3di helyzetekkel szembes\u00fclhetnek, mint p\u00e9ld\u00e1ul f\u00f6ldreng\u00e9s, vonatbalesetek, l\u00e9gk\u00f6zleked\u00e9si balesetek stb.<br \/>\nA baleset szimul\u00e1ci\u00f3s rendszer\u00fcnk Rom\u00e1ni\u00e1ban egyed\u00fcl\u00e1ll\u00f3, mely mag\u00e1ba foglal:<br \/>\nEgy k\u00f6zleked\u00e9si baleset szimul\u00e1tort: szimul\u00e1l egy forgalmi balesetet az aut\u00f3p\u00e1lya egy r\u00e9sz\u00e9n, aut\u00f3ba szorult s\u00e9r\u00fclttel. Szimul\u00e1lhat\u00f3 a baleseti aut\u00f3 bont\u00e1s \u00e9s j\u00e1rm\u0171b\u0151l val\u00f3 kiment\u00e9se.<br \/>\n3 G p\u00e1ciens szimul\u00e1tort: h\u00e1rom koroszt\u00e1lyban k\u00e9pesek s\u00fcrg\u0151ss\u00e9gi patol\u00f3gi\u00e1t szimul\u00e1lni (feln\u0151tt, gyerek, csecsem\u0151)<br \/>\nSokktalanit\u00f3 aktivit\u00e1st szimul\u00e1l\u00f3t: az a helyis\u00e9g ahol a kritikus beteg teljes s\u00fcrg\u0151ss\u00e9gi ell\u00e1t\u00e1s\u00e1t kap, inf\u00fazi\u00f3kkal, k\u00fcl\u00f6nf\u00e9le gy\u00f3gyszerekkel, ha sz\u00fcks\u00e9ges intub\u00e1ci\u00f3val, \u00fajra\u00e9leszt\u00e9ssel, oxig\u00e9n ad\u00e1ssal, defibrill\u00e1ssal, l\u00e9legeztet\u00e9ssel, \u00e9s mellkas kompresszi\u00f3kkal.<br \/>\nH\u00e1ztart\u00e1si baleset szimul\u00e1tort: garzonlak\u00e1s szer\u00fc helyis\u00e9g ahol a ment\u0151 egys\u00e9g \u00e9leth\u0171 feladatoknak vannak ki t\u00e9ve, pl: m\u00e9rgez\u0151 g\u00e1zak, t\u0171z stb.<br \/>\n2 el\u0151ad\u00f3termet, elm\u00e9leti oktat\u00e1sra<br \/>\nS\u00fcrg\u0151ss\u00e9gi oktat\u00e1s szempontj\u00e1b\u00f3l ez a k\u00e9pz\u00e9si k\u00f6zpont az elm\u00falt \u00e9vek egyik legfontosabb megval\u00f3s\u00edt\u00e1sa, biztos\u00edtva a s\u00fcrg\u0151ss\u00e9gi ment\u0151 egys\u00e9g felk\u00e9szit\u00e9s\u00e9t k\u00fcl\u00f6nb\u00f6z\u0151 v\u00e9szhelyzeti beavatkoz\u00e1sokra. Megtanit sikeres csapatmunk\u00e1ban dolgozni, s\u00fcrg\u0151ss\u00e9gi beavatkoz\u00e1sok \u00f6sszehangol\u00e1s\u00e1ra. Ez a didaktikus tev\u00e9kenys\u00e9g n\u00f6veli k\u00f3rh\u00e1zunk eg\u00e9szs\u00e9g\u00fcgyi oktat\u00e1s \u00f6sszetetts\u00e9g\u00e9t, melyben mind az orvosi rezidensek, orvostanhallgat\u00f3k \u00e9s szak\u00e1pol\u00f3 k\u00e9pz\u00f6s\u0151k r\u00e9szes\u00fclnek.<\/p>\n","protected":false},"excerpt":{"rendered":"<p>A k\u00f3rh\u00e1z r\u00f6vid bemutat\u00e1sa A Maros Megyei S\u00fcrg\u0151ss\u00e9gi K\u00f3rh\u00e1z Erd\u00e9ly egyik legnagyobb k\u00f6zeg\u00e9szs\u00e9g\u00fcgyi egys\u00e9ge, helyi, region\u00e1lis \u00e9s megyei \u00e9rdekelts\u00e9ggel, mely folyamatos orvosi ell\u00e1t\u00e1st biztosit. F\u00e9r\u0151helyek sz\u00e1ma: 1089 fekv\u0151beteg \u00e1gy ( 939 feln\u0151tt, 150 gyerek), 123 \u00e1gy egynapos befektet\u00e9sekre \u00e9s 12 \u00e1gy hozz\u00e1tartoz\u00f3knak. Egys\u00e9g\u00fcnk az Eg\u00e9szs\u00e9g\u00fcgyi Miniszt\u00e9rium \u00e1ltal j\u00f3v\u00e1hagyott szervezeti strukt\u00fara alapj\u00e1n m\u0171k\u00f6dik ( 2013\/ 953 [&hellip;]<\/p>\n","protected":false},"author":4,"featured_media":0,"parent":10321,"menu_order":7,"comment_status":"closed","ping_status":"closed","template":"","meta":{"_acf_changed":false,"footnotes":""},"class_list":["post-11196","page","type-page","status-publish","hentry"],"acf":[],"_links":{"self":[{"href":"https:\/\/dipicdev.ro\/hu\/wp-json\/wp\/v2\/pages\/11196","targetHints":{"allow":["GET"]}}],"collection":[{"href":"https:\/\/dipicdev.ro\/hu\/wp-json\/wp\/v2\/pages"}],"about":[{"href":"https:\/\/dipicdev.ro\/hu\/wp-json\/wp\/v2\/types\/page"}],"author":[{"embeddable":true,"href":"https:\/\/dipicdev.ro\/hu\/wp-json\/wp\/v2\/users\/4"}],"replies":[{"embeddable":true,"href":"https:\/\/dipicdev.ro\/hu\/wp-json\/wp\/v2\/comments?post=11196"}],"version-history":[{"count":3,"href":"https:\/\/dipicdev.ro\/hu\/wp-json\/wp\/v2\/pages\/11196\/revisions"}],"predecessor-version":[{"id":13978,"href":"https:\/\/dipicdev.ro\/hu\/wp-json\/wp\/v2\/pages\/11196\/revisions\/13978"}],"up":[{"embeddable":true,"href":"https:\/\/dipicdev.ro\/hu\/wp-json\/wp\/v2\/pages\/10321"}],"wp:attachment":[{"href":"https:\/\/dipicdev.ro\/hu\/wp-json\/wp\/v2\/media?parent=11196"}],"curies":[{"name":"wp","href":"https:\/\/api.w.org\/{rel}","templated":true}]}}