{"id":11194,"date":"2016-05-12T16:56:23","date_gmt":"2016-05-12T13:56:23","guid":{"rendered":"https:\/\/dipicdev.ro\/consiliul-de-administratie\/"},"modified":"2018-12-09T20:43:41","modified_gmt":"2018-12-09T18:43:41","slug":"consiliul-de-administratie","status":"publish","type":"page","link":"https:\/\/dipicdev.ro\/hu\/menedzsment\/consiliul-de-administratie\/","title":{"rendered":"Consiliul de administra\u021bie"},"content":{"rendered":"<p class=\"western\"><span style=\"font-size: medium;\"><span lang=\"en-GB\">Igazgat\u00e1si tan\u00e1cs (C<\/span><\/span><span style=\"font-size: medium;\"><span lang=\"hu-HU\">onsiliu de administratie)<\/span><\/span><\/p>\n<p class=\"western\"><span style=\"font-size: medium;\"><span lang=\"hu-HU\">Eg\u00e9szs\u00e9g\u00fcgyi Miniszt\u00e9rium k\u00e9pvisel\u0151i (reprezentantii M.S)<\/span><\/span><\/p>\n<p class=\"western\"><span style=\"font-size: medium;\"><span lang=\"hu-HU\">Tagok (membrii)<\/span><\/span><\/p>\n<table border=\"1\" width=\"623\" cellspacing=\"0\" cellpadding=\"7\">\n<colgroup>\n<col width=\"193\" \/>\n<col width=\"194\" \/>\n<col width=\"193\" \/> <\/colgroup>\n<tbody>\n<tr valign=\"TOP\">\n<td width=\"193\">\n<p class=\"western\"><span style=\"font-size: medium;\"><span lang=\"hu-HU\">Dr. Mure\u0219an Vasile Adrian<\/span><\/span><\/p>\n<\/td>\n<td width=\"194\">\n<p class=\"western\"><span style=\"font-size: medium;\"><span lang=\"hu-HU\">Igazgat\u00e1si tan\u00e1cs eln\u00f6ke<\/span><\/span><\/p>\n<\/td>\n<td width=\"193\">\n<p class=\"western\"><span style=\"font-size: medium;\"><span lang=\"hu-HU\">Maros Megyei K\u00f6zeg\u00e9szs\u00e9g\u00fcgyi Igazgat\u00f3s\u00e1g igazgat\u00f3ja<\/span><\/span><\/p>\n<\/td>\n<\/tr>\n<tr valign=\"TOP\">\n<td width=\"193\">\n<p class=\"western\"><span style=\"font-size: medium;\"><span lang=\"hu-HU\">Dr. Csiki Iren Zsuzsanna<\/span><\/span><\/p>\n<\/td>\n<td width=\"194\"><\/td>\n<td width=\"193\">\n<p class=\"western\"><span style=\"font-size: medium;\"><span lang=\"hu-HU\">Maros Megyei K\u00f6zeg\u00e9szs\u00e9g\u00fcgyi Igazgat\u00f3s\u00e1g k\u00e9pvisel\u0151je<\/span><\/span><\/p>\n<\/td>\n<\/tr>\n<tr valign=\"TOP\">\n<td width=\"193\">\n<p class=\"western\"><span style=\"font-size: medium;\"><span lang=\"hu-HU\">Dr. Caraghiaur Stelian<\/span><\/span><\/p>\n<\/td>\n<td width=\"194\"><\/td>\n<td width=\"193\">\n<p class=\"western\"><span style=\"font-size: medium;\"><span lang=\"hu-HU\">Maros Megyei K\u00f6zeg\u00e9szs\u00e9g\u00fcgyi Igazgat\u00f3s\u00e1g k\u00e9pvisel\u0151je<\/span><\/span><\/p>\n<\/td>\n<\/tr>\n<tr valign=\"TOP\">\n<td width=\"193\">\n<p class=\"western\"><span style=\"font-size: medium;\"><span lang=\"hu-HU\">Dr. Grigorescu Bianca Liana<\/span><\/span><\/p>\n<\/td>\n<td width=\"194\"><\/td>\n<td width=\"193\">\n<p class=\"western\"><span style=\"font-size: medium;\"><span lang=\"hu-HU\">Marosv\u00e1s\u00e1rhelyi Orvosi \u00e9s Gy\u00f3gyszer\u00e9szeti Egyetem k\u00e9pvisel\u0151je<\/span><\/span><\/p>\n<\/td>\n<\/tr>\n<\/tbody>\n<\/table>\n<p class=\"western\"><span style=\"font-size: medium;\"><span lang=\"hu-HU\">Helyettesek ( Membrii suplean\u021bi )<\/span><\/span><\/p>\n<table border=\"1\" width=\"623\" cellspacing=\"0\" cellpadding=\"7\">\n<colgroup>\n<col width=\"193\" \/>\n<col width=\"194\" \/>\n<col width=\"193\" \/> <\/colgroup>\n<tbody>\n<tr valign=\"TOP\">\n<td width=\"193\">\n<p class=\"western\"><span style=\"font-size: medium;\"><span lang=\"hu-HU\">Toma Lenu\u021ba Margareta<\/span><\/span><\/p>\n<\/td>\n<td width=\"194\">\n<p class=\"western\"><span style=\"font-size: medium;\"><span lang=\"hu-HU\">K\u00f6zgazd\u00e1sz <\/span><\/span><\/p>\n<\/td>\n<td width=\"193\">\n<p class=\"western\"><span style=\"font-size: medium;\"><span lang=\"hu-HU\">Maros Megyei K\u00f6zeg\u00e9szs\u00e9g\u00fcgyi Igazgat\u00f3s\u00e1g k\u00e9pvisel\u0151je<\/span><\/span><\/p>\n<\/td>\n<\/tr>\n<tr valign=\"TOP\">\n<td width=\"193\">\n<p class=\"western\"><span style=\"font-size: medium;\"><span lang=\"hu-HU\">Dr. Uif\u0103lean Gabriela<\/span><\/span><\/p>\n<\/td>\n<td width=\"194\"><\/td>\n<td width=\"193\">\n<p class=\"western\"><span style=\"font-size: medium;\"><span lang=\"hu-HU\">Maros Megyei K\u00f6zeg\u00e9szs\u00e9g\u00fcgyi Igazgat\u00f3s\u00e1g k\u00e9pvisel\u0151je<\/span><\/span><\/p>\n<\/td>\n<\/tr>\n<tr valign=\"TOP\">\n<td width=\"193\">\n<p class=\"western\"><span style=\"font-size: medium;\"><span lang=\"hu-HU\">Cordo\u0219 Rodica Simona<\/span><\/span><\/p>\n<\/td>\n<td width=\"194\"><\/td>\n<td width=\"193\">\n<p class=\"western\"><span style=\"font-size: medium;\"><span lang=\"hu-HU\">Maros Megyei K\u00f6zeg\u00e9szs\u00e9g\u00fcgyi Igazgat\u00f3s\u00e1g k\u00e9pvisel\u0151je<\/span><\/span><\/p>\n<\/td>\n<\/tr>\n<tr valign=\"TOP\">\n<td width=\"193\">\n<p class=\"western\"><span style=\"font-size: medium;\"><span lang=\"hu-HU\">Dr. Bac\u00e2rea Vladimir<\/span><\/span><\/p>\n<\/td>\n<td width=\"194\"><\/td>\n<td width=\"193\">\n<p class=\"western\"><span style=\"font-size: medium;\"><span lang=\"hu-HU\">Marosv\u00e1s\u00e1rhelyi Orvosi \u00e9s Gy\u00f3gyszer\u00e9szeti Egyetem k\u00e9pvisel\u0151je<\/span><\/span><\/p>\n<\/td>\n<\/tr>\n<\/tbody>\n<\/table>\n<p class=\"western\"><span style=\"font-size: medium;\"><span lang=\"hu-HU\">Maros Megyei Tan\u00e1cs helyettese ( MEMBRU SUPLEANT CONSILIUL JUDE\u021aEAN MUREs)<\/span><\/span><\/p>\n<p class=\"western\"><span style=\"font-size: medium;\"><span lang=\"hu-HU\">\u00c1lland\u00f3 megh\u00edvottak (INVITA\u021aI PERMANEN\u021aI)<\/span><\/span><\/p>\n<table border=\"1\" width=\"623\" cellspacing=\"0\" cellpadding=\"7\">\n<colgroup>\n<col width=\"297\" \/>\n<col width=\"297\" \/> <\/colgroup>\n<tbody>\n<tr valign=\"TOP\">\n<td width=\"297\">\n<p class=\"western\"><span style=\"font-size: medium;\"><span lang=\"hu-HU\">Maros Megyei Orvosi Kamara (Colegiul Jude\u021bean al Medicilor Mure\u0219)<\/span><\/span><\/p>\n<\/td>\n<td width=\"297\"><\/td>\n<\/tr>\n<tr valign=\"TOP\">\n<td width=\"297\">\n<p class=\"western\"><span style=\"font-size: medium;\"><span lang=\"hu-HU\">Prof. Dr. Sin Ileana Anca<\/span><\/span><\/p>\n<\/td>\n<td width=\"297\">\n<p class=\"western\"><span style=\"font-size: medium;\"><span lang=\"hu-HU\">Tag (membru)<\/span><\/span><\/p>\n<\/td>\n<\/tr>\n<\/tbody>\n<\/table>\n<table border=\"1\" width=\"623\" cellspacing=\"0\" cellpadding=\"7\">\n<colgroup>\n<col width=\"297\" \/>\n<col width=\"297\" \/> <\/colgroup>\n<tbody>\n<tr valign=\"TOP\">\n<td width=\"297\">\n<p class=\"western\"><span style=\"font-size: medium;\"><span lang=\"hu-HU\">Rom\u00e1niai \u00c1ltal\u00e1nos Orvosi Asszisztensek, Sz\u00fcl\u00e9szn\u0151k \u00e9s Orvosi Asszisztensek Rendje (Ordinul Asisten\u021bilor Medicali Generali\u0219ti, Moa\u0219elor si Asisten\u021bilor Medicali din Rom\u00e2nia)<\/span><\/span><\/p>\n<\/td>\n<td width=\"297\"><\/td>\n<\/tr>\n<tr valign=\"TOP\">\n<td width=\"297\">\n<p class=\"western\"><span style=\"font-size: medium;\"><span lang=\"hu-HU\">Iakob Claudia<\/span><\/span><\/p>\n<\/td>\n<td width=\"297\">\n<p class=\"western\"><span style=\"font-size: medium;\"><span lang=\"hu-HU\">Tag<\/span><\/span><\/p>\n<\/td>\n<\/tr>\n<tr valign=\"TOP\">\n<td width=\"297\">\n<p class=\"western\"><span style=\"font-size: medium;\"><span lang=\"hu-HU\">Mirea Emanuela<\/span><\/span><\/p>\n<\/td>\n<td width=\"297\">\n<p class=\"western\"><span style=\"font-size: medium;\"><span lang=\"hu-HU\">Helyettes<\/span><\/span><\/p>\n<\/td>\n<\/tr>\n<\/tbody>\n<\/table>\n<table border=\"1\" width=\"623\" cellspacing=\"0\" cellpadding=\"7\">\n<colgroup>\n<col width=\"297\" \/>\n<col width=\"297\" \/> <\/colgroup>\n<tbody>\n<tr valign=\"TOP\">\n<td width=\"297\">\n<p class=\"western\"><span style=\"font-size: medium;\"><span lang=\"hu-HU\">Marosv\u00e1s\u00e1rhelyi Sanitas Eg\u00e9szs\u00e9g\u00fcgyi Szakszervezet (Sindicatul Sanitas T\u00e2rgu-Mure\u0219)<\/span><\/span><\/p>\n<\/td>\n<td width=\"297\"><\/td>\n<\/tr>\n<tr valign=\"TOP\">\n<td width=\"297\">\n<p class=\"western\"><span style=\"font-size: medium;\"><span lang=\"hu-HU\">Duca Claudia Henrietta<\/span><\/span><\/p>\n<\/td>\n<td width=\"297\">\n<p class=\"western\"><span style=\"font-size: medium;\"><span lang=\"hu-HU\">Tag<\/span><\/span><\/p>\n<\/td>\n<\/tr>\n<tr valign=\"TOP\">\n<td width=\"297\">\n<p class=\"western\"><span style=\"font-size: medium;\"><span lang=\"hu-HU\">Bobric Anca<\/span><\/span><\/p>\n<\/td>\n<td width=\"297\">\n<p class=\"western\"><span style=\"font-size: medium;\"><span lang=\"hu-HU\">Helyettes <\/span><\/span><\/p>\n<\/td>\n<\/tr>\n<\/tbody>\n<\/table>\n<table border=\"1\" width=\"623\" cellspacing=\"0\" cellpadding=\"7\">\n<colgroup>\n<col width=\"297\" \/>\n<col width=\"297\" \/> <\/colgroup>\n<tbody>\n<tr valign=\"TOP\">\n<td width=\"297\">\n<p class=\"western\"><span style=\"font-size: medium;\"><span lang=\"hu-HU\">Kolozsv\u00e1ri Solidaritatea Eg\u00e9szs\u00e9g\u00fcgyi Szakszervezet (Sindicatul Solidaritatea Cluj)<\/span><\/span><\/p>\n<\/td>\n<td width=\"297\"><\/td>\n<\/tr>\n<tr valign=\"TOP\">\n<td width=\"297\">\n<p class=\"western\"><span style=\"font-size: medium;\"><span lang=\"hu-HU\">Lirca Viorica Felicia<\/span><\/span><\/p>\n<\/td>\n<td width=\"297\">\n<p class=\"western\"><span style=\"font-size: medium;\"><span lang=\"hu-HU\">Tag<\/span><\/span><\/p>\n<\/td>\n<\/tr>\n<tr valign=\"TOP\">\n<td width=\"297\">\n<p class=\"western\"><span style=\"font-size: medium;\"><span lang=\"hu-HU\">M\u0103rginean Lucian<\/span><\/span><\/p>\n<\/td>\n<td width=\"297\">\n<p class=\"western\"><a name=\"_GoBack\"><\/a><span style=\"font-size: medium;\"><span lang=\"hu-HU\">Helyettes<\/span><\/span><\/p>\n<\/td>\n<\/tr>\n<\/tbody>\n<\/table>\n","protected":false},"excerpt":{"rendered":"<p>Igazgat\u00e1si tan\u00e1cs (Consiliu de administratie) Eg\u00e9szs\u00e9g\u00fcgyi Miniszt\u00e9rium k\u00e9pvisel\u0151i (reprezentantii M.S) Tagok (membrii) Dr. Mure\u0219an Vasile Adrian Igazgat\u00e1si tan\u00e1cs eln\u00f6ke Maros Megyei K\u00f6zeg\u00e9szs\u00e9g\u00fcgyi Igazgat\u00f3s\u00e1g igazgat\u00f3ja Dr. Csiki Iren Zsuzsanna Maros Megyei K\u00f6zeg\u00e9szs\u00e9g\u00fcgyi Igazgat\u00f3s\u00e1g k\u00e9pvisel\u0151je Dr. Caraghiaur Stelian Maros Megyei K\u00f6zeg\u00e9szs\u00e9g\u00fcgyi Igazgat\u00f3s\u00e1g k\u00e9pvisel\u0151je Dr. Grigorescu Bianca Liana Marosv\u00e1s\u00e1rhelyi Orvosi \u00e9s Gy\u00f3gyszer\u00e9szeti Egyetem k\u00e9pvisel\u0151je Helyettesek ( Membrii suplean\u021bi [&hellip;]<\/p>\n","protected":false},"author":4,"featured_media":0,"parent":11427,"menu_order":0,"comment_status":"closed","ping_status":"closed","template":"","meta":{"_acf_changed":false,"footnotes":""},"class_list":["post-11194","page","type-page","status-publish","hentry"],"acf":[],"_links":{"self":[{"href":"https:\/\/dipicdev.ro\/hu\/wp-json\/wp\/v2\/pages\/11194","targetHints":{"allow":["GET"]}}],"collection":[{"href":"https:\/\/dipicdev.ro\/hu\/wp-json\/wp\/v2\/pages"}],"about":[{"href":"https:\/\/dipicdev.ro\/hu\/wp-json\/wp\/v2\/types\/page"}],"author":[{"embeddable":true,"href":"https:\/\/dipicdev.ro\/hu\/wp-json\/wp\/v2\/users\/4"}],"replies":[{"embeddable":true,"href":"https:\/\/dipicdev.ro\/hu\/wp-json\/wp\/v2\/comments?post=11194"}],"version-history":[{"count":3,"href":"https:\/\/dipicdev.ro\/hu\/wp-json\/wp\/v2\/pages\/11194\/revisions"}],"predecessor-version":[{"id":13243,"href":"https:\/\/dipicdev.ro\/hu\/wp-json\/wp\/v2\/pages\/11194\/revisions\/13243"}],"up":[{"embeddable":true,"href":"https:\/\/dipicdev.ro\/hu\/wp-json\/wp\/v2\/pages\/11427"}],"wp:attachment":[{"href":"https:\/\/dipicdev.ro\/hu\/wp-json\/wp\/v2\/media?parent=11194"}],"curies":[{"name":"wp","href":"https:\/\/api.w.org\/{rel}","templated":true}]}}