{"id":11189,"date":"2016-05-12T16:57:18","date_gmt":"2016-05-12T13:57:18","guid":{"rendered":"https:\/\/dipicdev.ro\/raport-de-activitate\/"},"modified":"2018-12-09T20:50:35","modified_gmt":"2018-12-09T18:50:35","slug":"raport-de-activitate","status":"publish","type":"page","link":"https:\/\/dipicdev.ro\/hu\/menedzsment\/raport-de-activitate\/","title":{"rendered":"Raport de activitate"},"content":{"rendered":"<p class=\"western\"><strong>Tev\u00e9kenys\u00e9gi jelent\u00e9s<\/strong><\/p>\n<ul>\n<li>A 2011-es els\u0151 f\u00e9l\u00e9v\u00e9re vonatkoz\u00f3 tev\u00e9kenys\u00e9gi jelent\u00e9s olvashat\u00f3\u00a0<strong><a href=\"http:\/\/spitjudms.ro\/_files\/Management\/raport_de_activitate_SCJU_-_semestrul_I_2011.pdf\" rel=\"nofollow noopener\" target=\"_blank\">aici.<\/a><\/strong><\/li>\n<li>A 2011-es tev\u00e9kenys\u00e9gi jelent\u00e9s olvashat\u00f3\u00a0<strong><a href=\"http:\/\/spitjudms.ro\/_files\/Management\/RAPORT_DE_ACTIVITATE_ANUAL_2011.pdf\" rel=\"nofollow noopener\" target=\"_blank\">aici.<\/a><\/strong><\/li>\n<li>A 2012-es els\u0151 f\u00e9l\u00e9v\u00e9re vonatkoz\u00f3 tev\u00e9kenys\u00e9gi jelent\u00e9s olvashat\u00f3\u00a0\u00a0<strong><a href=\"http:\/\/spitjudms.ro\/_files\/Management\/Raport_de_activitate_manager_SCJU_-_sem._I_2012.pdf\" rel=\"nofollow noopener\" target=\"_blank\">aici.<\/a><\/strong><\/li>\n<li>A 2015-\u00f6s tev\u00e9kenys\u00e9gi jelent\u00e9s olvashat\u00f3\u00a0<a href=\"https:\/\/dipicdev.ro\/wp-content\/uploads\/2016\/05\/Raport-de-activitate-manager-2015-scanat.pdf\">aici<\/a><\/li>\n<li>A 2016-os tev\u00e9kenys\u00e9gi jelent\u00e9s olvashat\u00f3\u00a0\u00a0<a href=\"https:\/\/dipicdev.ro\/wp-content\/uploads\/2016\/05\/Raport_2016.pdf\">aici<\/a>.<\/li>\n<li>A 2017-es tev\u00e9kenys\u00e9gi jelent\u00e9s olvashat\u00f3 \u00a0<a href=\"https:\/\/dipicdev.ro\/wp-content\/uploads\/2018\/04\/RAPORT-DE-ACTIVITATE-2017.pdf\">aici.<\/a><\/li>\n<\/ul>\n","protected":false},"excerpt":{"rendered":"<p>Tev\u00e9kenys\u00e9gi jelent\u00e9s A 2011-es els\u0151 f\u00e9l\u00e9v\u00e9re vonatkoz\u00f3 tev\u00e9kenys\u00e9gi jelent\u00e9s olvashat\u00f3\u00a0aici. A 2011-es tev\u00e9kenys\u00e9gi jelent\u00e9s olvashat\u00f3\u00a0aici. A 2012-es els\u0151 f\u00e9l\u00e9v\u00e9re vonatkoz\u00f3 tev\u00e9kenys\u00e9gi jelent\u00e9s olvashat\u00f3\u00a0\u00a0aici. A 2015-\u00f6s tev\u00e9kenys\u00e9gi jelent\u00e9s olvashat\u00f3\u00a0aici A 2016-os tev\u00e9kenys\u00e9gi jelent\u00e9s olvashat\u00f3\u00a0\u00a0aici. A 2017-es tev\u00e9kenys\u00e9gi jelent\u00e9s olvashat\u00f3 \u00a0aici.<\/p>\n","protected":false},"author":4,"featured_media":0,"parent":11427,"menu_order":0,"comment_status":"closed","ping_status":"closed","template":"","meta":{"_acf_changed":false,"footnotes":""},"class_list":["post-11189","page","type-page","status-publish","hentry"],"acf":[],"_links":{"self":[{"href":"https:\/\/dipicdev.ro\/hu\/wp-json\/wp\/v2\/pages\/11189","targetHints":{"allow":["GET"]}}],"collection":[{"href":"https:\/\/dipicdev.ro\/hu\/wp-json\/wp\/v2\/pages"}],"about":[{"href":"https:\/\/dipicdev.ro\/hu\/wp-json\/wp\/v2\/types\/page"}],"author":[{"embeddable":true,"href":"https:\/\/dipicdev.ro\/hu\/wp-json\/wp\/v2\/users\/4"}],"replies":[{"embeddable":true,"href":"https:\/\/dipicdev.ro\/hu\/wp-json\/wp\/v2\/comments?post=11189"}],"version-history":[{"count":2,"href":"https:\/\/dipicdev.ro\/hu\/wp-json\/wp\/v2\/pages\/11189\/revisions"}],"predecessor-version":[{"id":13249,"href":"https:\/\/dipicdev.ro\/hu\/wp-json\/wp\/v2\/pages\/11189\/revisions\/13249"}],"up":[{"embeddable":true,"href":"https:\/\/dipicdev.ro\/hu\/wp-json\/wp\/v2\/pages\/11427"}],"wp:attachment":[{"href":"https:\/\/dipicdev.ro\/hu\/wp-json\/wp\/v2\/media?parent=11189"}],"curies":[{"name":"wp","href":"https:\/\/api.w.org\/{rel}","templated":true}]}}