{"id":11150,"date":"2016-05-17T18:14:44","date_gmt":"2016-05-17T15:14:44","guid":{"rendered":"https:\/\/dipicdev.ro\/activitate-medicala-2\/"},"modified":"2016-05-17T18:14:44","modified_gmt":"2016-05-17T15:14:44","slug":"activitate-medicala","status":"publish","type":"page","link":"https:\/\/dipicdev.ro\/hu\/servicii-medicale\/sectiile-spitalului\/sectia-clinica-ortopedie-si-traumatologie\/activitate-medicala\/","title":{"rendered":"Activitate Medical\u0103"},"content":{"rendered":"<h3><strong>ACTIVITATE MEDICAL\u0102<\/strong><\/h3>\n<p>Sec\u021bia Clinic\u0103 Ortoepdie \u0219i Traumatologie s-a \u00eenfiin\u021bat \u00een anul 1983, \u00een prezent fiind condus\u0103 de c\u0103tre prof. Dr. B\u0103\u021bag\u0103 Tiberiu medic primar ortopedie \u0219i traumatologie.<\/p>\n<p>\u00cen cadrul sec\u021biei se asigur\u0103 urm\u0103toarele servicii medicale:<\/p>\n<ul>\n<li>traumatisme<\/li>\n<li>chirurgie protetic\u0103: um\u0103r, cot, \u0219old, genunchi<\/li>\n<li>chirurgie artroscopic\u0103: um\u0103r, cot, \u0219old, genunchi, glezn\u0103,<\/li>\n<li>transplant de grefe osoase \u0219i os-tendinoase<\/li>\n<li>traumatologie osteo-articular\u0103 \u0219i politraum\u0103<\/li>\n<li>chirurgie protetic\u0103 primar\u0103 \u0219i de revizie<\/li>\n<li>chirurgie spinal\u0103<\/li>\n<\/ul>\n","protected":false},"excerpt":{"rendered":"<p>ACTIVITATE MEDICAL\u0102 Sec\u021bia Clinic\u0103 Ortoepdie \u0219i Traumatologie s-a \u00eenfiin\u021bat \u00een anul 1983, \u00een prezent fiind condus\u0103 de c\u0103tre prof. Dr. B\u0103\u021bag\u0103 Tiberiu medic primar ortopedie \u0219i traumatologie. \u00cen cadrul sec\u021biei se asigur\u0103 urm\u0103toarele servicii medicale: traumatisme chirurgie protetic\u0103: um\u0103r, cot, \u0219old, genunchi chirurgie artroscopic\u0103: um\u0103r, cot, \u0219old, genunchi, glezn\u0103, transplant de grefe osoase \u0219i os-tendinoase [&hellip;]<\/p>\n","protected":false},"author":4,"featured_media":0,"parent":11366,"menu_order":26,"comment_status":"closed","ping_status":"closed","template":"","meta":{"_acf_changed":false,"footnotes":""},"class_list":["post-11150","page","type-page","status-publish","hentry"],"acf":[],"_links":{"self":[{"href":"https:\/\/dipicdev.ro\/hu\/wp-json\/wp\/v2\/pages\/11150","targetHints":{"allow":["GET"]}}],"collection":[{"href":"https:\/\/dipicdev.ro\/hu\/wp-json\/wp\/v2\/pages"}],"about":[{"href":"https:\/\/dipicdev.ro\/hu\/wp-json\/wp\/v2\/types\/page"}],"author":[{"embeddable":true,"href":"https:\/\/dipicdev.ro\/hu\/wp-json\/wp\/v2\/users\/4"}],"replies":[{"embeddable":true,"href":"https:\/\/dipicdev.ro\/hu\/wp-json\/wp\/v2\/comments?post=11150"}],"version-history":[{"count":0,"href":"https:\/\/dipicdev.ro\/hu\/wp-json\/wp\/v2\/pages\/11150\/revisions"}],"up":[{"embeddable":true,"href":"https:\/\/dipicdev.ro\/hu\/wp-json\/wp\/v2\/pages\/11366"}],"wp:attachment":[{"href":"https:\/\/dipicdev.ro\/hu\/wp-json\/wp\/v2\/media?parent=11150"}],"curies":[{"name":"wp","href":"https:\/\/api.w.org\/{rel}","templated":true}]}}