{"id":11145,"date":"2016-05-17T18:29:26","date_gmt":"2016-05-17T15:29:26","guid":{"rendered":"https:\/\/dipicdev.ro\/activitate-medicala-2\/"},"modified":"2016-05-17T18:29:26","modified_gmt":"2016-05-17T15:29:26","slug":"activitate-medicala","status":"publish","type":"page","link":"https:\/\/dipicdev.ro\/hu\/servicii-medicale\/sectiile-spitalului\/sectia-clinica-pediatrie\/activitate-medicala\/","title":{"rendered":"Activitate Medical\u0103"},"content":{"rendered":"<h3><strong>Activitate Medical\u0103<\/strong><\/h3>\n<p>Sec\u021bia Clinic\u0103 Pediatrie \u00ee\u0219i desf\u0103\u0219oar\u0103 activitatea medical\u0103 \u00eenc\u0103 de la darea \u00een func\u021biune a Spitalului Clinic Jude\u021bean de Urgen\u021b\u0103 T\u00e2rgu Mure\u0219, \u00eencep\u00e2nd cu anul 1981, fiind o sec\u021bie clinic\u0103 de urgen\u021b\u0103 cu profil pediatric, \u00een prezent fiind condus\u0103 de c\u0103tre dna. Prof. dr. Cristina Oana M\u0103rginean, medic primar de pediatrie \u0219i gastroenterologie, av\u00e2nd \u00een structur\u0103 40 de paturi \u0219i func\u021bion\u00e2nd cu urm\u0103toarele compartimente: pediatrie general\u0103, gastroenterologie, imunoalergologie, hemato-oncologie \u0219i nefrologie.<\/p>\n<p>\u00cen compartimentele mai sus men\u021bionate ale sec\u021biei se trateaz\u0103 at\u00e2t pacien\u021bi cu urgen\u021be medicale precum insuficien\u021ba respiratorie acut\u0103, hemoragia digestiv\u0103 superioar\u0103, \u0219oc anafilactic, convulsii, c\u00e2t \u0219i cei cu boli cronice precum sindroame de malabsorb\u021bie, de imunodeficien\u021b\u0103, hepatice cronice, sindroame nefrotice, afec\u021biuni maligne. Astfel, cele 5 compartimente ale sec\u021biei beneficiaz\u0103 de un personal foarte bine preg\u0103tit \u00een domeniu, \u0219i anume medici cu supraspecializ\u0103ri \u00een gastroenterologie, endoscopie digestiv\u0103, ultrasonografie, nefrologie, pneumologie, reumatologie, alergologie, hemato-oncologie, precum \u0219i competen\u021be de \u00eengrijiri paliative, dar \u0219i personal mediu cu experien\u021b\u0103.<\/p>\n<p>Serviciile medicale oferite de Sec\u021bia Clinic\u0103 Pediatrie sunt urm\u0103toarele:<\/p>\n<ul>\n<li>diagnosticarea diferitelor patologii din sfera tuturor sistemelor organismului prin ecografie general\u0103, ecografie transfontanelar\u0103, ecografie p\u0103r\u021bi moi, gastroscopie, colonoscopie, screening fenilcetonurie, screening boli de malabsorb\u021bie \u0219i malnutri\u021bie &#8211; boal\u0103 celiac\u0103 prin determinarea anticorpilor anti-trasnglutaminaz\u0103, anti-endomisium, anti-gliadin\u0103;<\/li>\n<li>determinarea riscului genetic de boal\u0103 celiac\u0103 (HLA pentru celiachie);<\/li>\n<li>infec\u021bia cu Helicobacter pylori prin determinarea antigenului Helicobacter pylori din scaun sau a testului rapid al ureazei pentru determinarea prezen\u021bei Helicobacter pylori;<\/li>\n<li>intoleran\u021be alimentare prin efectuarea panelului specific pediatric de alergeni alimentari, a testului de \u00eenc\u0103rcare la lactoz\u0103 \u0219i a determin\u0103rii riscului genetic de intoleran\u021b\u0103 la lactoz\u0103 sau fructoz\u0103 (HLA pentru lactoz\u0103 \u0219i fructoz\u0103);<\/li>\n<li>teste genetice pentru tulbur\u0103rile nutri\u021bionale ale copilului;<\/li>\n<li>screening pentru hepatite cronice virale sau autoimune prin teste serologice specifice;<\/li>\n<li>screening pentru boli metabolice rare;<\/li>\n<li>teste spirometrice;<\/li>\n<li>teste de efort;<\/li>\n<li>testul sudorii pentru diagnosticarea mucoviscidozei;<\/li>\n<li>teste cutanate pentru determinarea diferitelor alergii;<\/li>\n<li>diagnosticarea patologiilor reumatologice prin teste serologice specifice, a celor renale prin efectuarea de urografie intravenoas\u0103, retrocistografie mic\u021bional\u0103, scintigrafie renal\u0103, precum \u0219i a celor hemato-oncologice prin prelevare de produse biologice (punc\u021bie-biopie din m\u0103duva osoas\u0103).<\/li>\n<\/ul>\n<p>Sec\u021bia Clinic\u0103 Pediatrie ofer\u0103 de asemenea tratament pentru toate patologiile pediatrice, \u00eens\u0103 \u0219i tratamente \u021bintite precum chimioterapia intravenoas\u0103 \u0219i intratecal\u0103, tratamentul hemofiliei, tratament imunosupresiv \u00een bolile hematologice sau reumatologice, tratament de substitu\u021bie cu derivate de s\u00e2nge, sau consiliere nutri\u021bional\u0103 \u00een tulbur\u0103rile nutri\u021bionale ale copilului (malnutri\u021bie, obezitate). Patologiile cronice, precum \u0219i complica\u021biile acestora beneficiaz\u0103 \u00een Sec\u021bia Clinic\u0103 Pediatrie de un abord multidisciplinar printr-o colaborare eficient\u0103 at\u00e2t \u00eentre medicii sec\u021biei, c\u00e2t \u0219i cu alte sec\u021bii, compartimente \u0219i servicii medicale.<\/p>\n","protected":false},"excerpt":{"rendered":"<p>Activitate Medical\u0103 Sec\u021bia Clinic\u0103 Pediatrie \u00ee\u0219i desf\u0103\u0219oar\u0103 activitatea medical\u0103 \u00eenc\u0103 de la darea \u00een func\u021biune a Spitalului Clinic Jude\u021bean de Urgen\u021b\u0103 T\u00e2rgu Mure\u0219, \u00eencep\u00e2nd cu anul 1981, fiind o sec\u021bie clinic\u0103 de urgen\u021b\u0103 cu profil pediatric, \u00een prezent fiind condus\u0103 de c\u0103tre dna. Prof. dr. Cristina Oana M\u0103rginean, medic primar de pediatrie \u0219i gastroenterologie, av\u00e2nd [&hellip;]<\/p>\n","protected":false},"author":4,"featured_media":0,"parent":11376,"menu_order":24,"comment_status":"closed","ping_status":"closed","template":"","meta":{"_acf_changed":false,"footnotes":""},"class_list":["post-11145","page","type-page","status-publish","hentry"],"acf":[],"_links":{"self":[{"href":"https:\/\/dipicdev.ro\/hu\/wp-json\/wp\/v2\/pages\/11145","targetHints":{"allow":["GET"]}}],"collection":[{"href":"https:\/\/dipicdev.ro\/hu\/wp-json\/wp\/v2\/pages"}],"about":[{"href":"https:\/\/dipicdev.ro\/hu\/wp-json\/wp\/v2\/types\/page"}],"author":[{"embeddable":true,"href":"https:\/\/dipicdev.ro\/hu\/wp-json\/wp\/v2\/users\/4"}],"replies":[{"embeddable":true,"href":"https:\/\/dipicdev.ro\/hu\/wp-json\/wp\/v2\/comments?post=11145"}],"version-history":[{"count":0,"href":"https:\/\/dipicdev.ro\/hu\/wp-json\/wp\/v2\/pages\/11145\/revisions"}],"up":[{"embeddable":true,"href":"https:\/\/dipicdev.ro\/hu\/wp-json\/wp\/v2\/pages\/11376"}],"wp:attachment":[{"href":"https:\/\/dipicdev.ro\/hu\/wp-json\/wp\/v2\/media?parent=11145"}],"curies":[{"name":"wp","href":"https:\/\/api.w.org\/{rel}","templated":true}]}}