{"id":11135,"date":"2016-05-17T18:55:39","date_gmt":"2016-05-17T15:55:39","guid":{"rendered":"https:\/\/dipicdev.ro\/activitate-didactica-si-stiintifica-2\/"},"modified":"2016-05-17T18:55:39","modified_gmt":"2016-05-17T15:55:39","slug":"activitate-didactica-si-stiintifica","status":"publish","type":"page","link":"https:\/\/dipicdev.ro\/hu\/servicii-medicale\/sectiile-spitalului\/sectia-clinica-neurologie-i\/activitate-didactica-si-stiintifica\/","title":{"rendered":"Activitate Didactic\u0103 si Stiin\u021bifica"},"content":{"rendered":"<h3><strong>ACTIVITATE DIDACTIC\u0102 \u0218I STIINTIFIC\u0102<\/strong><\/h3>\n<p><span style=\"font-weight: 400;\">Sec\u021bia Clinic\u0103 Neurologie I este un important centru de preg\u0103tire postuniversitar\u0103 unde sub \u00eendrumarea atent\u0103 a colectivului clinicii, viitorii medici neurologi sunt ini\u021bia\u021bi \u00een tainele acestei specialitati, fiind implicat\u0103 \u00een activit\u0103\u021bi de \u00eenv\u0103\u021b\u0103m\u00e2nt, activitate \u0219tiin\u021bific\u0103 \u0219i de cercetare.<\/span><\/p>\n<p><span style=\"font-weight: 400;\">Colectivul medical al sec\u021biei, sub \u00eendrumarea Prof. Dr. Rodica Ioana B\u0103la\u0219a, a publicat 4 monografii, 3 cursuri de neurologie, peste 190 de lucr\u0103ri \u0219tiin\u021bifice, medicul \u0219ef al sec\u021biei fiind director de grant de cercetare la 4 granturi \u0219i coordonator de reziden\u021biat \u00een specialitatea neurologie.<\/span><\/p>\n<p><span style=\"font-weight: 400;\">De asemenea, \u00een cadrul sec\u021biei se desfa\u0219oar\u0103 peste 15 studii clinice interna\u021bionale sub egida celor mai reputa\u021bi savan\u021bi neurologi din plan interna\u021bional.<\/span><\/p>\n<p><span style=\"font-weight: 400;\">Activitatea didactic\u0103 cuprinde formarea studen\u0163ilor de la<\/span> <span style=\"font-weight: 400;\">Facult\u0103\u021bii de Medicin\u0103 General\u0103, Medicin\u0103 Dentar\u0103, Kinetoterapie si Recuperare fizical\u0103, Asisten\u021b\u0103 Medical\u0103, de Moa\u0219e, anual, aproximativ<\/span> <span style=\"font-weight: 400;\">280 de studen\u021bi fac stagii clinice si audiaz\u0103 cursurile de neurologie sus\u021binute de membrii sec\u021biei clinice. Pe l\u00e2nga activitatea de preg\u0103tire a studen\u021bilor, se asigur\u0103 preg\u0103tirea postuniversitar\u0103 a un num\u0103r de 30 de medici reziden\u021bi neurologi \u0219i de alte specialit\u0103\u021bi.<\/span><\/p>\n<p><span style=\"font-weight: 400;\">Personalul din cadrul Sec\u021biei Clinic\u0103 Neurologie I face parte din urm\u0103toarele organiza\u021bii medicale: Societatea Rom\u00e2n\u0103 de Neurologie, Academia European\u0103 de Neurologie \u0219i Academia American\u0103 de Neurologie. <\/span><\/p>\n","protected":false},"excerpt":{"rendered":"<p>ACTIVITATE DIDACTIC\u0102 \u0218I STIINTIFIC\u0102 Sec\u021bia Clinic\u0103 Neurologie I este un important centru de preg\u0103tire postuniversitar\u0103 unde sub \u00eendrumarea atent\u0103 a colectivului clinicii, viitorii medici neurologi sunt ini\u021bia\u021bi \u00een tainele acestei specialitati, fiind implicat\u0103 \u00een activit\u0103\u021bi de \u00eenv\u0103\u021b\u0103m\u00e2nt, activitate \u0219tiin\u021bific\u0103 \u0219i de cercetare. Colectivul medical al sec\u021biei, sub \u00eendrumarea Prof. Dr. Rodica Ioana B\u0103la\u0219a, a publicat [&hellip;]<\/p>\n","protected":false},"author":4,"featured_media":0,"parent":11386,"menu_order":32,"comment_status":"closed","ping_status":"closed","template":"","meta":{"_acf_changed":false,"footnotes":""},"class_list":["post-11135","page","type-page","status-publish","hentry"],"acf":[],"_links":{"self":[{"href":"https:\/\/dipicdev.ro\/hu\/wp-json\/wp\/v2\/pages\/11135","targetHints":{"allow":["GET"]}}],"collection":[{"href":"https:\/\/dipicdev.ro\/hu\/wp-json\/wp\/v2\/pages"}],"about":[{"href":"https:\/\/dipicdev.ro\/hu\/wp-json\/wp\/v2\/types\/page"}],"author":[{"embeddable":true,"href":"https:\/\/dipicdev.ro\/hu\/wp-json\/wp\/v2\/users\/4"}],"replies":[{"embeddable":true,"href":"https:\/\/dipicdev.ro\/hu\/wp-json\/wp\/v2\/comments?post=11135"}],"version-history":[{"count":0,"href":"https:\/\/dipicdev.ro\/hu\/wp-json\/wp\/v2\/pages\/11135\/revisions"}],"up":[{"embeddable":true,"href":"https:\/\/dipicdev.ro\/hu\/wp-json\/wp\/v2\/pages\/11386"}],"wp:attachment":[{"href":"https:\/\/dipicdev.ro\/hu\/wp-json\/wp\/v2\/media?parent=11135"}],"curies":[{"name":"wp","href":"https:\/\/api.w.org\/{rel}","templated":true}]}}