{"id":11133,"date":"2016-05-17T18:57:34","date_gmt":"2016-05-17T15:57:34","guid":{"rendered":"https:\/\/dipicdev.ro\/activitate-medicala-2\/"},"modified":"2016-05-17T18:57:34","modified_gmt":"2016-05-17T15:57:34","slug":"activitate-medicala","status":"publish","type":"page","link":"https:\/\/dipicdev.ro\/hu\/servicii-medicale\/sectiile-spitalului\/sectia-clinica-neurologie-i\/activitate-medicala\/","title":{"rendered":"Activitate Medical\u0103"},"content":{"rendered":"<h3><strong>ACTIVITATE MEDICAL\u0102<\/strong><\/h3>\n<p>Sec\u021bia Clinic\u0103 Neurologie I a fost \u00eenfiin\u021bat\u00e3 \u00een anul 1947, fiind condus\u00e3 de-a lungul timpului de personalit\u00e3\u021bi de renume ale medicinii rom\u00e2ne\u0219ti, respectiv Prof. Dr. Doc. Liviu Popoviciu \u0219i Prof. Dr. Ion Pascu, membru al Academiei de \u0218tiin\u021be Medicale \u0219i rector al Universit\u00e3\u021bii de Medicin\u00e3 \u0219i Farmacie din Tg. Mure\u0219. \u00cen prezent, \u00eencep\u00e2nd cu anul 2004, medic \u0219ef al sec\u021biei este dna. Prof. dr. Rodica Ioana B\u0103la\u0219a.<\/p>\n<p>Sec\u021bia Clinic\u0103 Neurologie I este renumit\u0103 pentru experien\u021ba pe care personalul medical \u00eenalt calificat o are \u00een diagnosticul si tratamentul afec\u021biunilor neurologice cum ar fi bolile cerebro-vasculare, scleroza multipl\u0103 si alte boli demielinizante, boala Parkinson si alte afectiuni degenerative ale Sistemului Nervos Central, epilepsia, patologia nervilor periferici, boli neurologice eredo-degenerative, procese neoplazice neurologice primare sau secundare.<\/p>\n<p>Sec\u021bia dispune de 13 saloane, totaliz\u00e2nd un num\u0103r de 70 de paturi, 1 camer\u0103 de studiu clinic, o sal\u0103 de curs, o bibliotec\u0103, 2 s\u0103li de tratament \u0219i 3 camere pentru medici, un cabinet pentru examin\u0103ri Doppler, unul pentru examin\u0103ri electroencefalografie si poten\u021biale evocate, unul pentru electromiografie \u0219i electroneurografie \u0219i un cabinet de logopedie-psihologie.<\/p>\n<p>Sec\u021bia Clinic\u0103 Neurologie I este prin defini\u021bie o sec\u021bie de bolnavi acu\u021bi care are \u00een principal ca activitate internarea de urgen\u021b\u0103 a pacien\u021bilor cu accident vascular cerebral arterial, ischemic sau hemoragic, c\u00e2t \u0219i ischemia medular\u0103. Tromboflebita cerebral\u0103 este o patologie vascular\u0103 cu poten\u021bial letal care afecteaz\u0103 \u00een principal tinerele femei si la care rata de deces f\u0103r\u0103 tratament este crescut\u0103, de aceea \u0219i aceast\u0103 patologie constituie o patologie care este internat\u0103 \u00een regim de urgen\u021b\u0103, investigat\u0103 si tratat\u0103 cu deosebita aten\u021bie Din patologia de urgen\u021b\u0103 care se interneaz\u0103 \u00een sec\u021bie fac parte: scleroza multipl\u0103 \u00een puseu, poliradiculonevrita acut\u0103 demielinizant\u0103 Guillain Barre, miastenia gravis, mielita acut\u0103, sincopa, statusul epileptic, epilepsia cu crize frecvente, vertijul paroxistic benign, boala Parkinson \u00een criza akinetic\u0103 sau cu diskinezii majore, migrena \u00een criz\u0103, lombosciatica hiperalgic\u0103, cervicobrahialgia, encefalitele \u0219i encefalopatiile acute si subacute, sindromul de hipertensiune intracranian\u0103.<\/p>\n<p>Datorita numero\u0219ilor speciali\u0219ti neurologi cu supraspecializ\u0103ri pe toate subdomeniile neurologiei \u0219i a aparaturii moderne de care dispunem, intern\u0103m, diagnostic\u0103m si trat\u0103m pacien\u021bi cu afec\u021biuni neurologice severe (toate tipurile de boli neurologice) din toat\u0103 \u021bara sau ceta\u021beni din \u021b\u0103rile UE care au actele necesare intern\u0103rii \u00een unitatea noastr\u0103, iar prin leg\u0103turile str\u00e2nse cu celelalte specialit\u0103\u021bi medicale \u0219i sec\u021bii, trat\u0103m pacien\u021bi interna\u021bi prin transfer de la nivelul acestor structuri.<\/p>\n<p>\u00cen cadrul sec\u021biei, anual, sunt interna\u021bi \u00een medie 2500 pacien\u021bi, diagnostica\u021bi \u0219i trata\u021bi \u00een regim de internare continua, iar \u00een cadrul cabinetului de neurologie din Ambulatoriului integrat sunt examina\u021bi, investiga\u021bi \u0219i trata\u021bi aproximativ 5000 de pacien\u021bi. . Indicatorii de performan\u021b\u0103 realiza\u021bi de sec\u021bie sunt printre cei mai buni la nivel na\u021bional, comparativ cu ai altor sec\u021bii cu acela\u0219i profil, astfel anual se \u00eenregistraz\u0103 urm\u0103toarele servicii:<br \/>\n1000 examin\u0103ri Echo Doppler carotidian, vertebro-bazilar intra \u0219i transcranian,<br \/>\n2700 \u00eenregistr\u0103ri EEG si video EEG,<br \/>\n200 de poten\u021biale evocate vizuale,<br \/>\n1200 de electromiografii si electroneurografii,<br \/>\n25 de biopsii musculare.<\/p>\n","protected":false},"excerpt":{"rendered":"<p>ACTIVITATE MEDICAL\u0102 Sec\u021bia Clinic\u0103 Neurologie I a fost \u00eenfiin\u021bat\u00e3 \u00een anul 1947, fiind condus\u00e3 de-a lungul timpului de personalit\u00e3\u021bi de renume ale medicinii rom\u00e2ne\u0219ti, respectiv Prof. Dr. Doc. Liviu Popoviciu \u0219i Prof. Dr. Ion Pascu, membru al Academiei de \u0218tiin\u021be Medicale \u0219i rector al Universit\u00e3\u021bii de Medicin\u00e3 \u0219i Farmacie din Tg. Mure\u0219. \u00cen prezent, \u00eencep\u00e2nd [&hellip;]<\/p>\n","protected":false},"author":4,"featured_media":0,"parent":11386,"menu_order":31,"comment_status":"closed","ping_status":"closed","template":"","meta":{"_acf_changed":false,"footnotes":""},"class_list":["post-11133","page","type-page","status-publish","hentry"],"acf":[],"_links":{"self":[{"href":"https:\/\/dipicdev.ro\/hu\/wp-json\/wp\/v2\/pages\/11133","targetHints":{"allow":["GET"]}}],"collection":[{"href":"https:\/\/dipicdev.ro\/hu\/wp-json\/wp\/v2\/pages"}],"about":[{"href":"https:\/\/dipicdev.ro\/hu\/wp-json\/wp\/v2\/types\/page"}],"author":[{"embeddable":true,"href":"https:\/\/dipicdev.ro\/hu\/wp-json\/wp\/v2\/users\/4"}],"replies":[{"embeddable":true,"href":"https:\/\/dipicdev.ro\/hu\/wp-json\/wp\/v2\/comments?post=11133"}],"version-history":[{"count":0,"href":"https:\/\/dipicdev.ro\/hu\/wp-json\/wp\/v2\/pages\/11133\/revisions"}],"up":[{"embeddable":true,"href":"https:\/\/dipicdev.ro\/hu\/wp-json\/wp\/v2\/pages\/11386"}],"wp:attachment":[{"href":"https:\/\/dipicdev.ro\/hu\/wp-json\/wp\/v2\/media?parent=11133"}],"curies":[{"name":"wp","href":"https:\/\/api.w.org\/{rel}","templated":true}]}}