{"id":11130,"date":"2016-05-17T19:00:08","date_gmt":"2016-05-17T16:00:08","guid":{"rendered":"https:\/\/dipicdev.ro\/dotarea-cu-aparatura-medicala-2\/"},"modified":"2018-11-19T10:27:11","modified_gmt":"2018-11-19T08:27:11","slug":"dotarea-cu-aparatura-medicala","status":"publish","type":"page","link":"https:\/\/dipicdev.ro\/hu\/servicii-medicale\/sectiile-spitalului\/sectia-clinica-neurologie-i\/dotarea-cu-aparatura-medicala\/","title":{"rendered":"Dotarea cu aparatur\u0103 medical\u0103"},"content":{"rendered":"<h3><strong>DOTAREA CU APARATUR\u0102 MEDICAL\u0102<\/strong><\/h3>\n<table width=\"912\">\n<tbody>\n<tr>\n<td width=\"912\">APARAT HIPOTERM<\/td>\n<\/tr>\n<tr>\n<td>APARAT INFUZIE CU SERINGI AUTOMATE<\/td>\n<\/tr>\n<tr>\n<td>ASPIRATOR\u00a0 SECRETII<\/td>\n<\/tr>\n<tr>\n<td>ASPIRATOR CHIRURGICAL<\/td>\n<\/tr>\n<tr>\n<td>BICICLETA ERGOMETRICA<\/td>\n<\/tr>\n<tr>\n<td>CEREBROVASCULAR DIAGNOSTIC<\/td>\n<\/tr>\n<tr>\n<td>DEFIBRILATOR<\/td>\n<\/tr>\n<tr>\n<td>DOPPLER VASCULAR<\/td>\n<\/tr>\n<tr>\n<td>ECO &#8211; DOPPLER PT.APLICATII CEREBROVASCULARE<\/td>\n<\/tr>\n<tr>\n<td>ELECTROCARDIOGRAF PORTABIL CU 3 CANALE<\/td>\n<\/tr>\n<tr>\n<td>ELECTROENCEFALOGRAF<\/td>\n<\/tr>\n<tr>\n<td>ELECTROENCEFALOGRAF COMPUTERIZAT<\/td>\n<\/tr>\n<tr>\n<td>ELECTROMIOGRAF<\/td>\n<\/tr>\n<tr>\n<td>MICROSCOP BINOCULAR<\/td>\n<\/tr>\n<tr>\n<td>MONITOR FUNCTII VITALE<\/td>\n<\/tr>\n<tr>\n<td>RAHIMANOMETRU CLAUDE<\/td>\n<\/tr>\n<tr>\n<td>SISTEM DIGITAL MULTIFUNCT.CU 4 CANALE EMG,PE,2CANALE<\/td>\n<\/tr>\n<tr>\n<td>SISTEM MONITORIZARE STYROKE<\/td>\n<\/tr>\n<\/tbody>\n<\/table>\n","protected":false},"excerpt":{"rendered":"<p>DOTAREA CU APARATUR\u0102 MEDICAL\u0102 APARAT HIPOTERM APARAT INFUZIE CU SERINGI AUTOMATE ASPIRATOR\u00a0 SECRETII ASPIRATOR CHIRURGICAL BICICLETA ERGOMETRICA CEREBROVASCULAR DIAGNOSTIC DEFIBRILATOR DOPPLER VASCULAR ECO &#8211; DOPPLER PT.APLICATII CEREBROVASCULARE ELECTROCARDIOGRAF PORTABIL CU 3 CANALE ELECTROENCEFALOGRAF ELECTROENCEFALOGRAF COMPUTERIZAT ELECTROMIOGRAF MICROSCOP BINOCULAR MONITOR FUNCTII VITALE RAHIMANOMETRU CLAUDE SISTEM DIGITAL MULTIFUNCT.CU 4 CANALE EMG,PE,2CANALE SISTEM MONITORIZARE STYROKE<\/p>\n","protected":false},"author":4,"featured_media":0,"parent":11386,"menu_order":29,"comment_status":"closed","ping_status":"closed","template":"","meta":{"_acf_changed":false,"footnotes":""},"class_list":["post-11130","page","type-page","status-publish","hentry"],"acf":[],"_links":{"self":[{"href":"https:\/\/dipicdev.ro\/hu\/wp-json\/wp\/v2\/pages\/11130","targetHints":{"allow":["GET"]}}],"collection":[{"href":"https:\/\/dipicdev.ro\/hu\/wp-json\/wp\/v2\/pages"}],"about":[{"href":"https:\/\/dipicdev.ro\/hu\/wp-json\/wp\/v2\/types\/page"}],"author":[{"embeddable":true,"href":"https:\/\/dipicdev.ro\/hu\/wp-json\/wp\/v2\/users\/4"}],"replies":[{"embeddable":true,"href":"https:\/\/dipicdev.ro\/hu\/wp-json\/wp\/v2\/comments?post=11130"}],"version-history":[{"count":1,"href":"https:\/\/dipicdev.ro\/hu\/wp-json\/wp\/v2\/pages\/11130\/revisions"}],"predecessor-version":[{"id":11131,"href":"https:\/\/dipicdev.ro\/hu\/wp-json\/wp\/v2\/pages\/11130\/revisions\/11131"}],"up":[{"embeddable":true,"href":"https:\/\/dipicdev.ro\/hu\/wp-json\/wp\/v2\/pages\/11386"}],"wp:attachment":[{"href":"https:\/\/dipicdev.ro\/hu\/wp-json\/wp\/v2\/media?parent=11130"}],"curies":[{"name":"wp","href":"https:\/\/api.w.org\/{rel}","templated":true}]}}