{"id":11126,"date":"2016-05-17T19:09:13","date_gmt":"2016-05-17T16:09:13","guid":{"rendered":"https:\/\/dipicdev.ro\/despre-noi-scurt-istoric-2\/"},"modified":"2016-05-17T19:09:13","modified_gmt":"2016-05-17T16:09:13","slug":"despre-noi-scurt-istoric","status":"publish","type":"page","link":"https:\/\/dipicdev.ro\/hu\/servicii-medicale\/sectiile-spitalului\/sectia-clinica-neurologie-i\/despre-noi-scurt-istoric\/","title":{"rendered":"Despre noi. Scurt istoric"},"content":{"rendered":"<h3><strong>DESPRE NOI. SCURT ISTORIC<\/strong><\/h3>\n<p>Clinica Neurologie I din Tg.Mure\u00ba este parte a Spitalului Clinic Jude\u00feean de Urgen\u00fe\u00e3 Tg. Mure\u00ba.<\/p>\n<p>Infiin\u021bat\u00e3 \u00een anul 1947<\/p>\n<p>Clinica Neurologic\u00e3 a fost condus\u00e3 de-a lungul timpului de personalit\u00e3\u00fei de renume ale medicinii rom\u00e2ne\u00bati, respectiv Prof.Dr.Doc.Liviu Popoviciu \u00bai Prof. Dr. Ion Pascu, membru al Academiei de \u00aatiin\u00fee Medicale \u00bai rector al Universit\u00e3\u00feii de Medicin\u00e3 \u00bai Farmacie din Tg. Mure\u00ba, \u00een prezent profesor consultant al clinicii noastre.\u00bai un cabinet de logopedie-psihologie.<\/p>\n<p>Actualmente aici isi desfasoara activitatea 5 medici primari si 3 medici speciali\u00bati.<\/p>\n<p>Clinica noastra este renumita pentru experienta pe care personalul medical inalt calificat o are in diagnosticul si tratamentul afectiunilor neurologice cum ar fi bolile cerebro-vasculare, scleroza multipla si alte boli demielinizante, boala Parkinson si alte afectiuni ale ganglionilor bazali, epilepsia, patologia nervilor periferici, boli neurologice eredo-degenerative, procese neoplazice neurologice primare sau secundare.<\/p>\n<p>Clinica Neurologie I Targu Mures este un important centru de pregatire postuniversitara unde sub indrumarea atenta a colectivului clinicii, viitorii medici neurologi sunt initiati in tainele acestei specialitati.<\/p>\n<p>Clinica Neurologie I dispune de 13 saloane, din care 2 de Terapie Intensiva -totaliz\u00e2nd un numar de 70 de paturi, 3 camere de studiu, o sala de curs, o biblioteca, 2 sali de tratament si 2 camere pentru medici, un cabinet pentru examinari Doppler , unul pentru examinari electroencefalografie si potentiale evocate, unul pentru examinari elecromiografie<\/p>\n","protected":false},"excerpt":{"rendered":"<p>DESPRE NOI. SCURT ISTORIC Clinica Neurologie I din Tg.Mure\u00ba este parte a Spitalului Clinic Jude\u00feean de Urgen\u00fe\u00e3 Tg. Mure\u00ba. Infiin\u021bat\u00e3 \u00een anul 1947 Clinica Neurologic\u00e3 a fost condus\u00e3 de-a lungul timpului de personalit\u00e3\u00fei de renume ale medicinii rom\u00e2ne\u00bati, respectiv Prof.Dr.Doc.Liviu Popoviciu \u00bai Prof. Dr. Ion Pascu, membru al Academiei de \u00aatiin\u00fee Medicale \u00bai rector al [&hellip;]<\/p>\n","protected":false},"author":4,"featured_media":0,"parent":11386,"menu_order":35,"comment_status":"closed","ping_status":"closed","template":"","meta":{"_acf_changed":false,"footnotes":""},"class_list":["post-11126","page","type-page","status-publish","hentry"],"acf":[],"_links":{"self":[{"href":"https:\/\/dipicdev.ro\/hu\/wp-json\/wp\/v2\/pages\/11126","targetHints":{"allow":["GET"]}}],"collection":[{"href":"https:\/\/dipicdev.ro\/hu\/wp-json\/wp\/v2\/pages"}],"about":[{"href":"https:\/\/dipicdev.ro\/hu\/wp-json\/wp\/v2\/types\/page"}],"author":[{"embeddable":true,"href":"https:\/\/dipicdev.ro\/hu\/wp-json\/wp\/v2\/users\/4"}],"replies":[{"embeddable":true,"href":"https:\/\/dipicdev.ro\/hu\/wp-json\/wp\/v2\/comments?post=11126"}],"version-history":[{"count":0,"href":"https:\/\/dipicdev.ro\/hu\/wp-json\/wp\/v2\/pages\/11126\/revisions"}],"up":[{"embeddable":true,"href":"https:\/\/dipicdev.ro\/hu\/wp-json\/wp\/v2\/pages\/11386"}],"wp:attachment":[{"href":"https:\/\/dipicdev.ro\/hu\/wp-json\/wp\/v2\/media?parent=11126"}],"curies":[{"name":"wp","href":"https:\/\/api.w.org\/{rel}","templated":true}]}}