{"id":11085,"date":"2016-05-17T19:16:47","date_gmt":"2016-05-17T16:16:47","guid":{"rendered":"https:\/\/dipicdev.ro\/activitate-medicala-2\/"},"modified":"2018-11-19T00:52:21","modified_gmt":"2018-11-18T22:52:21","slug":"activitate-medicala","status":"publish","type":"page","link":"https:\/\/dipicdev.ro\/hu\/servicii-medicale\/sectiile-spitalului\/sectia-clinica-neonatologie\/activitate-medicala\/","title":{"rendered":"Activitate Medical\u0103"},"content":{"rendered":"<h3>Activitate medical\u0103<\/h3>\n<p>Motto-ul sec\u021biei:<\/p>\n<p><em><strong>&#8222;Peste o sut\u0103 de ani de acum nu va mai conta c\u00e2t de mare a fost contul meu de banc\u0103, \u00een ce fel de cas\u0103 am tr\u0103it sau ce ma\u0219in\u0103 am condus, dar poate c\u0103 lumea va fi diferit\u0103 fiindc\u0103 am fost important \u00een via\u021ba unui copil.&#8221;\u00a0\u00a0\u00a0\u00a0\u00a0\u00a0\u00a0\u00a0\u00a0\u00a0\u00a0\u00a0\u00a0\u00a0\u00a0\u00a0\u00a0\u00a0\u00a0\u00a0 Forest E. Witcraft<\/strong><\/em><\/p>\n<p><strong>\u00a0<\/strong><\/p>\n<p><strong>Sec\u021bia Clinic\u0103 Neonatologie <\/strong><strong>din cadrul Spitalului Clinic Jude\u021bean de Urgen\u021b\u0103 T\u00e2rgu Mure\u0219<\/strong> este <strong>Centru Regional (de excelen\u021b\u0103)<\/strong> pentru ingrijiri perinatale \u00eencep\u00e2nd cu anul 2003, fiind condus\u0103 de c\u0103tre medic \u0219ef sec\u021bie conf. dr. Cucerea Manuela.<\/p>\n<p>De asemenea, sec\u021bia este centru pilot \u00een cadrul programului guvernamental rom\u00e2no-elvetian RoNeoNat, ceea ce implica \u00eengrijirea nou-n\u0103scu\u021bilor cu risc, \u00een special a prematurilor cu v\u00e2rst\u0103 gesta\u021bional\u0103 sub 32 s\u0103pt\u0103m\u00e2ni din regiunea arondat\u0103 \u0219i majoritatea nou-n\u0103scu\u021bilor cu malforma\u021bii de cord critice din Rom\u00e2nia pentru \u00eengrijiri preoperatorii.<\/p>\n<p>\u00cencep\u00e2nd cu anul 2007 Sec\u021biei Clinice Neonatologie i-a fost acordat\u0103 de c\u0103tre UNICEF distinc\u021bia <strong>\u201eSpital prieten al copilului\u201d<\/strong>, fiind totodat\u0103 o certificarea \u00eendeplinirii de c\u0103tre sec\u021bia a standardului prin care este promovat\u0103 alimenta\u021bia exclusiv natural\u0103 prin \u00eencurajarea proaspetelelor mame s\u0103-\u0219i alimenteze nou-n\u0103scu\u021bii exclusiv la s\u00e2n \u0219i la cerere.<\/p>\n<p>Din anul 2009, al\u0103turi de Sec\u021bia Obstetric\u0103-Ginecologie (UGON) suntem <strong>certifica\u021bi SR EN ISO 9001:2008,<\/strong> ceea ce garanteaz\u0103 asiguarea unor servicii medicale de calitate focalizate pe siguran\u021ba \u0219i satisfac\u021bia pacien\u021bilor.<\/p>\n<p>Sec\u021bia Clinic\u0103 Neonatologie dispune de 10 paturi de terapie intensiv\u0103 neonatal\u0103, 15 paturi \u00een cadrul compartimentului nou-n\u0103scu\u021bi prematuri \u0219i 40 paturi pentru nou-n\u0103scu\u021bii normoponderali \u00een saloane tip rooming-in (mama cu copil).<\/p>\n<p>Sfera activit\u0103\u021bii medicale este larg\u0103, fiind asigurate urm\u0103toarele servicii medicale:<\/p>\n<ul>\n<li>resuscitarea neonatal;<\/li>\n<li>tratamentul patologiei neonatale (<strong>prematuritatea extrem\u0103, patologia respiratorie<\/strong> \u2013 administrare de surfactant, diferite tipuri de ventila\u021bie mecanic\u0103, <strong>patologie cardiac\u0103<\/strong> \u2013 administrare prostaglandin\u0103, preg\u0103tire preoperatorie, <strong>patologie neurologic\u0103 \u2013 <\/strong>tratamentul asfixiei la na\u0219tere, sindromului postasfixic, convulsiilor neonatale, hidrocefaliei,<strong> patologie digestiv\u0103, renal\u0103, malformativ\u0103<\/strong>);<\/li>\n<li>monitorizare complex\u0103;<\/li>\n<li>investiga\u021bii imagistice (ecografii transfontanelare, abdominale, de \u0219old) asigurate prin preg\u0103tirea personalului medical \u0219i aparatura din dotare;<\/li>\n<li>activit\u0103\u021bi de screening neonatal (boli metabolice rare \u2013 fenilcetonurie, hipotiroidie congenital\u0103, testarea auzului);<\/li>\n<li>vaccin\u0103ri \u00een cadrul Campaniei Na\u021bionale de Vaccin\u0103ri \u0219i vaccin\u0103ri sezoniere (la prematurul cu risc \u2013 imunizare pasiv\u0103 impotriva infec\u021biei cu virus sinci\u021bial respirator);<\/li>\n<li>urm\u0103rirea nou-n\u0103scu\u021bilor prematuri din punct de vedere oftalmologic pentru depistarea retinopatiei prematurit\u0103\u021bii \u0219i tratamentul specific prin fotocoagulare laser (prin colaborare cu medicul oftalmolog);<\/li>\n<li>urm\u0103rirea nou-n\u0103scu\u021bilor cu risc p\u00e2n\u0103 la v\u00e2rsta de 2 ani (control hematologic, ecografie transfontanelara, dezvoltare neuropsihomotorie), \u00een regim de spitalizare de zi.<\/li>\n<\/ul>\n<p> Activitatea medical\u0103 se desf\u0103\u0219oar\u0103 \u00een conformitate cu protocoale clinice elaborate pe baza Ghidurilor Na\u021bionale de Neonatologie actualizate conform cerin\u021belor europene<\/p>\n","protected":false},"excerpt":{"rendered":"<p>Activitate medical\u0103 Motto-ul sec\u021biei: &#8222;Peste o sut\u0103 de ani de acum nu va mai conta c\u00e2t de mare a fost contul meu de banc\u0103, \u00een ce fel de cas\u0103 am tr\u0103it sau ce ma\u0219in\u0103 am condus, dar poate c\u0103 lumea va fi diferit\u0103 fiindc\u0103 am fost important \u00een via\u021ba unui copil.&#8221;\u00a0\u00a0\u00a0\u00a0\u00a0\u00a0\u00a0\u00a0\u00a0\u00a0\u00a0\u00a0\u00a0\u00a0\u00a0\u00a0\u00a0\u00a0\u00a0\u00a0 Forest E. Witcraft \u00a0 [&hellip;]<\/p>\n","protected":false},"author":4,"featured_media":0,"parent":11388,"menu_order":38,"comment_status":"closed","ping_status":"closed","template":"","meta":{"_acf_changed":false,"footnotes":""},"class_list":["post-11085","page","type-page","status-publish","hentry"],"acf":[],"_links":{"self":[{"href":"https:\/\/dipicdev.ro\/hu\/wp-json\/wp\/v2\/pages\/11085","targetHints":{"allow":["GET"]}}],"collection":[{"href":"https:\/\/dipicdev.ro\/hu\/wp-json\/wp\/v2\/pages"}],"about":[{"href":"https:\/\/dipicdev.ro\/hu\/wp-json\/wp\/v2\/types\/page"}],"author":[{"embeddable":true,"href":"https:\/\/dipicdev.ro\/hu\/wp-json\/wp\/v2\/users\/4"}],"replies":[{"embeddable":true,"href":"https:\/\/dipicdev.ro\/hu\/wp-json\/wp\/v2\/comments?post=11085"}],"version-history":[{"count":1,"href":"https:\/\/dipicdev.ro\/hu\/wp-json\/wp\/v2\/pages\/11085\/revisions"}],"predecessor-version":[{"id":11086,"href":"https:\/\/dipicdev.ro\/hu\/wp-json\/wp\/v2\/pages\/11085\/revisions\/11086"}],"up":[{"embeddable":true,"href":"https:\/\/dipicdev.ro\/hu\/wp-json\/wp\/v2\/pages\/11388"}],"wp:attachment":[{"href":"https:\/\/dipicdev.ro\/hu\/wp-json\/wp\/v2\/media?parent=11085"}],"curies":[{"name":"wp","href":"https:\/\/api.w.org\/{rel}","templated":true}]}}