{"id":11078,"date":"2016-05-17T19:35:37","date_gmt":"2016-05-17T16:35:37","guid":{"rendered":"https:\/\/dipicdev.ro\/activitate-medicala-2\/"},"modified":"2018-11-19T00:52:15","modified_gmt":"2018-11-18T22:52:15","slug":"activitate-medicala","status":"publish","type":"page","link":"https:\/\/dipicdev.ro\/hu\/servicii-medicale\/sectiile-spitalului\/sectia-clinica-chirurgie-orala-si-maxilo-faciala\/activitate-medicala\/","title":{"rendered":"Activitate Medical\u0103"},"content":{"rendered":"<h3><strong>Alte activit\u0103\u021bi<\/strong><\/h3>\n<p>\u00cen cadrul Sec\u021biei Clinice Chirurgie Oral\u0103 \u0219i Maxilo Facial\u0103 se efectueaz\u0103 studii clinice, acestea fiind urm\u0103toarele:<\/p>\n<ul>\n<li>2007-2008 \u2013 Studiu clinic interna\u0163ional (India,Romania)-efectuat de Newron Pharmaceuticals S.p.A,Via Ludovico Ariosto 21,20091 Bresso (Milano)Italy cu tema: <strong><em>,,A phase II,Pilot,Randomized,Placebo-controlled,Double-blind study to determine the safety , tolerability,and preliminary evidence of analgesic efficacy of Ralfinamide in patients with third molar post-extraction dental pain \u2019\u2019.<\/em><\/strong><\/li>\n<li>2001-2002 \u2013 Studiu clinic efectuat de Istituto Biochmico Italiano Giovanni Lorenzini S.p.A. Milan,Italy,\u00eempreun\u0103 cu UMF Constan\u0163a, Timi\u015foara, Tg.Mure\u015f cu tema: <strong><em>,,Open randomized clinical trial to evaluate the anti-edema activity os Escin vials vs. standard Steroid therapy after surgery for jaw fracture\u201d<\/em><\/strong><\/li>\n<li>2014-2016 \u2013 Proiect interdisciplinar ob\u0163inut \u00een cadrul CIGCS-CC a UMF Tg. Mure\u015f (membrii de proiect: Dr.Ormeni\u015fan Alina si Dr. Grigora\u015f Radu) intitulat ,,Determinarea corela\u0163iei \u00eentre modelul matematic de resorb\u021bie osoas\u0103 \u0219i cel ob\u0163inut in vivo la pacien\u0163ii cu augumentarea osoas\u0103 a zonei laterale mandibulare.<\/li>\n<\/ul>\n","protected":false},"excerpt":{"rendered":"<p>Alte activit\u0103\u021bi \u00cen cadrul Sec\u021biei Clinice Chirurgie Oral\u0103 \u0219i Maxilo Facial\u0103 se efectueaz\u0103 studii clinice, acestea fiind urm\u0103toarele: 2007-2008 \u2013 Studiu clinic interna\u0163ional (India,Romania)-efectuat de Newron Pharmaceuticals S.p.A,Via Ludovico Ariosto 21,20091 Bresso (Milano)Italy cu tema: ,,A phase II,Pilot,Randomized,Placebo-controlled,Double-blind study to determine the safety , tolerability,and preliminary evidence of analgesic efficacy of Ralfinamide in patients with [&hellip;]<\/p>\n","protected":false},"author":4,"featured_media":0,"parent":11393,"menu_order":15,"comment_status":"closed","ping_status":"closed","template":"","meta":{"_acf_changed":false,"footnotes":""},"class_list":["post-11078","page","type-page","status-publish","hentry"],"acf":[],"_links":{"self":[{"href":"https:\/\/dipicdev.ro\/hu\/wp-json\/wp\/v2\/pages\/11078","targetHints":{"allow":["GET"]}}],"collection":[{"href":"https:\/\/dipicdev.ro\/hu\/wp-json\/wp\/v2\/pages"}],"about":[{"href":"https:\/\/dipicdev.ro\/hu\/wp-json\/wp\/v2\/types\/page"}],"author":[{"embeddable":true,"href":"https:\/\/dipicdev.ro\/hu\/wp-json\/wp\/v2\/users\/4"}],"replies":[{"embeddable":true,"href":"https:\/\/dipicdev.ro\/hu\/wp-json\/wp\/v2\/comments?post=11078"}],"version-history":[{"count":1,"href":"https:\/\/dipicdev.ro\/hu\/wp-json\/wp\/v2\/pages\/11078\/revisions"}],"predecessor-version":[{"id":11114,"href":"https:\/\/dipicdev.ro\/hu\/wp-json\/wp\/v2\/pages\/11078\/revisions\/11114"}],"up":[{"embeddable":true,"href":"https:\/\/dipicdev.ro\/hu\/wp-json\/wp\/v2\/pages\/11393"}],"wp:attachment":[{"href":"https:\/\/dipicdev.ro\/hu\/wp-json\/wp\/v2\/media?parent=11078"}],"curies":[{"name":"wp","href":"https:\/\/api.w.org\/{rel}","templated":true}]}}