{"id":11069,"date":"2016-05-17T20:24:04","date_gmt":"2016-05-17T17:24:04","guid":{"rendered":"https:\/\/dipicdev.ro\/activitate-medicala-2\/"},"modified":"2018-11-19T00:52:10","modified_gmt":"2018-11-18T22:52:10","slug":"activitate-medicala","status":"publish","type":"page","link":"https:\/\/dipicdev.ro\/hu\/servicii-medicale\/sectiile-spitalului\/sectia-clinica-neurochirurgie\/activitate-medicala\/","title":{"rendered":"Activitate Medical\u0103"},"content":{"rendered":"<h3><strong>ACTIVITATE MEDICAL\u0102<\/strong><\/h3>\n<p>Sec\u021bia Neurochirurgie are o veche tradi\u021bie \u00een cadrul medicinii mure\u0219ene, colectivul sec\u021biei aflat sub conducerea dr. Adrian B\u0103la\u0219a, trateaz\u0103 \u00eentreg spectrul de patologie chirurgical\u0103 ce afecteaz\u0103 creierul, m\u0103duva spin\u0103rii \u0219i nervii periferici.<\/p>\n<p>\u00cen cadrul sec\u021biei se trateaz\u0103 pacien\u021bii cronici de pe \u00eentreg teritoriul tarii, asigur\u00e2ndu-se \u0219i urgen\u021ba neurochirurgical\u0103 pentru jude\u021bele Mure\u0219, Hargita, Covasna \u0219i Bistri\u021ba-N\u0103s\u0103ud.<\/p>\n<p>Serviciile medicale oferite \u00een cadrul sec\u021biei privesc urm\u0103toarele patologii:<\/p>\n<ul>\n<li><strong>patologie tumoral\u0103 cranian\u0103 <\/strong>&#8211; sunt tratate chirurgical urm\u0103toarele tipuri de tumori cerebrale: glioame cerebrale (astrocitoame \u0219i glioame cerebrale de grade mici \u0219i mari, glioame de trunchi cerebral, oligodendroglioame, ependimoame), tumori ale meningelor cerebrale (meningioame), tumori ale nervilor cranieni (schwanoame), alte tumori intracraniene (chondroame, meduloblastoame, craniofaringioame, hemangioblastoame, tumori intraorbitare), determinari secundare (metastaze diseminate cerebral ale altor neoplasme sistemice);<\/li>\n<li><strong>patologie vascular\u0103 cranian\u0103 <\/strong>este reprezentat\u0103 de: tratamentul anevrismelor cerebrale rupte sau nerupte prin clipare sau prin tratament endovascular \u00een colaborare cu Laboratorul de radiologie \u0219i imagistic\u0103 medical\u0103 \u2013 radiologie interven\u021bional\u0103 din cadrul Spitalului Clinic Jude\u021bean de Urgen\u021b\u0103 T\u00e2rgu Mure\u0219, tratamentul malforma\u021biilor vasculare cerebrale (malforma\u021bii arterio-venoase, cavernoame), tratamentul hemoragiei intracerebrale primare \u0219i \u00een anumite cazuri decompresia de urgen\u021b\u0103 a ischemiei cerebrale;<\/li>\n<li><strong>patologie traumatic\u0103 cranian\u0103 de urgen\u021b\u0103 <\/strong><\/li>\n<li><strong>alte patologii cerebrale<\/strong> &#8211; se trateaz\u0103 numeroase alte patologii intracraniene ale adultului \u0219i pediatrice precum: hidrocefalia prin inser\u021bia de drenaje ventriculo-peritoneale, malforma\u021bia Arnold-Chiarii, craniostenoze, patologia durerii trigeminale (decompresie vascular\u0103 microchirurgical\u0103 sau neuroliza, abcesele cerebrale, cura defectelor craniene prin cranioplastie);<\/li>\n<li><strong>patologie tumoral\u0103 spinal\u0103 \u2013 <\/strong><strong>se trateaz\u0103 \u00eentreg<\/strong> spectrul de patologie tumoral\u0103 ce apare la nivel spinal (tumori benigne si maligne extradurale, subdradurale extramedulare \u0219i intramedulare;<\/li>\n<li><strong>hernia de disc cervical\u0103 \u0219i lombar\u0103 \u2013 <\/strong>reprezint\u0103 o patologie des \u00eent\u00e2lnit\u0103 \u0219i afecteaz\u0103 \u00een special segmentul activ al popula\u021biei. Hernia de disc apare la nivelul discurilor interverbrale (cel mai des la nivel lombar \u0219i cervical) prin exteriorizarea nucleului pulpos, prin aceasta efectu\u00e2nd compresie asupra structurilor nervoase adiacente. \u00cen functie de loca\u021bia la care apare hernia aceasta poate da dureri, amor\u021beli sau scaderea for\u021bei musculare la nivelul m\u00e2inilor sau picioarelor;<\/li>\n<li><strong>alte patologii spinale tratate &#8211; <\/strong>se trateaz\u0103 numeroase alte patologii spinale precum: meningocelul, mielomeningocelul, maduva ata\u0219ata, stenoze de canal rahidian cervicale sau dorsale.<\/li>\n<\/ul>\n","protected":false},"excerpt":{"rendered":"<p>ACTIVITATE MEDICAL\u0102 Sec\u021bia Neurochirurgie are o veche tradi\u021bie \u00een cadrul medicinii mure\u0219ene, colectivul sec\u021biei aflat sub conducerea dr. Adrian B\u0103la\u0219a, trateaz\u0103 \u00eentreg spectrul de patologie chirurgical\u0103 ce afecteaz\u0103 creierul, m\u0103duva spin\u0103rii \u0219i nervii periferici. \u00cen cadrul sec\u021biei se trateaz\u0103 pacien\u021bii cronici de pe \u00eentreg teritoriul tarii, asigur\u00e2ndu-se \u0219i urgen\u021ba neurochirurgical\u0103 pentru jude\u021bele Mure\u0219, Hargita, Covasna [&hellip;]<\/p>\n","protected":false},"author":4,"featured_media":0,"parent":11395,"menu_order":36,"comment_status":"closed","ping_status":"closed","template":"","meta":{"_acf_changed":false,"footnotes":""},"class_list":["post-11069","page","type-page","status-publish","hentry"],"acf":[],"_links":{"self":[{"href":"https:\/\/dipicdev.ro\/hu\/wp-json\/wp\/v2\/pages\/11069","targetHints":{"allow":["GET"]}}],"collection":[{"href":"https:\/\/dipicdev.ro\/hu\/wp-json\/wp\/v2\/pages"}],"about":[{"href":"https:\/\/dipicdev.ro\/hu\/wp-json\/wp\/v2\/types\/page"}],"author":[{"embeddable":true,"href":"https:\/\/dipicdev.ro\/hu\/wp-json\/wp\/v2\/users\/4"}],"replies":[{"embeddable":true,"href":"https:\/\/dipicdev.ro\/hu\/wp-json\/wp\/v2\/comments?post=11069"}],"version-history":[{"count":1,"href":"https:\/\/dipicdev.ro\/hu\/wp-json\/wp\/v2\/pages\/11069\/revisions"}],"predecessor-version":[{"id":11109,"href":"https:\/\/dipicdev.ro\/hu\/wp-json\/wp\/v2\/pages\/11069\/revisions\/11109"}],"up":[{"embeddable":true,"href":"https:\/\/dipicdev.ro\/hu\/wp-json\/wp\/v2\/pages\/11395"}],"wp:attachment":[{"href":"https:\/\/dipicdev.ro\/hu\/wp-json\/wp\/v2\/media?parent=11069"}],"curies":[{"name":"wp","href":"https:\/\/api.w.org\/{rel}","templated":true}]}}