{"id":11059,"date":"2016-05-17T20:44:27","date_gmt":"2016-05-17T17:44:27","guid":{"rendered":"https:\/\/dipicdev.ro\/criterii-de-externare\/"},"modified":"2018-11-19T00:52:03","modified_gmt":"2018-11-18T22:52:03","slug":"criterii-de-externare","status":"publish","type":"page","link":"https:\/\/dipicdev.ro\/hu\/servicii-medicale\/sectiile-spitalului\/sectia-clinica-ati\/criterii-de-externare\/","title":{"rendered":"Criterii de Externare"},"content":{"rendered":"<h3><strong>CRITERII DE EXTERNARE<\/strong><\/h3>\n<p>Starea pacien\u021bilor admi\u0219i \u00een terapie intensiv\u0103 este continuu urm\u0103rit\u0103 \u0219i evaluat\u0103 pentru identificarea acelor pacien\u021bi care nu mai necesit\u0103 terapie intensiv\u0103. Exemplu \u2013 c\u00e2nd dezechilibrele pacientului au fost stabilizate \u0219i nu mai necesit\u0103 monitorizare \u0219i \u00eengrijire \u00een terapia intensive. C\u00e2nd dezechilibrele pacientului se agraveaz\u0103 \u00een ciuda m\u0103surilor terapeutice \u0219i mijloacele de interven\u021bie sunt epuizate se impune transferul la un nivel mai jos de \u00eengrijire.<\/span><\/p>\n<p style=\"text-indent: 18.8pt; line-height: 13.75pt; margin: 16.3pt 0in; background: white;\"><span style=\"font-size: 9.5pt; font-family: 'Arial','sans-serif'; color: #3e3e3e;\">Criteriile de externatre din terpie intensive sunt similare cu criteriile de admisie la nivelul imediat mai jos (terapie intermediar\u0103\/postoperator). Nu to\u021bi pacien\u021bii necesit\u0103 internarea \u00een terapie intermediar\u0103\/postoperator, unii pacien\u021bi put\u00e2nd fi transfera\u021bi \u00een sec\u021biile obi\u0219nuite de spital.<\/p>\n","protected":false},"excerpt":{"rendered":"<p>CRITERII DE EXTERNARE Starea pacien\u021bilor admi\u0219i \u00een terapie intensiv\u0103 este continuu urm\u0103rit\u0103 \u0219i evaluat\u0103 pentru identificarea acelor pacien\u021bi care nu mai necesit\u0103 terapie intensiv\u0103. Exemplu \u2013 c\u00e2nd dezechilibrele pacientului au fost stabilizate \u0219i nu mai necesit\u0103 monitorizare \u0219i \u00eengrijire \u00een terapia intensive. C\u00e2nd dezechilibrele pacientului se agraveaz\u0103 \u00een ciuda m\u0103surilor terapeutice \u0219i mijloacele de interven\u021bie [&hellip;]<\/p>\n","protected":false},"author":4,"featured_media":0,"parent":11406,"menu_order":0,"comment_status":"closed","ping_status":"closed","template":"","meta":{"_acf_changed":false,"footnotes":""},"class_list":["post-11059","page","type-page","status-publish","hentry"],"acf":[],"_links":{"self":[{"href":"https:\/\/dipicdev.ro\/hu\/wp-json\/wp\/v2\/pages\/11059","targetHints":{"allow":["GET"]}}],"collection":[{"href":"https:\/\/dipicdev.ro\/hu\/wp-json\/wp\/v2\/pages"}],"about":[{"href":"https:\/\/dipicdev.ro\/hu\/wp-json\/wp\/v2\/types\/page"}],"author":[{"embeddable":true,"href":"https:\/\/dipicdev.ro\/hu\/wp-json\/wp\/v2\/users\/4"}],"replies":[{"embeddable":true,"href":"https:\/\/dipicdev.ro\/hu\/wp-json\/wp\/v2\/comments?post=11059"}],"version-history":[{"count":1,"href":"https:\/\/dipicdev.ro\/hu\/wp-json\/wp\/v2\/pages\/11059\/revisions"}],"predecessor-version":[{"id":11103,"href":"https:\/\/dipicdev.ro\/hu\/wp-json\/wp\/v2\/pages\/11059\/revisions\/11103"}],"up":[{"embeddable":true,"href":"https:\/\/dipicdev.ro\/hu\/wp-json\/wp\/v2\/pages\/11406"}],"wp:attachment":[{"href":"https:\/\/dipicdev.ro\/hu\/wp-json\/wp\/v2\/media?parent=11059"}],"curies":[{"name":"wp","href":"https:\/\/api.w.org\/{rel}","templated":true}]}}