{"id":11052,"date":"2016-05-17T20:54:27","date_gmt":"2016-05-17T17:54:27","guid":{"rendered":"https:\/\/dipicdev.ro\/structura-clinicii\/"},"modified":"2018-11-19T00:51:59","modified_gmt":"2018-11-18T22:51:59","slug":"structura-clinicii","status":"publish","type":"page","link":"https:\/\/dipicdev.ro\/hu\/servicii-medicale\/sectiile-spitalului\/sectia-clinica-ati\/structura-clinicii\/","title":{"rendered":"Structura Sec\u021biei Clinice ATI"},"content":{"rendered":"<h3><strong>STRUCTURA SEC\u021aIEI CLINICE A.T.I.<\/strong><\/h3>\n<p>Din punct de vedere structural, sec\u021bia clinic\u0103 este un sistem \u00eenchis, intern\u0103rile\u00a0 clinicile spitalului, indiferent de domiciliului pacientului.<\/p>\n<p>Sec\u021bia are un compartiment aseptic \u0219i unul septic, desp\u0103r\u021bite de un coridor locuit de lifturi, accesul spre cardiologie interven\u021bional\u0103, spre blocurile operatorii de chirurgie general\u0103. Exist\u0103 \u0219i o biblioteca \u0219i trei camere de gard\u0103, dar \u0219i c\u00e2te un spa\u021biu pe ambele aripi ale sec\u021biei destinat repausului asisten\u021biilor medicali. \u00cen compartimentul aseptic func\u021bioneaz\u0103 punctul de transfuzie, care asigur\u0103 necesarul transfuzional al \u00eentregului spital.<\/p>\n<p style=\"text-align: center;\"><strong>SALOANELE CLINICII:<\/strong><\/p>\n<p>Corpul B:<br \/>\n5003 \u2013 Salonul 3 \u2013 salon cu 4 paturi<br \/>\n5004 \u2013 Salonul 4 \u2013 salon cu 3 paturi<br \/>\n5005 \u2013 Salonul 5 \u2013 salon cu 5 paturi<br \/>\n5006 \u2013 Salonul 6 \u2013 salon cu 6 paturi<br \/>\n5012 \u2013 Salonul 12 \u2013 salon cu 3 paturi<\/p>\n<p>Corpul D:<br \/>\n5035 \u2013 Salonul 35 \u2013 salon cu 4 paturi<br \/>\n5036 \u2013 Salonul 36 \u2013 salon cu 4 paturi<br \/>\n5037 \u2013 Salonul 37 \u2013 salon cu 6 paturi<\/p>\n","protected":false},"excerpt":{"rendered":"<p>STRUCTURA SEC\u021aIEI CLINICE A.T.I. Din punct de vedere structural, sec\u021bia clinic\u0103 este un sistem \u00eenchis, intern\u0103rile\u00a0 clinicile spitalului, indiferent de domiciliului pacientului. Sec\u021bia are un compartiment aseptic \u0219i unul septic, desp\u0103r\u021bite de un coridor locuit de lifturi, accesul spre cardiologie interven\u021bional\u0103, spre blocurile operatorii de chirurgie general\u0103. Exist\u0103 \u0219i o biblioteca \u0219i trei camere de [&hellip;]<\/p>\n","protected":false},"author":4,"featured_media":0,"parent":11406,"menu_order":0,"comment_status":"closed","ping_status":"closed","template":"","meta":{"_acf_changed":false,"footnotes":""},"class_list":["post-11052","page","type-page","status-publish","hentry"],"acf":[],"_links":{"self":[{"href":"https:\/\/dipicdev.ro\/hu\/wp-json\/wp\/v2\/pages\/11052","targetHints":{"allow":["GET"]}}],"collection":[{"href":"https:\/\/dipicdev.ro\/hu\/wp-json\/wp\/v2\/pages"}],"about":[{"href":"https:\/\/dipicdev.ro\/hu\/wp-json\/wp\/v2\/types\/page"}],"author":[{"embeddable":true,"href":"https:\/\/dipicdev.ro\/hu\/wp-json\/wp\/v2\/users\/4"}],"replies":[{"embeddable":true,"href":"https:\/\/dipicdev.ro\/hu\/wp-json\/wp\/v2\/comments?post=11052"}],"version-history":[{"count":1,"href":"https:\/\/dipicdev.ro\/hu\/wp-json\/wp\/v2\/pages\/11052\/revisions"}],"predecessor-version":[{"id":11096,"href":"https:\/\/dipicdev.ro\/hu\/wp-json\/wp\/v2\/pages\/11052\/revisions\/11096"}],"up":[{"embeddable":true,"href":"https:\/\/dipicdev.ro\/hu\/wp-json\/wp\/v2\/pages\/11406"}],"wp:attachment":[{"href":"https:\/\/dipicdev.ro\/hu\/wp-json\/wp\/v2\/media?parent=11052"}],"curies":[{"name":"wp","href":"https:\/\/api.w.org\/{rel}","templated":true}]}}