{"id":11047,"date":"2016-05-17T20:57:13","date_gmt":"2016-05-17T17:57:13","guid":{"rendered":"https:\/\/dipicdev.ro\/despre-noi-scurt-istoric-2\/"},"modified":"2018-11-19T00:51:56","modified_gmt":"2018-11-18T22:51:56","slug":"despre-noi-scurt-istoric","status":"publish","type":"page","link":"https:\/\/dipicdev.ro\/hu\/servicii-medicale\/sectiile-spitalului\/sectia-clinica-ati\/despre-noi-scurt-istoric\/","title":{"rendered":"Despre noi. Scurt istoric"},"content":{"rendered":"<h3><strong>DESPRE NOI. SCURT ISTORIC<\/strong><\/h3>\n<p>Prin sintagma Anestezie \u0219i Terapie Intensiva (A.T.I.) se \u00een\u021belege: specialitatea medical\u0103 care asigur\u0103, prin mijloace farmacologice \u0219i tehnice specifice, pe de o parte condi\u021biile necesare pentru desf\u0103\u0219urarea actului chirurgical, a \u00eengrijirii perioperatorii \u0219i a altor proceduri diagnostice\/terapeutice, iar pe de alta parte suportul indispensabil pacientului critic pentru evaluarea \u0219i tratamentul disfunc\u021biilor\/leziunilor acute de organ care amenin\u021b\u0103 via\u021ba.<\/p>\n<p>Terapia intensiv\u0103 cuprinde: diagnosticul, prevenirea \u0219i tratamentul pe termen scurt, mediu sau lung al tuturor insuficien\u021belor acute ale func\u021biilor vitale. M\u0103surile specifice de tratament se adreseaz\u0103 pacien\u021bilor c\u0103rora le este amenin\u021bat\u0103 imediat via\u021ba, dar al caror prognostic este poten\u021bial favorabil.<\/p>\n<p>Anestezia \u0219i Terapia Intensiv\u0103 este practicat\u0103 de o echip\u0103 medical\u0103 complex\u0103 (medici, asistente, pesonal auxiliar etc), acreditat\u0103 conform legii s\u0103 practice aceast\u0103 activitate. Activitatea personalului competent \u00een A.T.I. se desf\u0103\u0219oar\u0103 \u00een spital, \u00een sala de opera\u021bie, \u00een afara s\u0103lii de opera\u021bie (imagistic\u0103, endoscopie etc) precum \u0219i \u00een spa\u021biile cu paturi situate \u00eentr-un amplasament definit \u0219i destinat exclusiv acestei activit\u0103\u021bi.<\/p>\n<p>Sec\u021biile A.T.I. de categoria I furnizeaz\u0103 servicii medicale specifice pentru situa\u021biile speciale ce necesit\u0103 anestezie \u0219i terapie intensiv\u0103 (chirurgie cardiac\u0103, neurochirurgie major\u0103, transplant de organe, politraum\u0103, chirurgie hepatic\u0103 major\u0103). Ele au permanent echipamente, echipe de medici \u0219i asistente supraspecializate, precum \u0219i servicii speciale de suport cu activitate continu\u0103 \u00een vederea asigur\u0103rii nivelului necesar de \u00eengrijire a cazurilor critice complexe.<\/p>\n<p>Compartimentul cu paturi este destinat supravegherii \u0219i tratamentului postoperator\/postanestezic al pacien\u021bilor cu evolu\u021bie normal\u0103, \u00eengrijirii pacien\u021bilor care necesit\u0103 supraveghere continu\u0103 pentru riscul de dezechilibru al func\u021biilor vitale, \u00eengrijirii pacien\u021bilor care necesit\u0103 terapie intensiv\u0103 mono sau pluriorganic\u0103 (protezare respiratorie avansat\u0103, monitorizare invaziv\u0103, protezare mecanic\u0103 circulatorie, terapie de substitu\u021bie a func\u021biei renale acut afectat\u0103 etc.), pacien\u021bilor care necesit\u0103 terapia durerii acute, pacien\u021bilor cu moarte cerebral\u0103 poten\u021biali donatori de organe.<\/p>\n<p>Unitatea de Terapie Intensiv\u0103 (U.T.I.) este destinat\u0103 prelu\u0103rii \u0219i \u00eengrijirii pacien\u021bilor care prezint\u0103 deja sau sunt susceptibili de a dezvolta insuficien\u021be organice acute multiple: cardiocirculatorie, respiratorie, renal\u0103, care amenin\u021b\u0103 prognosticul vital conform unor criterii stricte de admisie. Ace\u0219ti pacien\u021bi necesit\u0103 utilizarea prelungit\u0103 a metodelor de sus\u021binere a acestor func\u021bii \u0219i organe precum: suport hemodinamic, suport ventilator, epurare extrarenal\u0103. Criteriile de admisie trebuie f\u0103cute cunoscute la nivelul spitalului \u0219i acceptate \u00een consens.<\/p>\n<p>Sec\u021bia Clinic\u0103 Anestezie \u0219i Terapie Intensiv\u0103 din Spitalul Clinic Jude\u021bean de Urgen\u021b\u0103 T\u00e2rgu Mure\u0219 este o clinic\u0103, \u00een care se desf\u0103\u0219oar\u0103 pe l\u00e2ng\u0103 activitatea medical\u0103 \u0219i activitate didactic\u0103, av\u00e2nd medici \u00eencadra\u021bi cu integrare clinic\u0103. Sec\u021bia asigur\u0103 anesteziile \u0219i reanimarea pacien\u021bilor Spitalului Clinic Jude\u021bean de Urgen\u021b\u0103 T\u00eergu Mure\u0219<\/p>\n","protected":false},"excerpt":{"rendered":"<p>DESPRE NOI. SCURT ISTORIC Prin sintagma Anestezie \u0219i Terapie Intensiva (A.T.I.) se \u00een\u021belege: specialitatea medical\u0103 care asigur\u0103, prin mijloace farmacologice \u0219i tehnice specifice, pe de o parte condi\u021biile necesare pentru desf\u0103\u0219urarea actului chirurgical, a \u00eengrijirii perioperatorii \u0219i a altor proceduri diagnostice\/terapeutice, iar pe de alta parte suportul indispensabil pacientului critic pentru evaluarea \u0219i tratamentul disfunc\u021biilor\/leziunilor [&hellip;]<\/p>\n","protected":false},"author":4,"featured_media":0,"parent":11406,"menu_order":0,"comment_status":"closed","ping_status":"closed","template":"","meta":{"_acf_changed":false,"footnotes":""},"class_list":["post-11047","page","type-page","status-publish","hentry"],"acf":[],"_links":{"self":[{"href":"https:\/\/dipicdev.ro\/hu\/wp-json\/wp\/v2\/pages\/11047","targetHints":{"allow":["GET"]}}],"collection":[{"href":"https:\/\/dipicdev.ro\/hu\/wp-json\/wp\/v2\/pages"}],"about":[{"href":"https:\/\/dipicdev.ro\/hu\/wp-json\/wp\/v2\/types\/page"}],"author":[{"embeddable":true,"href":"https:\/\/dipicdev.ro\/hu\/wp-json\/wp\/v2\/users\/4"}],"replies":[{"embeddable":true,"href":"https:\/\/dipicdev.ro\/hu\/wp-json\/wp\/v2\/comments?post=11047"}],"version-history":[{"count":1,"href":"https:\/\/dipicdev.ro\/hu\/wp-json\/wp\/v2\/pages\/11047\/revisions"}],"predecessor-version":[{"id":11095,"href":"https:\/\/dipicdev.ro\/hu\/wp-json\/wp\/v2\/pages\/11047\/revisions\/11095"}],"up":[{"embeddable":true,"href":"https:\/\/dipicdev.ro\/hu\/wp-json\/wp\/v2\/pages\/11406"}],"wp:attachment":[{"href":"https:\/\/dipicdev.ro\/hu\/wp-json\/wp\/v2\/media?parent=11047"}],"curies":[{"name":"wp","href":"https:\/\/api.w.org\/{rel}","templated":true}]}}