{"id":10961,"date":"2016-06-22T18:13:23","date_gmt":"2016-06-22T15:13:23","guid":{"rendered":"https:\/\/dipicdev.ro\/lista-informatiilor-de-interes-public\/"},"modified":"2025-11-16T10:11:07","modified_gmt":"2025-11-16T08:11:07","slug":"lista-informatiilor-de-interes-public","status":"publish","type":"page","link":"https:\/\/dipicdev.ro\/hu\/lista-informatiilor-de-interes-public\/","title":{"rendered":"Lista informa\u021biilor de interes public"},"content":{"rendered":"<h3><strong>Lista informa\u0163iilor de interes public<\/strong><\/h3>\n<ul>\n<li>actele normative care reglementeaz\u0103 organizarea \u015fi func\u0163ionarea Spitalului Clinic Jude\u0163ean de Urgen\u0163\u0103 T\u00e2rgu Mure\u015f;<\/li>\n<li>structura organizatoric\u0103, atribu\u0163iile sectiilor\/compartimentelor, serviciilor, birourilor, programul de func\u0163ionare, programul de audien\u0163e al Spitalului Clinic Jude\u0163ean de Urgen\u0163\u0103 T\u00e2rgu Mure\u015f;<\/li>\n<li>numele \u015fi prenumele persoanelor din conducerea Spitalului Clinic Jude\u0163ean de Urgen\u0163\u0103 T\u00e2rgu Mure\u015f \u015fi al persoanei responsabile cu difuzarea informa\u0163iilor publice;<\/li>\n<li>coordonatele de contact ale Spitalului Clinic Judetea Mures, respectiv: denumirea, sediul, numerele de telefon, fax, adresa de e-mail \u015fi adresa paginii de Internet;<\/li>\n<li>sursele financiare, bugetul \u015fi bilan\u0163ul contabil;<\/li>\n<li>programele \u015fi strategiile proprii;<\/li>\n<li>lista cuprinz\u00e2nd categoriile de documente produse \u015fi\/sau gestionate, potrivit legii;<\/li>\n<li>modalit\u0103\u0163ile de contestare a deciziei Spitalului Clinic Jude\u0163ean de Urgen\u0163\u0103 T\u00e2rgu Mure\u015f \u00een situa\u0163ia \u00een care persoana se consider\u0103 v\u0103t\u0103mat\u0103 \u00een privin\u0163a dreptului de acces la informa\u0163iile de interes public solicitate.<\/li>\n<\/ul>\n","protected":false},"excerpt":{"rendered":"<p>Lista informa\u0163iilor de interes public actele normative care reglementeaz\u0103 organizarea \u015fi func\u0163ionarea Spitalului Clinic Jude\u0163ean de Urgen\u0163\u0103 T\u00e2rgu Mure\u015f; structura organizatoric\u0103, atribu\u0163iile sectiilor\/compartimentelor, serviciilor, birourilor, programul de func\u0163ionare, programul de audien\u0163e al Spitalului Clinic Jude\u0163ean de Urgen\u0163\u0103 T\u00e2rgu Mure\u015f; numele \u015fi prenumele persoanelor din conducerea Spitalului Clinic Jude\u0163ean de Urgen\u0163\u0103 T\u00e2rgu Mure\u015f \u015fi al persoanei [&hellip;]<\/p>\n","protected":false},"author":4,"featured_media":0,"parent":0,"menu_order":9,"comment_status":"closed","ping_status":"closed","template":"","meta":{"_acf_changed":false,"footnotes":""},"class_list":["post-10961","page","type-page","status-publish","hentry"],"acf":[],"_links":{"self":[{"href":"https:\/\/dipicdev.ro\/hu\/wp-json\/wp\/v2\/pages\/10961","targetHints":{"allow":["GET"]}}],"collection":[{"href":"https:\/\/dipicdev.ro\/hu\/wp-json\/wp\/v2\/pages"}],"about":[{"href":"https:\/\/dipicdev.ro\/hu\/wp-json\/wp\/v2\/types\/page"}],"author":[{"embeddable":true,"href":"https:\/\/dipicdev.ro\/hu\/wp-json\/wp\/v2\/users\/4"}],"replies":[{"embeddable":true,"href":"https:\/\/dipicdev.ro\/hu\/wp-json\/wp\/v2\/comments?post=10961"}],"version-history":[{"count":1,"href":"https:\/\/dipicdev.ro\/hu\/wp-json\/wp\/v2\/pages\/10961\/revisions"}],"predecessor-version":[{"id":10962,"href":"https:\/\/dipicdev.ro\/hu\/wp-json\/wp\/v2\/pages\/10961\/revisions\/10962"}],"wp:attachment":[{"href":"https:\/\/dipicdev.ro\/hu\/wp-json\/wp\/v2\/media?parent=10961"}],"curies":[{"name":"wp","href":"https:\/\/api.w.org\/{rel}","templated":true}]}}