{"id":10956,"date":"2016-06-22T18:27:21","date_gmt":"2016-06-22T15:27:21","guid":{"rendered":"https:\/\/dipicdev.ro\/formular-acreditare-presa\/"},"modified":"2025-11-16T10:17:43","modified_gmt":"2025-11-16T08:17:43","slug":"formular-acreditare-presa","status":"publish","type":"page","link":"https:\/\/dipicdev.ro\/hu\/formular-acreditare-presa\/","title":{"rendered":"Acord filmare\/fotografiere, Acreditare pres\u0103"},"content":{"rendered":"<h3><strong>Acord filmare\/fotografiere, Acreditare pres\u0103<\/strong><\/h3>\n<p><img loading=\"lazy\" decoding=\"async\" class=\"alignnone size-full wp-image-5038\" src=\"https:\/\/dipicdev.ro\/wp-content\/uploads\/2016\/06\/poza-acreditare-presa.jpg\" alt=\"poza acreditare presa\" width=\"150\" height=\"150\" title=\"\"><\/p>\n<p style=\"text-align: justify;\"><span style=\"font-size: 14.0pt;\">T<\/span>oate cererile pentru interviuri, film\u0103ri, realizarea de fotografii etc. trebuie s\u0103 se fac\u0103 prin intermediul Biroului de Pres\u0103.<\/p>\n<p>Toti ziaristii interesati sunt rugati s\u0103 transmit\u0103 un formular de acreditare de pres\u0103 completat, la numarul de fax 0265.215.768.<\/p>\n<p>In niciun caz nu se pot realiza interviuri, film\u0103ri sau fotografieri, in interiorul spitalului sau in imediata apropiere a acestuia, f\u0103r\u0103 permisiunea expres\u0103 a Biroului de Pres\u0103. In cazul \u00een care se vor efectua film\u0103ri sau fotografieri, f\u0103r\u0103 permisiune, vi se va cere s\u0103 p\u0103r\u0103si\u0163i loca\u0163ia.<\/p>\n<p>Daca aveti nevoie de informa\u0163ii suplimentare cu privire la orice stire sau pentru acordarea unui interviu, v\u0103 rug\u0103m sa contactati Biroul de Pres\u0103 al Spitalului Clinic Jude\u021bean de Urgen\u0163\u0103 T\u00e2rgu Mure\u0219, la numerele afi\u0219ate.<\/p>\n<p>Formularul pentru acreditare pres\u0103 poate fi descarcat de <a href=\"https:\/\/dipicdev.ro\/wp-content\/uploads\/2018\/04\/ANEXA-NR.-1-.doc\">aici<\/a><\/p>\n<p><a href=\"https:\/\/dipicdev.ro\/wp-content\/uploads\/2018\/04\/REGULI-ACCES-MASS-MEDIA-.pdf\">REGULI ACCES MASS-MEDIA \u00ceN SPITALUL CLINIC JUDE\u021aEAN DE URGEN\u021a\u0102 T\u00c2RGU MURE\u0218<\/a><\/p>\n<p>&nbsp;<\/p>\n","protected":false},"excerpt":{"rendered":"<p>Acord filmare\/fotografiere, Acreditare pres\u0103 Toate cererile pentru interviuri, film\u0103ri, realizarea de fotografii etc. trebuie s\u0103 se fac\u0103 prin intermediul Biroului de Pres\u0103. Toti ziaristii interesati sunt rugati s\u0103 transmit\u0103 un formular de acreditare de pres\u0103 completat, la numarul de fax 0265.215.768. In niciun caz nu se pot realiza interviuri, film\u0103ri sau fotografieri, in interiorul spitalului [&hellip;]<\/p>\n","protected":false},"author":4,"featured_media":0,"parent":0,"menu_order":0,"comment_status":"closed","ping_status":"closed","template":"","meta":{"_acf_changed":false,"footnotes":""},"class_list":["post-10956","page","type-page","status-publish","hentry"],"acf":[],"_links":{"self":[{"href":"https:\/\/dipicdev.ro\/hu\/wp-json\/wp\/v2\/pages\/10956","targetHints":{"allow":["GET"]}}],"collection":[{"href":"https:\/\/dipicdev.ro\/hu\/wp-json\/wp\/v2\/pages"}],"about":[{"href":"https:\/\/dipicdev.ro\/hu\/wp-json\/wp\/v2\/types\/page"}],"author":[{"embeddable":true,"href":"https:\/\/dipicdev.ro\/hu\/wp-json\/wp\/v2\/users\/4"}],"replies":[{"embeddable":true,"href":"https:\/\/dipicdev.ro\/hu\/wp-json\/wp\/v2\/comments?post=10956"}],"version-history":[{"count":1,"href":"https:\/\/dipicdev.ro\/hu\/wp-json\/wp\/v2\/pages\/10956\/revisions"}],"predecessor-version":[{"id":44651,"href":"https:\/\/dipicdev.ro\/hu\/wp-json\/wp\/v2\/pages\/10956\/revisions\/44651"}],"wp:attachment":[{"href":"https:\/\/dipicdev.ro\/hu\/wp-json\/wp\/v2\/media?parent=10956"}],"curies":[{"name":"wp","href":"https:\/\/api.w.org\/{rel}","templated":true}]}}