{"id":10945,"date":"2016-06-22T20:35:43","date_gmt":"2016-06-22T17:35:43","guid":{"rendered":"https:\/\/dipicdev.ro\/informatii-despre-pacienti\/"},"modified":"2018-11-19T00:41:18","modified_gmt":"2018-11-18T22:41:18","slug":"informatii-despre-pacienti","status":"publish","type":"page","link":"https:\/\/dipicdev.ro\/hu\/birou-de-presa\/informatii-despre-pacienti\/","title":{"rendered":"Informa\u021bii despre pacien\u021bi"},"content":{"rendered":"<h3><strong>Informa\u0163ii despre pacien\u0163i<\/strong><\/h3>\n<p>Punem un mare accent pe p\u0103strarea confiden\u0163ialit\u0103\u0163ii actului medical \u015fi pe cea a pacien\u0163ilor no\u015ftri. Nu vom divulga nicio informa\u0163ie despre un pacient, dac\u0103 nu avem permisiunea acestuia sau a rudelor acestuia.<\/p>\n<p>Informa\u0163iile despre starea pacientilor internati vor fi acordate numai ziari\u015ftilor acredita\u0163i \u015fi numai dup\u0103 ob\u0163inerea consimt\u0103m\u00e2ntului. V\u0103 rug\u0103m s\u0103 nu contacta\u0163i sec\u0163iile\/departamentele spitalului \u00een mod direct.<\/p>\n<p>Pentru un update al st\u0103rii pacientului, v\u0103 rug\u0103m s\u0103 ne contacta\u0163i prin intermediul adresei de e-mail sau la num\u0103rul de telefon men\u0163ionat mai sus. Reprezentantul spitalului va contacta sec\u0163ia pentru a stabili starea pacientului \u00een cauz\u0103 \u015fi vi se va oferi o scurt\u0103 indica\u0163ie a st\u0103rii sau a evolu\u0163iei st\u0103rii de s\u0103n\u0103tate, cum ar fi: pacientul este: in \u201cstare grava\u201d, \u201cstabil\u201d, \u201cevolutia este favorabila\/nefavorabila\u201d etc.<\/p>\n","protected":false},"excerpt":{"rendered":"<p>Informa\u0163ii despre pacien\u0163i Punem un mare accent pe p\u0103strarea confiden\u0163ialit\u0103\u0163ii actului medical \u015fi pe cea a pacien\u0163ilor no\u015ftri. Nu vom divulga nicio informa\u0163ie despre un pacient, dac\u0103 nu avem permisiunea acestuia sau a rudelor acestuia. Informa\u0163iile despre starea pacientilor internati vor fi acordate numai ziari\u015ftilor acredita\u0163i \u015fi numai dup\u0103 ob\u0163inerea consimt\u0103m\u00e2ntului. V\u0103 rug\u0103m s\u0103 nu [&hellip;]<\/p>\n","protected":false},"author":4,"featured_media":0,"parent":11444,"menu_order":0,"comment_status":"closed","ping_status":"closed","template":"","meta":{"_acf_changed":false,"footnotes":""},"class_list":["post-10945","page","type-page","status-publish","hentry"],"acf":[],"_links":{"self":[{"href":"https:\/\/dipicdev.ro\/hu\/wp-json\/wp\/v2\/pages\/10945","targetHints":{"allow":["GET"]}}],"collection":[{"href":"https:\/\/dipicdev.ro\/hu\/wp-json\/wp\/v2\/pages"}],"about":[{"href":"https:\/\/dipicdev.ro\/hu\/wp-json\/wp\/v2\/types\/page"}],"author":[{"embeddable":true,"href":"https:\/\/dipicdev.ro\/hu\/wp-json\/wp\/v2\/users\/4"}],"replies":[{"embeddable":true,"href":"https:\/\/dipicdev.ro\/hu\/wp-json\/wp\/v2\/comments?post=10945"}],"version-history":[{"count":1,"href":"https:\/\/dipicdev.ro\/hu\/wp-json\/wp\/v2\/pages\/10945\/revisions"}],"predecessor-version":[{"id":10946,"href":"https:\/\/dipicdev.ro\/hu\/wp-json\/wp\/v2\/pages\/10945\/revisions\/10946"}],"up":[{"embeddable":true,"href":"https:\/\/dipicdev.ro\/hu\/wp-json\/wp\/v2\/pages\/11444"}],"wp:attachment":[{"href":"https:\/\/dipicdev.ro\/hu\/wp-json\/wp\/v2\/media?parent=10945"}],"curies":[{"name":"wp","href":"https:\/\/api.w.org\/{rel}","templated":true}]}}