{"id":10926,"date":"2016-07-06T23:07:45","date_gmt":"2016-07-06T20:07:45","guid":{"rendered":"https:\/\/dipicdev.ro\/activitatea-medicala-3\/"},"modified":"2016-07-06T23:07:45","modified_gmt":"2016-07-06T20:07:45","slug":"activitatea-medicala","status":"publish","type":"page","link":"https:\/\/dipicdev.ro\/hu\/servicii-medicale\/sectiile-spitalului\/sectia-clinica-medicina-interna-i\/activitatea-medicala\/","title":{"rendered":"Activitatea Medicala"},"content":{"rendered":"<h3><strong>Activitate Medical\u0103<\/strong><\/h3>\n<p>Sec\u021bia Clinic\u0103 Medicin\u0103 Intern\u0103 I func\u0163ioneaz\u0103 \u00een cadrul Spitalului Clinic Jude\u0163ean de Urgen\u0163\u0103 Tg.-Mure\u015f \u00eenc\u0103 de la \u00eenfiin\u0163area acestuia, \u00een anul 1983, fiind de mai multe ori reorganizat\u0103, prin \u00eenfiin\u0163area pe structura acesteia \u015fi a altor sec\u0163ii medicale (medicin\u0103 intern\u0103 II, cardiologie, gastroenterologie). Sec\u021bia fost condus\u0103 \u00een perioada 1983-1997 de c\u0103tre Prof. Dr. Corneliu Dudea, iar din 1997 p\u00e2n\u0103 \u00een prezent medicul \u015fef al sec\u021biei (\u015fi al Compartimentului de Hematologie) este Prof. Dr. Galafteon Oltean.<\/p>\n<p>Actualmente, aici \u00ee\u015fi desfa\u015foar\u0103 activitatea 6 medici primari medicin\u0103 intern\u0103, din care 5 cadre didactice universitare, 4 dintre ace\u015ftia av\u00e2nd ca a doua specialitate hematologia clinic\u0103 \u015fi lucr\u00e2nd \u00een cadrul Compartimentului de Hematologie.<\/p>\n<p>Sec\u021bia Clinic\u0103 Medicin\u0103 Intern\u0103 I este renumit\u0103 pentru experien\u0163a pe care personalul medical \u00eenalt calificat o are \u00een diagnosticul \u015fi tratamentul afec\u0163iunilor de medicin\u0103 intern\u0103, inclusiv a urgen\u0163elor medicale. De asemenea, \u00een Sec\u021bia Clinic\u0103 Medicin\u0103 Intern\u0103 I (Compartimentul de Hematologie) sunt internate, diagnosticate \u015fi tratate un important num\u0103r de cazuri cu afec\u0163iuni hematologice, \u00eendeosebi cu hemopatii maligne.<\/p>\n<p>Sec\u021bia Clinic\u0103 Medicin\u0103 Intern\u0103 I dispune de 2 saloane de medicin\u0103 intern\u0103, de 3 saloane de hematologie clinic\u0103, o sal\u0103 de curs\/demostra\u0163ii practice pentru studen\u0163i, 1 sal\u0103 de tratament \u0219i 2 camere pentru medici. De asemenea, la etajul I al spitalului are un cabinet pentru consulta\u0163ii \u00een ambulatoriu \u015fi o sal\u0103 pentru spitaliz\u0103ri de zi \u015fi tratamente (inclusiv chimioterapie hemato-oncologic\u0103).<\/p>\n<p>Programul de activitate se desf\u0103\u015foar\u0103 permanent, pe parcursul a 24 de ore, iar serviciul de gard\u0103 este comun cu cel al Sec\u021biei Clinice Medicin\u0103 Intern\u0103 II Tg. Mure\u015f (zile alternative). \u00cen afara activit\u0103\u0163ii curente, se asigur\u0103 consulta\u0163ii de specialitate la serviciul UPU-SMURD \u015fi consulta\u0163ii interclinice la solicitarea sec\u0163iilor spitalului.<\/p>\n<p>Serviciile medicale \u00een cadrul compartimentului de hematologie sunt:<\/p>\n<p><strong>&#8211; prelevare de produse biologice pentru diagnosticarea bolilor hemato-oncologice<\/strong><\/p>\n<p><strong>&#8211; punc\u0163ii osoase \u015fi biopsii osteomedulare pentru diagnostic<\/strong><\/p>\n<p>&#8211; chimioterapie intravenoas\u0103 \u015fi intratecal\u0103<\/p>\n<p>&#8211; tratamentul hemofiliei<\/p>\n<p>&#8211; tratament imunosupresiv \u00een bolile hematologice<\/p>\n<p>&#8211; tratament de substitu\u0163ie cu produse de s\u00e2nge<\/p>\n<p>&#8211; monitorizarea pacien\u0163ilor cu afec\u0163iuni hemato-oncologice.<\/p>\n","protected":false},"excerpt":{"rendered":"<p>Activitate Medical\u0103 Sec\u021bia Clinic\u0103 Medicin\u0103 Intern\u0103 I func\u0163ioneaz\u0103 \u00een cadrul Spitalului Clinic Jude\u0163ean de Urgen\u0163\u0103 Tg.-Mure\u015f \u00eenc\u0103 de la \u00eenfiin\u0163area acestuia, \u00een anul 1983, fiind de mai multe ori reorganizat\u0103, prin \u00eenfiin\u0163area pe structura acesteia \u015fi a altor sec\u0163ii medicale (medicin\u0103 intern\u0103 II, cardiologie, gastroenterologie). Sec\u021bia fost condus\u0103 \u00een perioada 1983-1997 de c\u0103tre Prof. Dr. [&hellip;]<\/p>\n","protected":false},"author":4,"featured_media":0,"parent":11417,"menu_order":75,"comment_status":"closed","ping_status":"closed","template":"","meta":{"_acf_changed":false,"footnotes":""},"class_list":["post-10926","page","type-page","status-publish","hentry"],"acf":[],"_links":{"self":[{"href":"https:\/\/dipicdev.ro\/hu\/wp-json\/wp\/v2\/pages\/10926","targetHints":{"allow":["GET"]}}],"collection":[{"href":"https:\/\/dipicdev.ro\/hu\/wp-json\/wp\/v2\/pages"}],"about":[{"href":"https:\/\/dipicdev.ro\/hu\/wp-json\/wp\/v2\/types\/page"}],"author":[{"embeddable":true,"href":"https:\/\/dipicdev.ro\/hu\/wp-json\/wp\/v2\/users\/4"}],"replies":[{"embeddable":true,"href":"https:\/\/dipicdev.ro\/hu\/wp-json\/wp\/v2\/comments?post=10926"}],"version-history":[{"count":0,"href":"https:\/\/dipicdev.ro\/hu\/wp-json\/wp\/v2\/pages\/10926\/revisions"}],"up":[{"embeddable":true,"href":"https:\/\/dipicdev.ro\/hu\/wp-json\/wp\/v2\/pages\/11417"}],"wp:attachment":[{"href":"https:\/\/dipicdev.ro\/hu\/wp-json\/wp\/v2\/media?parent=10926"}],"curies":[{"name":"wp","href":"https:\/\/api.w.org\/{rel}","templated":true}]}}