{"id":10914,"date":"2016-07-06T23:11:59","date_gmt":"2016-07-06T20:11:59","guid":{"rendered":"https:\/\/dipicdev.ro\/activitatea-medicala-3\/"},"modified":"2016-07-06T23:11:59","modified_gmt":"2016-07-06T20:11:59","slug":"activitatea-medicala","status":"publish","type":"page","link":"https:\/\/dipicdev.ro\/hu\/servicii-medicale\/sectiile-spitalului\/sectia-clinica-gastroenterologie\/activitatea-medicala\/","title":{"rendered":"Activitatea Medicala"},"content":{"rendered":"<h3><strong>Activitatea medical\u0103<\/strong><\/h3>\n<p>Sec\u021bia Clinic\u0103 Gastroenterologie s-a \u00eenfiin\u021bat \u00een anul 2008, prin profilul ei aparte complet\u00e2nd serviciile oferite de Spitalul Clinic Jude\u021bean de Urgen\u021b\u0103 Tg. Mure\u0219.<br \/>\nSec\u021bia asigur\u0103 prin garda de gastroenterologie servicii de \u00eenalt\u0103 performan\u021b\u0103 \u00een toate urgen\u021bele gastroenterologice, servicii endoscopice diagnostice \u0219i terapeutice 24 ore din 24, managementul hemoragiilor digestive superioare \u0219i inferioare, tratamentul de urgen\u021b\u0103 al pancreatitelor acute, complica\u021biilor cirozei hepatice \u0219i numeroase alte urgen\u021be medico-chirurgicale.<br \/>\nSec\u021bia Clinic\u0103 Gastroenterologie este un centru de referin\u021b\u0103 \u00een diagnosticul \u0219i tratarea hepatitelor cronice \u0219i al cirozelor hepatice, fiind \u0219i locul unde se desf\u0103\u0219oar\u0103 programele na\u021bionale de diagnostic \u0219i tratament cu medica\u021bie antiviral\u0103 \u00een infec\u021bia viral\u0103 B, C \u0219i delta. Tratamentul complica\u021biilor acute \u0219i cronice ale cirozelor hepatice este un alt domeniu \u00een care sec\u021bia are rezultate deosebite.<br \/>\nDiagnosticul \u0219i tratamentul bolilor inflamatorii intestinale este un alt punct de excelen\u021b\u0103 a sec\u021biei, care evalueaz\u0103 pacien\u021bii \u00een vederea terapiilor biologice care se adreseaz\u0103 acestor afec\u021biuni.<br \/>\nDiagnosticul \u0219i tratamentul leziunilor preneoplazice ale tubului digestiv prin screeningul endoscopic, polipectomii, este o activitate \u00een care sec\u021bia noastr\u0103 are o vast\u0103 experien\u021b\u0103. La fel, oferim servicii de \u00eenalt\u0103 performan\u021b\u0103 \u00een diagnosticul \u0219i stadializarea neoplaziilor tubului digestiv, ficatului, pancreasului.<\/p>\n","protected":false},"excerpt":{"rendered":"<p>Activitatea medical\u0103 Sec\u021bia Clinic\u0103 Gastroenterologie s-a \u00eenfiin\u021bat \u00een anul 2008, prin profilul ei aparte complet\u00e2nd serviciile oferite de Spitalul Clinic Jude\u021bean de Urgen\u021b\u0103 Tg. Mure\u0219. Sec\u021bia asigur\u0103 prin garda de gastroenterologie servicii de \u00eenalt\u0103 performan\u021b\u0103 \u00een toate urgen\u021bele gastroenterologice, servicii endoscopice diagnostice \u0219i terapeutice 24 ore din 24, managementul hemoragiilor digestive superioare \u0219i inferioare, tratamentul [&hellip;]<\/p>\n","protected":false},"author":4,"featured_media":0,"parent":11357,"menu_order":71,"comment_status":"closed","ping_status":"closed","template":"","meta":{"_acf_changed":false,"footnotes":""},"class_list":["post-10914","page","type-page","status-publish","hentry"],"acf":[],"_links":{"self":[{"href":"https:\/\/dipicdev.ro\/hu\/wp-json\/wp\/v2\/pages\/10914","targetHints":{"allow":["GET"]}}],"collection":[{"href":"https:\/\/dipicdev.ro\/hu\/wp-json\/wp\/v2\/pages"}],"about":[{"href":"https:\/\/dipicdev.ro\/hu\/wp-json\/wp\/v2\/types\/page"}],"author":[{"embeddable":true,"href":"https:\/\/dipicdev.ro\/hu\/wp-json\/wp\/v2\/users\/4"}],"replies":[{"embeddable":true,"href":"https:\/\/dipicdev.ro\/hu\/wp-json\/wp\/v2\/comments?post=10914"}],"version-history":[{"count":0,"href":"https:\/\/dipicdev.ro\/hu\/wp-json\/wp\/v2\/pages\/10914\/revisions"}],"up":[{"embeddable":true,"href":"https:\/\/dipicdev.ro\/hu\/wp-json\/wp\/v2\/pages\/11357"}],"wp:attachment":[{"href":"https:\/\/dipicdev.ro\/hu\/wp-json\/wp\/v2\/media?parent=10914"}],"curies":[{"name":"wp","href":"https:\/\/api.w.org\/{rel}","templated":true}]}}