{"id":10887,"date":"2016-07-06T23:43:48","date_gmt":"2016-07-06T20:43:48","guid":{"rendered":"https:\/\/dipicdev.ro\/activitate-medicala-2\/"},"modified":"2016-07-06T23:43:48","modified_gmt":"2016-07-06T20:43:48","slug":"activitate-medicala","status":"publish","type":"page","link":"https:\/\/dipicdev.ro\/hu\/servicii-medicale\/sectiile-spitalului\/sectia-clinica-chirurgie\/activitate-medicala\/","title":{"rendered":"Activitate Medical\u0103"},"content":{"rendered":"<h3>Activitate Medical\u0103<\/h3>\n<p>Sec\u021bia Clinic\u0103 Chirurgie General\u0103 I din cadrul Spitalului Clinic Jude\u021bean de Urgen\u021b\u0103 Tg. Mure\u0219 a luat fiin\u021b\u0103 \u00een anul 1996 fiind \u0219i \u00een prezent continuatoarea tradi\u021biei chirurgicale de performan\u021b\u0103 \u00een centrul universitar t\u00e2rgumure\u0219ean.<\/p>\n<p>Sec\u021bia clinic\u0103 dispune de 90 de paturi (73 chirurgie general\u0103, 12 alocate compartimentului de chirurgie vascular\u0103 periferic\u0103 \u0219i 5 paturi destinate chirurgiei toracice de urgen\u021b\u0103). Activitatea sec\u021biei se desf\u0103\u0219oar\u0103 \u00een regim de urgen\u021b\u0103 \u0219i electiv, pacien\u021bii fiind \u00een general cazuri complexe (politraume, afec\u021biuni oncologice, patologie vascular\u0103 periferic\u0103 \u0219i toracic\u0103 care necesit\u0103 un tratament performant, afec\u021biuni endocrinologice \u0219i metabolice, complica\u021bii postoperatorii din alte servicii).<\/p>\n<p>Tratamentul pacien\u021bilor \u0219i \u00eengrijirea acestora sunt asigurate de c\u0103tre un personal performant (13 medici primari, 1 medic specialist, 27 de reziden\u021bi, 36 asisten\u021bi medicali, 1 registratoare, 10 infirmiere, 6 \u00eengrijitoare de cur\u0103\u021benie, 3 brancardieri). \u00cen blocul operator activeaz\u0103 16 asistente instrumentare, 11 infirmiere \u0219i 2 \u00eengrijitoare de cur\u0103\u021benie, iar \u00een ambulatorul integrat 1 asistent\u0103 medical\u0103.<\/p>\n<p>Activitatea sec\u021biei se desf\u0103\u0219oar\u0103 \u00een 3 planuri (diagnosdtic, terapeutic \u0219i \u0219tiin\u021bific), cadrele universitare \u0219i medicii av\u00e2nd \u0219i atribu\u021bii didactice (activit\u0103\u021bi cu studen\u021bii, reziden\u021bii, educa\u021bia medical\u0103 continu\u0103 a cadrelor medii).<\/p>\n<p>Performan\u021bele chirurgicale de la nivelul sec\u021biei clinice sunt dublate de cele privind ordinea \u0219i cur\u0103\u021benia, ambientul placut \u0219i profesionalismul fiind primordiale pentru buna activitate.<\/p>\n","protected":false},"excerpt":{"rendered":"<p>Activitate Medical\u0103 Sec\u021bia Clinic\u0103 Chirurgie General\u0103 I din cadrul Spitalului Clinic Jude\u021bean de Urgen\u021b\u0103 Tg. Mure\u0219 a luat fiin\u021b\u0103 \u00een anul 1996 fiind \u0219i \u00een prezent continuatoarea tradi\u021biei chirurgicale de performan\u021b\u0103 \u00een centrul universitar t\u00e2rgumure\u0219ean. Sec\u021bia clinic\u0103 dispune de 90 de paturi (73 chirurgie general\u0103, 12 alocate compartimentului de chirurgie vascular\u0103 periferic\u0103 \u0219i 5 paturi [&hellip;]<\/p>\n","protected":false},"author":4,"featured_media":0,"parent":11401,"menu_order":66,"comment_status":"closed","ping_status":"closed","template":"","meta":{"_acf_changed":false,"footnotes":""},"class_list":["post-10887","page","type-page","status-publish","hentry"],"acf":[],"_links":{"self":[{"href":"https:\/\/dipicdev.ro\/hu\/wp-json\/wp\/v2\/pages\/10887","targetHints":{"allow":["GET"]}}],"collection":[{"href":"https:\/\/dipicdev.ro\/hu\/wp-json\/wp\/v2\/pages"}],"about":[{"href":"https:\/\/dipicdev.ro\/hu\/wp-json\/wp\/v2\/types\/page"}],"author":[{"embeddable":true,"href":"https:\/\/dipicdev.ro\/hu\/wp-json\/wp\/v2\/users\/4"}],"replies":[{"embeddable":true,"href":"https:\/\/dipicdev.ro\/hu\/wp-json\/wp\/v2\/comments?post=10887"}],"version-history":[{"count":0,"href":"https:\/\/dipicdev.ro\/hu\/wp-json\/wp\/v2\/pages\/10887\/revisions"}],"up":[{"embeddable":true,"href":"https:\/\/dipicdev.ro\/hu\/wp-json\/wp\/v2\/pages\/11401"}],"wp:attachment":[{"href":"https:\/\/dipicdev.ro\/hu\/wp-json\/wp\/v2\/media?parent=10887"}],"curies":[{"name":"wp","href":"https:\/\/api.w.org\/{rel}","templated":true}]}}