{"id":10878,"date":"2016-07-06T23:50:05","date_gmt":"2016-07-06T20:50:05","guid":{"rendered":"https:\/\/dipicdev.ro\/activitate-medicala-2\/"},"modified":"2016-07-06T23:50:05","modified_gmt":"2016-07-06T20:50:05","slug":"activitate-medicala","status":"publish","type":"page","link":"https:\/\/dipicdev.ro\/hu\/servicii-medicale\/sectiile-spitalului\/sectia-clinica-chirurgie-generala-ii\/activitate-medicala\/","title":{"rendered":"Activitate Medical\u0103"},"content":{"rendered":"<h3><b>Activitate medical\u0103<\/b><\/h3>\n<p><span style=\"font-weight: 400;\">Sec\u021bia Clinic\u0103 Chirurgie General\u0103 II a fost \u00eenfiin\u021bat\u0103 \u00een anul 1996, iar \u00een prezent dispune de 55 de paturi de chirurgie general\u0103 \u0219i 5 paturi de chirurgie vascular\u0103. Echipa de medici \u0219i asiatente medicale asigur\u0103 o palet\u0103 larg\u0103 de tratamente \u0219i interven\u021bii chirurgicale. Pe l\u00e2ng\u0103 opera\u021biile uzuale (hernii, varice, colecistectomii laparoscopice), medicii no\u0219tri sunt antrena\u021bi pentru efectuarea unor interven\u021bii laborioase \u00een chirurgia digestiv\u0103 (cancere de esofag, stomac, colon, rect etc.), chirurgia hepato-biliar\u0103 (hepatectomii majore pentru cancer, chirurgia hipertensiunii portale), chirurgia endocrin\u0103 (tiroid\u0103, paratiroid\u0103, glande suprarenale), chirurgia mamar\u0103 \u0219i chirurgia bariatric\u0103, chirurgie vascular\u0103. Toat\u0103 aceast\u0103 vast\u0103 activitate practic\u0103 este dublat\u0103 de o intens\u0103 preocupare \u0219tiin\u021bific\u0103 materializat\u0103 \u00een lucr\u0103ri \u0219tiin\u021bifice publicate \u00een reviste de prestigiu \u0219i \u00een participarea la conferin\u021be \u0219i congrese na\u021bionale \u0219i interna\u021bionale<\/span><\/p>\n<p><span style=\"font-weight: 400;\">Dot\u0103rile din cele 3 s\u0103li de opera\u021bii permit efectuarea pe l\u00e2ng\u0103 opera\u021biile clasice, a interven\u021biilor laparoscopice care asigur\u0103 recuperarea mai rapid\u0103 a pacien\u021bilor \u0219i evit\u0103 inciziile mari, delabrante. De asemenea, pe l\u00e2ng\u0103 opera\u021biile laparoscopice de baz\u0103 (colcistectomie, apendicectomie), se efectueaz\u0103 \u0219i opera\u021bii laparoscopice avansate (splenectomie, hernie, hernie hiatal\u0103, achalazia esofagului, opera\u021bii de mic\u0219orare de stomac, opera\u021bii pe tubul digestiv). Urm\u0103rirea postoperatorie este asigurat\u0103 de personal \u00eenalt calificat, \u00een condi\u021bii de cur\u0103\u021benie \u0219i sterilitate maxime. <\/span><\/p>\n<p><span style=\"font-weight: 400;\">Rezultatele ob\u021binute permit includerea Sec\u021biei Clinice Chirurgie General\u0103 II \u00een categoria centrelor de excelen\u021b\u0103 \u00een chirurgie. De asemenea \u00een sec\u021bie sunt preg\u0103ti\u021bi medici reziden\u021bi \u00een specialit\u0103\u021bi chirurgicale. Din punct de vedere didactic, \u00een Sec\u021bia Clinic\u0103 Chirurgie II se desf\u0103\u0219oar\u0103 lucr\u0103rile practice pe materii chirurgicale ale studen\u021bilor din anii III \u0219i IV precum \u0219i practica de var\u0103 a studen\u021bilor.<\/span><\/p>\n<p><span style=\"font-weight: 400;\">Pe l\u00e2ng\u0103 chirurgia general\u0103, atestatele de studii complementare ale clinicii noastre sunt: chirurgie laparoscopic\u0103, tehnici de baz\u0103 \u0219i tehnici avansate, chirurgie oncologic\u0103, chirurgie hepato-bilio-pancreatic\u0103.<\/span><\/p>\n","protected":false},"excerpt":{"rendered":"<p>Activitate medical\u0103 Sec\u021bia Clinic\u0103 Chirurgie General\u0103 II a fost \u00eenfiin\u021bat\u0103 \u00een anul 1996, iar \u00een prezent dispune de 55 de paturi de chirurgie general\u0103 \u0219i 5 paturi de chirurgie vascular\u0103. Echipa de medici \u0219i asiatente medicale asigur\u0103 o palet\u0103 larg\u0103 de tratamente \u0219i interven\u021bii chirurgicale. Pe l\u00e2ng\u0103 opera\u021biile uzuale (hernii, varice, colecistectomii laparoscopice), medicii no\u0219tri [&hellip;]<\/p>\n","protected":false},"author":4,"featured_media":0,"parent":11399,"menu_order":42,"comment_status":"closed","ping_status":"closed","template":"","meta":{"_acf_changed":false,"footnotes":""},"class_list":["post-10878","page","type-page","status-publish","hentry"],"acf":[],"_links":{"self":[{"href":"https:\/\/dipicdev.ro\/hu\/wp-json\/wp\/v2\/pages\/10878","targetHints":{"allow":["GET"]}}],"collection":[{"href":"https:\/\/dipicdev.ro\/hu\/wp-json\/wp\/v2\/pages"}],"about":[{"href":"https:\/\/dipicdev.ro\/hu\/wp-json\/wp\/v2\/types\/page"}],"author":[{"embeddable":true,"href":"https:\/\/dipicdev.ro\/hu\/wp-json\/wp\/v2\/users\/4"}],"replies":[{"embeddable":true,"href":"https:\/\/dipicdev.ro\/hu\/wp-json\/wp\/v2\/comments?post=10878"}],"version-history":[{"count":0,"href":"https:\/\/dipicdev.ro\/hu\/wp-json\/wp\/v2\/pages\/10878\/revisions"}],"up":[{"embeddable":true,"href":"https:\/\/dipicdev.ro\/hu\/wp-json\/wp\/v2\/pages\/11399"}],"wp:attachment":[{"href":"https:\/\/dipicdev.ro\/hu\/wp-json\/wp\/v2\/media?parent=10878"}],"curies":[{"name":"wp","href":"https:\/\/api.w.org\/{rel}","templated":true}]}}