{"id":10861,"date":"2016-07-06T23:56:08","date_gmt":"2016-07-06T20:56:08","guid":{"rendered":"https:\/\/dipicdev.ro\/activitate-medicala-2\/"},"modified":"2016-07-06T23:56:08","modified_gmt":"2016-07-06T20:56:08","slug":"activitate-medicala","status":"publish","type":"page","link":"https:\/\/dipicdev.ro\/hu\/servicii-medicale\/sectiile-spitalului\/sectia-clinica-obstetrica-ginecologie\/activitate-medicala\/","title":{"rendered":"Activitate Medical\u0103"},"content":{"rendered":"<h3><strong>Activitate Medical\u0103<\/strong><\/h3>\n<p>&#8211; asistarea na\u015fterilor<\/p>\n<p>&#8211; unitate de nivel III<\/p>\n<p>&#8211; centru regional \u00een asisten\u0163\u0103 obstetrical\u0103<\/p>\n<p>&#8211; centru de diagnostic prenatal &#8211; inclusiv amniocentez\u0103, cordocentez\u0103<\/p>\n<p>&#8211; tratamentul sterilit\u0103\u0163ii feminine &#8211; laparoscopie proceduri chirurgicale<\/p>\n<p>&#8211; ginecologie oncologic\u0103 de \u00eenalt\u0103 performan\u0163\u0103 care cuprinde toate procedurile chirurgicale aplicate la noi \u00een \u0163ar\u0103, unele practicate exclusiv \u00een aceast\u0103 sec\u0163ie<\/p>\n","protected":false},"excerpt":{"rendered":"<p>Activitate Medical\u0103 &#8211; asistarea na\u015fterilor &#8211; unitate de nivel III &#8211; centru regional \u00een asisten\u0163\u0103 obstetrical\u0103 &#8211; centru de diagnostic prenatal &#8211; inclusiv amniocentez\u0103, cordocentez\u0103 &#8211; tratamentul sterilit\u0103\u0163ii feminine &#8211; laparoscopie proceduri chirurgicale &#8211; ginecologie oncologic\u0103 de \u00eenalt\u0103 performan\u0163\u0103 care cuprinde toate procedurile chirurgicale aplicate la noi \u00een \u0163ar\u0103, unele practicate exclusiv \u00een aceast\u0103 sec\u0163ie<\/p>\n","protected":false},"author":4,"featured_media":0,"parent":11381,"menu_order":60,"comment_status":"closed","ping_status":"closed","template":"","meta":{"_acf_changed":false,"footnotes":""},"class_list":["post-10861","page","type-page","status-publish","hentry"],"acf":[],"_links":{"self":[{"href":"https:\/\/dipicdev.ro\/hu\/wp-json\/wp\/v2\/pages\/10861","targetHints":{"allow":["GET"]}}],"collection":[{"href":"https:\/\/dipicdev.ro\/hu\/wp-json\/wp\/v2\/pages"}],"about":[{"href":"https:\/\/dipicdev.ro\/hu\/wp-json\/wp\/v2\/types\/page"}],"author":[{"embeddable":true,"href":"https:\/\/dipicdev.ro\/hu\/wp-json\/wp\/v2\/users\/4"}],"replies":[{"embeddable":true,"href":"https:\/\/dipicdev.ro\/hu\/wp-json\/wp\/v2\/comments?post=10861"}],"version-history":[{"count":0,"href":"https:\/\/dipicdev.ro\/hu\/wp-json\/wp\/v2\/pages\/10861\/revisions"}],"up":[{"embeddable":true,"href":"https:\/\/dipicdev.ro\/hu\/wp-json\/wp\/v2\/pages\/11381"}],"wp:attachment":[{"href":"https:\/\/dipicdev.ro\/hu\/wp-json\/wp\/v2\/media?parent=10861"}],"curies":[{"name":"wp","href":"https:\/\/api.w.org\/{rel}","templated":true}]}}