{"id":10858,"date":"2016-07-06T23:56:50","date_gmt":"2016-07-06T20:56:50","guid":{"rendered":"https:\/\/dipicdev.ro\/activitate-medicala-2\/"},"modified":"2018-11-18T21:59:32","modified_gmt":"2018-11-18T19:59:32","slug":"activitate-medicala","status":"publish","type":"page","link":"https:\/\/dipicdev.ro\/hu\/servicii-medicale\/sectiile-spitalului\/sectia-clinica-neurologie-ii\/activitate-medicala\/","title":{"rendered":"Activitate Medical\u0103"},"content":{"rendered":"<h3><strong>ACTIVITATE MEDICAL\u0102<\/strong><\/h3>\n<p>Sec\u021bia Clinic\u0103 Neurologie a fost \u00eenfiin\u021bat\u00e3 \u00een anul 1947, fiind condus\u00e3 de-a lungul timpului de personalit\u0103\u021bi de renume ale Neurologiei din Rom\u00e2nia: Prof. Dr. Miskolczy Dezs\u0151, Prof. Dr. Doc. Liviu Popoviciu, Prof. Dr. Ion Pascu, Prof. Dr. G\u00e1sp\u00e1r Istv\u00e1n, Medic primar Dr. Becu\u015f Tiberiu. \u00cen prezent medic \u0219ef al sec\u021biei este Conf. dr. Szatm\u00e1ri Szabolcs.<\/p>\n<p>Sec\u0163ia dispune de 9 saloane, totaliz\u00e2nd un num\u0103r de 37 de paturi, 1 camer\u0103 de studii clinice, 1 sal\u0103 de tratament \u015fi 2 camere pentru medici, un cabinet pentru examin\u0103ri Doppler respectiv electroencefalografie \u0219i un cabinet de fizioterapie -recuperare medical\u0103.<\/p>\n<p><em>Datorit\u0103 profesionalismului nostru, implic\u0103rii colectivului \u00een satisfacerea nevoilor pacien\u0163ilor, precum \u0219i calitatea \u00a0serviciilor medicale prestate \u00een cadrul sec\u021biei, asist\u0103m la o adresabilitate tot mai mare \u00een r\u00e2ndul pacien\u0163ilor.<\/em><\/p>\n<p>Sec\u0163ia Clinic\u0103 Neurologie II asigur\u0103 servicii de s\u0103n\u0103tate pentru pacien\u0163i interna\u0163i prin registratura sec\u0163iei, intern\u0103ri care se fac pe baz\u0103 de programare (telefon 303) sau intern\u0103ri de urgen\u0163\u0103. Sec\u0163iei se pot adresa pacien\u0163ii din jude\u0163ul Mure\u015f dar \u015fi din celelalte jude\u0163e ale \u0163\u0103rii, pe baza unui bilet de trimitere, a adeverin\u0163ei de asigurat \u015fi a cardului de s\u0103n\u0103tate, respect\u00e2ndu-se cadrul legal stabilit prin Legea 95\/2006 a Reformei \u00een s\u0103n\u0103tate (cet\u0103\u0163eni din \u0163\u0103rile UE posesori de Eurocard, \u00een regim de urgen\u0163\u0103).<\/p>\n<p>Personalul medical al Sec\u0163iei Clinice Neurologie II are o vast\u0103 experien\u0163\u0103 \u00een diagnosticul \u015fi tratamentul principalelor afec\u0163iuni neurologice: bolile cerebro-vasculare (ischemice \u015fi hemoragice), boala Parkinson \u015fi alte tulbur\u0103ri de motilitate, epilepsia \u015fi alte sindroame \u00eenrudite, demen\u0163e \u015fi alte afectiuni degenerative ale sistemului nervos central, patologia nervilor periferici, scleroza multipl\u0103 \u015fi alte boli demielinizante, afec\u0163iuni neurologice eredo-degenerative, procese neoplazice neurologice primare sau secundare.<\/p>\n<p>La nivelul sec\u0163iei func\u0163ioneaz\u0103 comisiile speciale de neurologie pentru eliberarea \u015fi aprobarea referatelor de justificare, \u00een vederea eliber\u0103rii medicamentelor (antiparkinsoniene, antidemen\u0163iale, antiepileptice) care necesit\u0103 acordul Casa de Asigur\u0103ri de S\u0103n\u0103tate Mure\u015f.<\/p>\n<p>\u00cen mod particular, Sec\u0163ia Clinic\u0103 Neurologie II este una din principalele centre na\u0163ionale \u00een care, cu acordul Societ\u0103\u0163ii de Neurologie din Rom\u00e2nia, \u00een urma unei instruiri dedicate, sunt evalua\u0163i \u015fi trata\u0163i pacien\u0163i cu boala Parkinson avansat\u0103, care necesit\u0103 terapie asistat\u0103 prin dispozitiv (tratament cu gel intestinal levodopa-carbidopa).<\/p>\n","protected":false},"excerpt":{"rendered":"<p>ACTIVITATE MEDICAL\u0102 Sec\u021bia Clinic\u0103 Neurologie a fost \u00eenfiin\u021bat\u00e3 \u00een anul 1947, fiind condus\u00e3 de-a lungul timpului de personalit\u0103\u021bi de renume ale Neurologiei din Rom\u00e2nia: Prof. Dr. Miskolczy Dezs\u0151, Prof. Dr. Doc. Liviu Popoviciu, Prof. Dr. Ion Pascu, Prof. Dr. G\u00e1sp\u00e1r Istv\u00e1n, Medic primar Dr. Becu\u015f Tiberiu. \u00cen prezent medic \u0219ef al sec\u021biei este Conf. dr. [&hellip;]<\/p>\n","protected":false},"author":4,"featured_media":0,"parent":11383,"menu_order":30,"comment_status":"closed","ping_status":"closed","template":"","meta":{"_acf_changed":false,"footnotes":""},"class_list":["post-10858","page","type-page","status-publish","hentry"],"acf":[],"_links":{"self":[{"href":"https:\/\/dipicdev.ro\/hu\/wp-json\/wp\/v2\/pages\/10858","targetHints":{"allow":["GET"]}}],"collection":[{"href":"https:\/\/dipicdev.ro\/hu\/wp-json\/wp\/v2\/pages"}],"about":[{"href":"https:\/\/dipicdev.ro\/hu\/wp-json\/wp\/v2\/types\/page"}],"author":[{"embeddable":true,"href":"https:\/\/dipicdev.ro\/hu\/wp-json\/wp\/v2\/users\/4"}],"replies":[{"embeddable":true,"href":"https:\/\/dipicdev.ro\/hu\/wp-json\/wp\/v2\/comments?post=10858"}],"version-history":[{"count":1,"href":"https:\/\/dipicdev.ro\/hu\/wp-json\/wp\/v2\/pages\/10858\/revisions"}],"predecessor-version":[{"id":10859,"href":"https:\/\/dipicdev.ro\/hu\/wp-json\/wp\/v2\/pages\/10858\/revisions\/10859"}],"up":[{"embeddable":true,"href":"https:\/\/dipicdev.ro\/hu\/wp-json\/wp\/v2\/pages\/11383"}],"wp:attachment":[{"href":"https:\/\/dipicdev.ro\/hu\/wp-json\/wp\/v2\/media?parent=10858"}],"curies":[{"name":"wp","href":"https:\/\/api.w.org\/{rel}","templated":true}]}}