{"id":10856,"date":"2016-07-06T23:57:05","date_gmt":"2016-07-06T20:57:05","guid":{"rendered":"https:\/\/dipicdev.ro\/alte-activitati-2\/"},"modified":"2016-07-06T23:57:05","modified_gmt":"2016-07-06T20:57:05","slug":"alte-activitati","status":"publish","type":"page","link":"https:\/\/dipicdev.ro\/hu\/servicii-medicale\/sectiile-spitalului\/sectia-clinica-neurologie-ii\/alte-activitati\/","title":{"rendered":"Alte Activit\u0103\u021bi"},"content":{"rendered":"<h3><strong>ALTE ACTIVIT\u0102\u0162I<\/strong><\/h3>\n<ol>\n<li>Centru de evaluare \u0219i tratament al pacien\u0163ilor cu boala Parkinson avansat\u0103 care necesit\u0103 terapie asistat\u0103 prin dispozitiv (tratament cu gel intestinal levodopa-carbidopa).<\/li>\n<li>Comisiile speciale de neurologie pentru eliberarea \u015fi aprobarea referatelor de justificare, \u00een vederea eliber\u0103rii deciziilor pentru medicamentele care necesit\u0103 acordul CAS Mure\u015f.<\/li>\n<li>Desfasurarea unor importante studii multicentrice internationale care includ un numar important de pacienti cu : boala Parkinson, diferite sindroame algice, demen\u0163\u0103, epilepsie.<\/li>\n<\/ol>\n","protected":false},"excerpt":{"rendered":"<p>ALTE ACTIVIT\u0102\u0162I Centru de evaluare \u0219i tratament al pacien\u0163ilor cu boala Parkinson avansat\u0103 care necesit\u0103 terapie asistat\u0103 prin dispozitiv (tratament cu gel intestinal levodopa-carbidopa). Comisiile speciale de neurologie pentru eliberarea \u015fi aprobarea referatelor de justificare, \u00een vederea eliber\u0103rii deciziilor pentru medicamentele care necesit\u0103 acordul CAS Mure\u015f. Desfasurarea unor importante studii multicentrice internationale care includ un [&hellip;]<\/p>\n","protected":false},"author":4,"featured_media":0,"parent":11383,"menu_order":30,"comment_status":"closed","ping_status":"closed","template":"","meta":{"_acf_changed":false,"footnotes":""},"class_list":["post-10856","page","type-page","status-publish","hentry"],"acf":[],"_links":{"self":[{"href":"https:\/\/dipicdev.ro\/hu\/wp-json\/wp\/v2\/pages\/10856","targetHints":{"allow":["GET"]}}],"collection":[{"href":"https:\/\/dipicdev.ro\/hu\/wp-json\/wp\/v2\/pages"}],"about":[{"href":"https:\/\/dipicdev.ro\/hu\/wp-json\/wp\/v2\/types\/page"}],"author":[{"embeddable":true,"href":"https:\/\/dipicdev.ro\/hu\/wp-json\/wp\/v2\/users\/4"}],"replies":[{"embeddable":true,"href":"https:\/\/dipicdev.ro\/hu\/wp-json\/wp\/v2\/comments?post=10856"}],"version-history":[{"count":0,"href":"https:\/\/dipicdev.ro\/hu\/wp-json\/wp\/v2\/pages\/10856\/revisions"}],"up":[{"embeddable":true,"href":"https:\/\/dipicdev.ro\/hu\/wp-json\/wp\/v2\/pages\/11383"}],"wp:attachment":[{"href":"https:\/\/dipicdev.ro\/hu\/wp-json\/wp\/v2\/media?parent=10856"}],"curies":[{"name":"wp","href":"https:\/\/api.w.org\/{rel}","templated":true}]}}