{"id":10826,"date":"2016-07-07T00:02:14","date_gmt":"2016-07-06T21:02:14","guid":{"rendered":"https:\/\/dipicdev.ro\/activitate-medicala-2\/"},"modified":"2016-07-07T00:02:14","modified_gmt":"2016-07-06T21:02:14","slug":"activitate-medicala","status":"publish","type":"page","link":"https:\/\/dipicdev.ro\/hu\/servicii-medicale\/sectiile-spitalului\/sectia-clinica-nefrologie\/activitate-medicala\/","title":{"rendered":"Activitate Medical\u0103"},"content":{"rendered":"<h3><strong>Activitate medical\u0103 <\/strong><\/h3>\n<p>Compartimentul Nefrologie a fost \u00eenfiin\u021bat \u00een anul 2002, sub conducerea dl. dr. Popescu Gheorghe. \u00cen prezent, functioneaz\u0103 cu un num\u0103r de 10 paturi, medic coordonator al compartimentului fiind dl. Dr. Hosu Ioan.<\/p>\n<p>\u00cen cadrul Compartimentului Nefrologie se asigur\u0103 asisten\u021ba medical\u0103 de specialitate a pacien\u021bilor cu afec\u021biuni nefrologice, \u00een structura morbidit\u0103\u021bii predomin\u0103 insuficien\u021ba renal\u0103 acut\u0103, insuficien\u021ba renal\u0103 cronic\u0103 acutizat\u0103 sau terminal\u0103 av\u00e2nd ca afec\u021biuni de baz\u0103 nefropatii glomerulare primitive sau secundare, nefropatii tubulo-intersti\u021biale, nefropatia diabetic\u0103, nefroangioscleroza, boala polichistic\u0103 renal\u0103, st\u0103ri septice s.a.<\/p>\n<p>\u00cen afara activit\u0103\u021bii curente compartimentul asigur\u0103 consulta\u021bii de specialitate la serviciul UPU-SMURD \u0219i consulta\u021bii interclinice la solicitarea sec\u021biilor spitalului.<\/p>\n<p>Activitatea Compartimentului Nefrologie este str\u00e2ns legat\u0103 de cea a Sta\u021biei de Hemodializa\/Compartiment de Dializa Peritoneal\u0103, un procent semnificativ de pacien\u021bii interna\u021bi av\u00e2nd nevoie de tratament substitutiv renal, medicii curan\u021bi activ\u00e2nd \u00een ambele sec\u021bii.<\/p>\n<p>\u00cen anul 2015 \u00een cadrul compartimentului au fost 675 intern\u0103ri, din care: spitaliz\u0103ri continue: 354 \u0219i spitalizari de zi: 321.<\/p>\n<p>Din totalul pacien\u021bilor interna\u021bi &#8211; 354, majoritatea au reprezentat urgen\u021be medicale (insuficien\u021be renale acute, IRC terminale s.a) necesit\u00e2nd terapie complex\u0103 medicamentoas\u0103 \u0219i tratament de suplean\u021b\u0103 renal\u0103.<\/p>\n","protected":false},"excerpt":{"rendered":"<p>Activitate medical\u0103 Compartimentul Nefrologie a fost \u00eenfiin\u021bat \u00een anul 2002, sub conducerea dl. dr. Popescu Gheorghe. \u00cen prezent, functioneaz\u0103 cu un num\u0103r de 10 paturi, medic coordonator al compartimentului fiind dl. Dr. Hosu Ioan. \u00cen cadrul Compartimentului Nefrologie se asigur\u0103 asisten\u021ba medical\u0103 de specialitate a pacien\u021bilor cu afec\u021biuni nefrologice, \u00een structura morbidit\u0103\u021bii predomin\u0103 insuficien\u021ba renal\u0103 [&hellip;]<\/p>\n","protected":false},"author":4,"featured_media":0,"parent":11354,"menu_order":28,"comment_status":"closed","ping_status":"closed","template":"","meta":{"_acf_changed":false,"footnotes":""},"class_list":["post-10826","page","type-page","status-publish","hentry"],"acf":[],"_links":{"self":[{"href":"https:\/\/dipicdev.ro\/hu\/wp-json\/wp\/v2\/pages\/10826","targetHints":{"allow":["GET"]}}],"collection":[{"href":"https:\/\/dipicdev.ro\/hu\/wp-json\/wp\/v2\/pages"}],"about":[{"href":"https:\/\/dipicdev.ro\/hu\/wp-json\/wp\/v2\/types\/page"}],"author":[{"embeddable":true,"href":"https:\/\/dipicdev.ro\/hu\/wp-json\/wp\/v2\/users\/4"}],"replies":[{"embeddable":true,"href":"https:\/\/dipicdev.ro\/hu\/wp-json\/wp\/v2\/comments?post=10826"}],"version-history":[{"count":0,"href":"https:\/\/dipicdev.ro\/hu\/wp-json\/wp\/v2\/pages\/10826\/revisions"}],"up":[{"embeddable":true,"href":"https:\/\/dipicdev.ro\/hu\/wp-json\/wp\/v2\/pages\/11354"}],"wp:attachment":[{"href":"https:\/\/dipicdev.ro\/hu\/wp-json\/wp\/v2\/media?parent=10826"}],"curies":[{"name":"wp","href":"https:\/\/api.w.org\/{rel}","templated":true}]}}