{"id":10821,"date":"2016-07-07T00:03:47","date_gmt":"2016-07-06T21:03:47","guid":{"rendered":"https:\/\/dipicdev.ro\/activitatea-didactica-si-stiintifica-2\/"},"modified":"2018-11-18T21:08:23","modified_gmt":"2018-11-18T19:08:23","slug":"activitatea-didactica-si-stiintifica","status":"publish","type":"page","link":"https:\/\/dipicdev.ro\/hu\/servicii-medicale\/sectiile-spitalului\/sectia-clinica-obstetrica-ginecologie\/activitatea-didactica-si-stiintifica\/","title":{"rendered":"Activitatea didactic\u0103 si \u0219tiin\u021bific\u0103"},"content":{"rendered":"<h3><strong>Activitatea didactic\u0103 si \u0219tiin\u021bific\u0103<\/strong><\/h3>\n<p>CENTRU DE FORMARE \u00ceN LAPAROSCOPIE<\/p>\n<p>CENTRU DE FORMARE \u00ceN UROGINECOLOGIE<\/p>\n<p>CENTRU DE FORMARE \u00ceN GINECOLOGIE ONCOLOGIC\u0102<\/p>\n<p>CENTRU DE FORMARE \u00ceN ECOGRAFIE NIVEL I \u015eI II<\/p>\n<p>CENTRU DE FORMARE \u00ceN COLPOSCOPIE<\/p>\n","protected":false},"excerpt":{"rendered":"<p>Activitatea didactic\u0103 si \u0219tiin\u021bific\u0103 CENTRU DE FORMARE \u00ceN LAPAROSCOPIE CENTRU DE FORMARE \u00ceN UROGINECOLOGIE CENTRU DE FORMARE \u00ceN GINECOLOGIE ONCOLOGIC\u0102 CENTRU DE FORMARE \u00ceN ECOGRAFIE NIVEL I \u015eI II CENTRU DE FORMARE \u00ceN COLPOSCOPIE<\/p>\n","protected":false},"author":4,"featured_media":0,"parent":11381,"menu_order":60,"comment_status":"closed","ping_status":"closed","template":"","meta":{"_acf_changed":false,"footnotes":""},"class_list":["post-10821","page","type-page","status-publish","hentry"],"acf":[],"_links":{"self":[{"href":"https:\/\/dipicdev.ro\/hu\/wp-json\/wp\/v2\/pages\/10821","targetHints":{"allow":["GET"]}}],"collection":[{"href":"https:\/\/dipicdev.ro\/hu\/wp-json\/wp\/v2\/pages"}],"about":[{"href":"https:\/\/dipicdev.ro\/hu\/wp-json\/wp\/v2\/types\/page"}],"author":[{"embeddable":true,"href":"https:\/\/dipicdev.ro\/hu\/wp-json\/wp\/v2\/users\/4"}],"replies":[{"embeddable":true,"href":"https:\/\/dipicdev.ro\/hu\/wp-json\/wp\/v2\/comments?post=10821"}],"version-history":[{"count":1,"href":"https:\/\/dipicdev.ro\/hu\/wp-json\/wp\/v2\/pages\/10821\/revisions"}],"predecessor-version":[{"id":10822,"href":"https:\/\/dipicdev.ro\/hu\/wp-json\/wp\/v2\/pages\/10821\/revisions\/10822"}],"up":[{"embeddable":true,"href":"https:\/\/dipicdev.ro\/hu\/wp-json\/wp\/v2\/pages\/11381"}],"wp:attachment":[{"href":"https:\/\/dipicdev.ro\/hu\/wp-json\/wp\/v2\/media?parent=10821"}],"curies":[{"name":"wp","href":"https:\/\/api.w.org\/{rel}","templated":true}]}}