{"id":10814,"date":"2016-07-07T00:04:50","date_gmt":"2016-07-06T21:04:50","guid":{"rendered":"https:\/\/dipicdev.ro\/activitate-medicala-2\/"},"modified":"2016-07-07T00:04:50","modified_gmt":"2016-07-06T21:04:50","slug":"activitate-medicala","status":"publish","type":"page","link":"https:\/\/dipicdev.ro\/hu\/servicii-medicale\/sectiile-spitalului\/compartiment-ati-obstetrica-ginecologie\/activitate-medicala\/","title":{"rendered":"Activitate Medical\u0103"},"content":{"rendered":"<h3><strong>Activitate Medical\u0103<\/strong><\/h3>\n<p>Compartimentul ATI Obstetric\u0103 &#8211; Ginecologie a fost \u00eenfiin\u021bat \u0219i s-a dezvoltat odat\u0103 cu Sec\u021bia Clinic\u0103 Obstetric\u0103 \u0219i Ginecologie a Spitalului Clinic Jude\u021bean de Urgen\u021b\u0103 T\u00eergu Mure\u0219, av\u00e2nd menirea de a asigura serviciile de anestezie, terapie intensiv\u0103 peri \u0219i postoperatorie \u0219i terapia durerii pentru pacientele internate \u00een Sec\u021bia Clinic\u0103 Obstetric\u0103 &#8211; Ginecologie.<\/p>\n<p>\u00cen prezent, \u00een cadrul Compartimentului sunt \u00eencadra\u021bi 2 medici primari ATI \u0219i un medic specialist ATI, precum \u0219i 8 asistente medicale de anestezie, respectiv 13 asistente medicale \u00een terapia intensiv\u0103, 7 infirmiere \u0219i 3 \u00eengrijitoare. Activitatea zilnic\u0103 este organizat\u0103 pentru a asigura serviciile specifice ATI ambelor componente ale Sec\u021biei Clinice Obstetric\u0103 &#8211;\u00a0 Ginecologie.<\/p>\n<p>Obstetrica beneficiaz\u0103 de o sal\u0103 de opera\u021bii complet echipat\u0103, destinat\u0103 opera\u021biilor cezariene, precum \u0219i de 4 paturi de urm\u0103rire postoperatorie \u0219i terapie intensiv\u0103, dotate cu monitoare de func\u021bii vitale \u0219i capacit\u0103\u021bi de ventila\u021bie mecanic\u0103 \u0219i substitu\u021bie renal\u0103.<\/p>\n<p>Viitoarele mame care nasc \u00een sec\u021bie pot beneficia de montarea unui cateter peridural pentru analgezie \u00een timpul travaliului \u0219i na\u0219terii, manevr\u0103 modern\u0103 \u0219i de rutin\u0103 care \u00eenlesne\u0219te \u0219i reduce disconfortul acestui moment at\u00e2t de important \u00een via\u021ba fiec\u0103rei familii. De asemenea, atunci c\u00e2nd exist\u0103 indica\u021bie pentru opera\u021bie cezarian\u0103 se practic\u0103 anestezie loco-regional\u0103 (spinal\u0103, epidural\u0103 sau combinat\u0103 \u2013 anestezie spinal\u0103 pentru interven\u021bia chirurgical\u0103 \u0219i cateter peridural pentru terapia durerii postoperatorii) sau general\u0103, urmate de monitorizarea \u0219i terapia durerii \u00een salonul de terapie intensiv\u0103.<\/p>\n<p>Pentru nevoile pacientelor cu afec\u021biuni ginecologice care necesit\u0103 interven\u021bii chirurgicale exist\u0103 3 s\u0103li de opera\u021bie cu dotare specific\u0103 de anestezie general\u0103 \u0219i monitorizare perioperatorie, unde se practic\u0103 o gam\u0103 larg\u0103 de interven\u021bii chirurgicale, inclusiv interven\u021bii complexe de onco-ginecologie; de asemenea, sunt abordate nu rareori cazuri complexe prin natura condi\u021biilor specifice fiec\u0103rei paciente (comorbidit\u0103\u021bi importante \u2013 cardiace, obezitate extrem\u0103 etc.). Compartimentul dispune \u0219i de 6 paturi de terapie intensiv\u0103 dedicate acestor paciente, dotate cu 6 monitoare de func\u021bii vitale cu sta\u021bie central\u0103 de monitorizare, aparat pentru ventila\u021bie mecanic\u0103 invaziv\u0103 \u0219i noninvaziv\u0103, capacitate de monitorizare a unor parametri sanguini, inclusiv echilibrul acido-bazic, precum \u0219i posibilitatea ini\u021bierii terapiei de substitu\u021bie renal\u0103 atunci c\u00e2nd este cazul.<\/p>\n","protected":false},"excerpt":{"rendered":"<p>Activitate Medical\u0103 Compartimentul ATI Obstetric\u0103 &#8211; Ginecologie a fost \u00eenfiin\u021bat \u0219i s-a dezvoltat odat\u0103 cu Sec\u021bia Clinic\u0103 Obstetric\u0103 \u0219i Ginecologie a Spitalului Clinic Jude\u021bean de Urgen\u021b\u0103 T\u00eergu Mure\u0219, av\u00e2nd menirea de a asigura serviciile de anestezie, terapie intensiv\u0103 peri \u0219i postoperatorie \u0219i terapia durerii pentru pacientele internate \u00een Sec\u021bia Clinic\u0103 Obstetric\u0103 &#8211; Ginecologie. \u00cen prezent, [&hellip;]<\/p>\n","protected":false},"author":4,"featured_media":0,"parent":11350,"menu_order":59,"comment_status":"closed","ping_status":"closed","template":"","meta":{"_acf_changed":false,"footnotes":""},"class_list":["post-10814","page","type-page","status-publish","hentry"],"acf":[],"_links":{"self":[{"href":"https:\/\/dipicdev.ro\/hu\/wp-json\/wp\/v2\/pages\/10814","targetHints":{"allow":["GET"]}}],"collection":[{"href":"https:\/\/dipicdev.ro\/hu\/wp-json\/wp\/v2\/pages"}],"about":[{"href":"https:\/\/dipicdev.ro\/hu\/wp-json\/wp\/v2\/types\/page"}],"author":[{"embeddable":true,"href":"https:\/\/dipicdev.ro\/hu\/wp-json\/wp\/v2\/users\/4"}],"replies":[{"embeddable":true,"href":"https:\/\/dipicdev.ro\/hu\/wp-json\/wp\/v2\/comments?post=10814"}],"version-history":[{"count":0,"href":"https:\/\/dipicdev.ro\/hu\/wp-json\/wp\/v2\/pages\/10814\/revisions"}],"up":[{"embeddable":true,"href":"https:\/\/dipicdev.ro\/hu\/wp-json\/wp\/v2\/pages\/11350"}],"wp:attachment":[{"href":"https:\/\/dipicdev.ro\/hu\/wp-json\/wp\/v2\/media?parent=10814"}],"curies":[{"name":"wp","href":"https:\/\/api.w.org\/{rel}","templated":true}]}}