{"id":10797,"date":"2016-07-07T00:08:31","date_gmt":"2016-07-06T21:08:31","guid":{"rendered":"https:\/\/dipicdev.ro\/activitatea-didactica-si-stiintifica-2\/"},"modified":"2018-11-18T21:08:11","modified_gmt":"2018-11-18T19:08:11","slug":"activitatea-didactica-si-stiintifica","status":"publish","type":"page","link":"https:\/\/dipicdev.ro\/hu\/servicii-medicale\/sectiile-spitalului\/sectia-clinica-pediatrie\/activitatea-didactica-si-stiintifica\/","title":{"rendered":"Activitatea didactic\u0103 si \u0219tiin\u021bific\u0103"},"content":{"rendered":"<h3><strong>Activitate didactic\u0103 \u0219i \u0219tiin\u021bific\u0103<\/strong><\/h3>\n<p>Activitatea medical\u0103 se \u00eembin\u0103 perfect \u00een cadrul Sec\u021biei Clinice Pediatrie cu cea didactic\u0103 \u0219i de cercetare, ceea ce se eviden\u021biaz\u0103 \u00een num\u0103rul mare de studen\u021bi \u0219i reziden\u021bi instrui\u021bi anual de c\u0103tre cadrele didactice ale sec\u021biei, cu \u00eenalt\u0103 preg\u0103tire pentru a forma viitori medici cu cuno\u0219tin\u021be complexe \u00een diferite domenii medicale. Personalul medical al sec\u021biei particip\u0103 anual la diferite congrese na\u021bionale \u0219i interna\u021bionale, precum \u0219i cursuri post-universitare at\u00e2t pentru a-\u0219i \u00eensu\u0219i nout\u0103\u021bile din domeniul medical, c\u00e2t \u0219i pentru a comunica propriile rezultate din activit\u0103\u021bile de cercetare sau pentru a prezenta anumite cazuri cu patologii deosebite sau particulatit\u0103\u021bi medicale legate de diagnostic \u0219i tratament. Activitatea complex\u0103 de cercetare se oglinde\u0219te \u0219i \u00een multiplele articole de specialitate publicate \u00een reviste recunoscute pe plan na\u021bional \u0219i interna\u021bional, sau a studiilor inovative de cercetare\u00a0 desf\u0103\u0219urate \u00een Sec\u021bia Clinic\u0103 Pediatrie.<\/p>\n<p>Un alt caracter de interrela\u021bie \u00eentre activitatea sec\u021biei \u0219i cea didactic\u0103 aferent\u0103 Universit\u0103\u021bii de Medicin\u0103 \u0219i Farmacie Tg. Mure\u0219 este reprezentat de posibilitatea \u0219efului sec\u021biei de a \u00eendruma doctoranzi \u00een vederea preg\u0103tirii \u0219i a dezvolt\u0103rii sim\u021bului de cercetare clinic\u0103 pentru a furniza oportunitatea de continuitate \u0219i inova\u021bie \u00een cercetare. De asemenea, s\u0103pt\u0103m\u00e2nal medicii reziden\u021bi beneficiaz\u0103 de cursuri de patologie pediatric\u0103 pentru a beneficia de o preg\u0103tire c\u00e2t mai complex\u0103 \u00een domeniu, at\u00e2t teoretic\u0103, c\u00e2t \u0219i practic\u0103. At\u00e2t cursurile pentru studen\u021bi, c\u00e2t \u0219i cele pentru reziden\u021bi sunt anual up-datate de c\u0103tre cadrele didactice fiind prezentat\u0103 \u00eentr-un mod c\u00e2t mai didactic, dar \u00een acela\u0219i timp atractic \u0219i interactiv. Anual preg\u0103tim un num\u0103r de peste 200 studen\u021bi \u0219i 20 reziden\u021bi de pediatrie, neonatologie \u0219i medicin\u0103 de familie.<\/p>\n<p>Personalul Sec\u021beiei Clinice Pediatrie face parte din urm\u0103toarele organiza\u021bii medicale:\u00a0 Societatea Rom\u00e2n\u0103 de Pediatrie, Societatea Rom\u00e2n\u0103 de Gasteoenterologie Hepatologie \u0219i Nutri\u021bie Pediatric\u0103, Societatea Rom\u00e2n\u0103 de Pediatrie Social\u0103, Societatea Rom\u00e2n\u0103 de Hemato-oncologie, European Society of Pediatric Gastroenterology, Hepatology and Nutrition (ESPGHAN), European Society of Infectious Disease (ESPID), Europen Academy of Pediatrics (EPA), European Society of Parenteral, Enteral Nutrition (ESPEN)<\/p>\n","protected":false},"excerpt":{"rendered":"<p>Activitate didactic\u0103 \u0219i \u0219tiin\u021bific\u0103 Activitatea medical\u0103 se \u00eembin\u0103 perfect \u00een cadrul Sec\u021biei Clinice Pediatrie cu cea didactic\u0103 \u0219i de cercetare, ceea ce se eviden\u021biaz\u0103 \u00een num\u0103rul mare de studen\u021bi \u0219i reziden\u021bi instrui\u021bi anual de c\u0103tre cadrele didactice ale sec\u021biei, cu \u00eenalt\u0103 preg\u0103tire pentru a forma viitori medici cu cuno\u0219tin\u021be complexe \u00een diferite domenii medicale. Personalul [&hellip;]<\/p>\n","protected":false},"author":4,"featured_media":0,"parent":11376,"menu_order":24,"comment_status":"closed","ping_status":"closed","template":"","meta":{"_acf_changed":false,"footnotes":""},"class_list":["post-10797","page","type-page","status-publish","hentry"],"acf":[],"_links":{"self":[{"href":"https:\/\/dipicdev.ro\/hu\/wp-json\/wp\/v2\/pages\/10797","targetHints":{"allow":["GET"]}}],"collection":[{"href":"https:\/\/dipicdev.ro\/hu\/wp-json\/wp\/v2\/pages"}],"about":[{"href":"https:\/\/dipicdev.ro\/hu\/wp-json\/wp\/v2\/types\/page"}],"author":[{"embeddable":true,"href":"https:\/\/dipicdev.ro\/hu\/wp-json\/wp\/v2\/users\/4"}],"replies":[{"embeddable":true,"href":"https:\/\/dipicdev.ro\/hu\/wp-json\/wp\/v2\/comments?post=10797"}],"version-history":[{"count":1,"href":"https:\/\/dipicdev.ro\/hu\/wp-json\/wp\/v2\/pages\/10797\/revisions"}],"predecessor-version":[{"id":10798,"href":"https:\/\/dipicdev.ro\/hu\/wp-json\/wp\/v2\/pages\/10797\/revisions\/10798"}],"up":[{"embeddable":true,"href":"https:\/\/dipicdev.ro\/hu\/wp-json\/wp\/v2\/pages\/11376"}],"wp:attachment":[{"href":"https:\/\/dipicdev.ro\/hu\/wp-json\/wp\/v2\/media?parent=10797"}],"curies":[{"name":"wp","href":"https:\/\/api.w.org\/{rel}","templated":true}]}}