{"id":10790,"date":"2016-07-07T00:09:36","date_gmt":"2016-07-06T21:09:36","guid":{"rendered":"https:\/\/dipicdev.ro\/activitate-medicala-2\/"},"modified":"2016-07-07T00:09:36","modified_gmt":"2016-07-06T21:09:36","slug":"activitate-medicala","status":"publish","type":"page","link":"https:\/\/dipicdev.ro\/hu\/servicii-medicale\/sectiile-spitalului\/sectia-clinica-reumatologie\/activitate-medicala\/","title":{"rendered":"Activitate Medical\u0103"},"content":{"rendered":"<h3><b>Activitatea medical\u0103 <\/b><\/h3>\n<p><span style=\"font-weight: 400;\">Sec\u021bia Clinic\u0103 Reumatologie func\u021bioneaz\u0103 la etajul IV al Spitalului Clinic Jude\u021bean de Urgen\u021b\u0103 T\u00e2rgu-Mure\u0219, av\u00e2nd \u00een componen\u021b\u0103 55 de paturi \u0219i ca profil de activitate investiga\u021biile \u0219i tratamentul bolilor reumatice, at\u00e2t \u00een forma de internare continu\u0103, c\u00e2t \u0219i spitaliz\u0103ri de zi.<\/span><\/p>\n<p><span style=\"font-weight: 400;\">\u00cen cadrul sec\u021biei se realizeaz\u0103: evaluarea st\u0103rii clinice a pacien\u021bilor, stabilirea diagnosticului, \u00eengrijirea \u0219i tratamentul. Astfel, se efectueaz\u0103 investiga\u021bii clinice, biologice, radiologice imagistice, consulturi interdisciplinare, tratamente medicale \u0219i de balneofiziokinetoterapie, sec\u021bia dispun\u00e2nd \u0219i de cabinete pentru tratamente de electroterapie, kinetoterapie, masaj, ecografie musculoscheletal\u0103 \u0219i videocapilaroscopie. <\/span><\/p>\n<p><span style=\"font-weight: 400;\">Patologia acoperit\u0103 include boli inflamatorii autoimune ale \u021besutului conjunctiv: poliartrit\u0103 reumatoid\u0103, lupus eritematos, dermatopolimiozita, sclerodermia, vasculite sistemice, boala mixt\u0103 a \u021besutului conjunctiv, spondilita anchilozant\u0103; osteoporoza, fibromialgia, artropatii microcristaliniene, boli degenerative ale sistemului osteoarticular. \u00a0 \u00a0 \u00a0 \u00a0 \u00a0 \u00a0 \u00a0 \u00a0 \u00a0 \u00a0 \u00a0 \u00a0 \u00a0 \u00a0 \u00a0 \u00a0 \u00a0 \u00a0 \u00a0 \u00a0 \u00a0 \u00a0 \u00a0 \u00a0 \u00a0 \u00a0 \u00a0 \u00a0 \u00a0 \u00a0 \u00a0 \u00a0 \u00a0 \u00a0 \u00a0 \u00a0 \u00a0 \u00a0 \u00a0 \u00a0 \u00a0 \u00a0 \u00a0 \u00a0 \u00a0 \u00a0 \u00a0 \u00a0 \u00a0 \u00a0 \u00a0 \u00a0 \u00a0 \u00a0 \u00a0 \u00a0 \u00a0 \u00a0 \u00a0 \u00a0 \u00a0 \u00a0 \u00a0 \u00a0 \u00a0 \u00a0 \u00a0 \u00a0 \u00a0 \u00a0 \u00a0 \u00a0 \u00a0 \u00a0 \u00a0 \u00a0 \u00a0 \u00a0 \u00a0<\/span><\/p>\n<p><span style=\"font-weight: 400;\"> \u00a0<\/span><span style=\"font-weight: 400;\">\u00a0\u00a0\u00a0 <\/span><span style=\"font-weight: 400;\">\u00cen cadrul sec\u021biei se efectueaz\u0103 \u0219i studii de cercetare clinice \u00een boli reumatice faza II, III, IV \u00a0\u00a0\u00a0\u00a0\u00a0\u00a0\u00a0(poliartrita reumatoid\u0103, lupus eritematos sistemic, spondilita anchilozant\u0103, spondilartropatia, artropatia psoriazic\u0103, artroza). De asemenea, se realizeaz\u0103 \u0219i tratamentul pacien\u021bilor cuprin\u0219i \u00een programele de s\u0103n\u0103tate na\u021bionale -PNS- tratamentul pacien\u021bilor cu scleroz\u0103 sistemic\u0103 \u0219i ulcere digitale evolutive P6.16 (din cadrul Programului Na\u021bional de tratament pentru boli rare).<\/span><\/p>\n<p><span style=\"font-weight: 400;\"> \u00a0\u00a0\u00a0<\/span><span style=\"font-weight: 400;\">\u00a0\u00a0\u00a0 <\/span><span style=\"font-weight: 400;\">Pentru consulta\u021bii \u00a0de specialitate \u0219i monitorizarea unor pacien\u021bi cu afec\u021biuni cronice dispunem de un cabinet \u00een Ambulatoriul integrat, aflat la etajul I, cam. 4020.<\/span><\/p>\n","protected":false},"excerpt":{"rendered":"<p>Activitatea medical\u0103 Sec\u021bia Clinic\u0103 Reumatologie func\u021bioneaz\u0103 la etajul IV al Spitalului Clinic Jude\u021bean de Urgen\u021b\u0103 T\u00e2rgu-Mure\u0219, av\u00e2nd \u00een componen\u021b\u0103 55 de paturi \u0219i ca profil de activitate investiga\u021biile \u0219i tratamentul bolilor reumatice, at\u00e2t \u00een forma de internare continu\u0103, c\u00e2t \u0219i spitaliz\u0103ri de zi. \u00cen cadrul sec\u021biei se realizeaz\u0103: evaluarea st\u0103rii clinice a pacien\u021bilor, stabilirea diagnosticului, [&hellip;]<\/p>\n","protected":false},"author":4,"featured_media":0,"parent":11374,"menu_order":22,"comment_status":"closed","ping_status":"closed","template":"","meta":{"_acf_changed":false,"footnotes":""},"class_list":["post-10790","page","type-page","status-publish","hentry"],"acf":[],"_links":{"self":[{"href":"https:\/\/dipicdev.ro\/hu\/wp-json\/wp\/v2\/pages\/10790","targetHints":{"allow":["GET"]}}],"collection":[{"href":"https:\/\/dipicdev.ro\/hu\/wp-json\/wp\/v2\/pages"}],"about":[{"href":"https:\/\/dipicdev.ro\/hu\/wp-json\/wp\/v2\/types\/page"}],"author":[{"embeddable":true,"href":"https:\/\/dipicdev.ro\/hu\/wp-json\/wp\/v2\/users\/4"}],"replies":[{"embeddable":true,"href":"https:\/\/dipicdev.ro\/hu\/wp-json\/wp\/v2\/comments?post=10790"}],"version-history":[{"count":0,"href":"https:\/\/dipicdev.ro\/hu\/wp-json\/wp\/v2\/pages\/10790\/revisions"}],"up":[{"embeddable":true,"href":"https:\/\/dipicdev.ro\/hu\/wp-json\/wp\/v2\/pages\/11374"}],"wp:attachment":[{"href":"https:\/\/dipicdev.ro\/hu\/wp-json\/wp\/v2\/media?parent=10790"}],"curies":[{"name":"wp","href":"https:\/\/api.w.org\/{rel}","templated":true}]}}