{"id":10788,"date":"2016-07-07T00:09:52","date_gmt":"2016-07-06T21:09:52","guid":{"rendered":"https:\/\/dipicdev.ro\/activitatea-didactica-si-stiintifica-2\/"},"modified":"2016-07-07T00:09:52","modified_gmt":"2016-07-06T21:09:52","slug":"activitatea-didactica-si-stiintifica","status":"publish","type":"page","link":"https:\/\/dipicdev.ro\/hu\/servicii-medicale\/sectiile-spitalului\/sectia-clinica-reumatologie\/activitatea-didactica-si-stiintifica\/","title":{"rendered":"Activitatea didactic\u0103 si \u0219tiin\u021bific\u0103"},"content":{"rendered":"<h3><strong>Activitatea didactic\u0103 \u0219i \u0219tiin\u021bific\u0103<\/strong><\/h3>\n<p>Cadrele didactice ale Disciplinei Reumatologie, BFK \u0219i recuperare medical\u0103 asigur\u0103 preg\u0103tirea didactic\u0103 a studen\u021bilor facult\u0103\u021bii de medicin\u0103 general\u0103, asisten\u021b\u0103 medical\u0103, balneofiziokinetoterapie, medicin\u0103 dentar\u0103 pentru studen\u021bii rom\u00e2ni \u0219i str\u0103ini.<\/p>\n<p>Activitatea didactic\u0103 const\u0103 \u00een cursuri, stagii \u0219i lucr\u0103ri practice care se desf\u0103\u0219oar\u0103 pe sec\u021bie, precum \u0219i \u00een baza de tratament (Laborator Recuperare Medicin\u0103 Fizic\u0103 \u0219i Balneologie al spitalului).<\/p>\n<p>Pe l\u00e2ng\u0103 activitatea de preg\u0103tire a studen\u021bilor, asigur\u0103 preg\u0103tirea postuniversitar\u0103 a multor medici reziden\u021bi de reumatologie, reabilitare medical\u0103, medicin\u0103 intern\u0103 \u0219i alte specialit\u0103\u021bi medicale. Activitatea de cercetare \u0219tiin\u021bific\u0103 a colectivului sec\u021biei rezult\u0103 din lucr\u0103rile \u0219tiin\u021bifice publicate \u0219i prezentate la Congrese Na\u021bionale \u0219i Interna\u021bionale.<br \/>\nPersonalul Sec\u021beiei Clinice Reumatologie face parte din urm\u0103toarele organiza\u021bii medicale: Societatea Rom\u00e2n\u0103 de Reumatologie \u0219i Societatea Rom\u00e2n\u0103 de Reabilitare Medical\u0103.<\/p>\n","protected":false},"excerpt":{"rendered":"<p>Activitatea didactic\u0103 \u0219i \u0219tiin\u021bific\u0103 Cadrele didactice ale Disciplinei Reumatologie, BFK \u0219i recuperare medical\u0103 asigur\u0103 preg\u0103tirea didactic\u0103 a studen\u021bilor facult\u0103\u021bii de medicin\u0103 general\u0103, asisten\u021b\u0103 medical\u0103, balneofiziokinetoterapie, medicin\u0103 dentar\u0103 pentru studen\u021bii rom\u00e2ni \u0219i str\u0103ini. Activitatea didactic\u0103 const\u0103 \u00een cursuri, stagii \u0219i lucr\u0103ri practice care se desf\u0103\u0219oar\u0103 pe sec\u021bie, precum \u0219i \u00een baza de tratament (Laborator Recuperare Medicin\u0103 [&hellip;]<\/p>\n","protected":false},"author":4,"featured_media":0,"parent":11374,"menu_order":22,"comment_status":"closed","ping_status":"closed","template":"","meta":{"_acf_changed":false,"footnotes":""},"class_list":["post-10788","page","type-page","status-publish","hentry"],"acf":[],"_links":{"self":[{"href":"https:\/\/dipicdev.ro\/hu\/wp-json\/wp\/v2\/pages\/10788","targetHints":{"allow":["GET"]}}],"collection":[{"href":"https:\/\/dipicdev.ro\/hu\/wp-json\/wp\/v2\/pages"}],"about":[{"href":"https:\/\/dipicdev.ro\/hu\/wp-json\/wp\/v2\/types\/page"}],"author":[{"embeddable":true,"href":"https:\/\/dipicdev.ro\/hu\/wp-json\/wp\/v2\/users\/4"}],"replies":[{"embeddable":true,"href":"https:\/\/dipicdev.ro\/hu\/wp-json\/wp\/v2\/comments?post=10788"}],"version-history":[{"count":0,"href":"https:\/\/dipicdev.ro\/hu\/wp-json\/wp\/v2\/pages\/10788\/revisions"}],"up":[{"embeddable":true,"href":"https:\/\/dipicdev.ro\/hu\/wp-json\/wp\/v2\/pages\/11374"}],"wp:attachment":[{"href":"https:\/\/dipicdev.ro\/hu\/wp-json\/wp\/v2\/media?parent=10788"}],"curies":[{"name":"wp","href":"https:\/\/api.w.org\/{rel}","templated":true}]}}