{"id":10778,"date":"2016-07-07T00:12:00","date_gmt":"2016-07-06T21:12:00","guid":{"rendered":"https:\/\/dipicdev.ro\/activitate-medicala-2\/"},"modified":"2016-07-07T00:12:00","modified_gmt":"2016-07-06T21:12:00","slug":"activitate-medicala","status":"publish","type":"page","link":"https:\/\/dipicdev.ro\/hu\/servicii-medicale\/sectiile-spitalului\/compartiment-diabet-zaharat-nutritie-si-boli-metabolice\/activitate-medicala\/","title":{"rendered":"Activitate Medical\u0103"},"content":{"rendered":"<h3>Activitate Medical\u0103<\/h3>\n<p>Compartimentul diabet zaharat, nutri\u021bie \u0219i boli metabolice s-a \u00eenfiin\u021bat \u00een anul 2002 ca sec\u021bie clinic\u0103, fiind prima \u0219i singura sec\u021bie din jude\u021b cu acest profil, sub conducerea dnei. dr. Gina Camelia Suciu medic primar de medicin\u0103 intern\u0103 \u0219i diabet boli de nutri\u021bie, devenind \u00eencep\u00e2nd cu anul 2009 compartiment.<\/p>\n<p>\u00cen cadrul Compartimentul diabet zaharat, nutri\u021bie \u0219i boli metabolice se trateaza pacien\u021bii cu urgen\u021be \u00een diabet: cetoacidoze, st\u0103rile hiperosmolare, acidozele lactice, hipoglicemiile, diabet zaharat tip1 \u0219i tip 2 dezechilibrat, precum \u0219i cazurile de: diabet gesta\u021bional, diabet \u00een sarcin\u0103, diabet cu complica\u021bii cronice, diabetul tip1 la debut, tulbur\u0103rile de nutri\u021bie severe, diabet secundar dezechilibrat, hipoglicemii nespecifice etc. Adresabilitatea pacien\u021bilor cu diabet zaharat este \u00een cre\u0219tere, av\u00e2nd \u00een vedere num\u0103rul pacien\u021bilor cu diabet \u0219i boli metabolice din jude\u021bul Mure\u0219 (cca 25 000 diabetici \u00eenregistra\u021bi), precum \u0219i pacien\u021bii din alte jude\u021be care apeleaz\u0103 la serviciile compartimentului.<\/p>\n<p>Serviciile medicale \u00een cadrul compartimentului sunt: de diagnosticare, consulta\u021bii de specialitate, recoltarea produselor biologice, monitorizarea glicemiilor, a HbA1c, explor\u0103ri paraclice (TA, EKG, Ex. Doppler, ECHO, FO, test\u0103ri ale sensibili\u0103\u021bii periferice, EMG etc),\u00a0 precum \u0219i sfaturi medicale, consulta\u021bie psihologic\u0103 pentru pacien\u021bi \u0219i pentru apar\u021bin\u0103tori. De asemenea, \u00een cadrul compartimentului, se asigur\u0103 educa\u021bia \u0219i nutri\u021bia \u00een diabet, printr-un program bine stabilit, de c\u0103tre asistente cu competen\u021b\u0103 \u00een educa\u021bie \u0219i nutri\u021bie. Medicii efectueaz\u0103 zilnic consulta\u021biile interclinice pentru toate sec\u021biile din Spitalul Clinic Judetean de Urgent\u0103 T\u00e2rgu Mure\u0219 \u0219i Spitalul Clinic Jude\u021bean Mure\u0219 cu asigurarea medica\u021biei antidiabetice (insuline) din Programul na\u0163ional de diabet zaharat &#8211; asigurarea tratamentului specific bolnavilor cu diabet zaharat.<\/p>\n<p>\u00cen compartiment se \u00eenregistraz\u0103 \u00een medie un numar de ~ 800 pacien\u021bi care sunt diagnostica\u021bi \u0219i trata\u021bi.<\/p>\n<p>Indicatorii de performan\u021b\u0103 realiza\u021bi sunt printre cei mai buni la nivel na\u021bional, comparativ cu sec\u021biile cu acela\u0219i prorfil din \u021bar\u0103, astefl anual se \u00eenregistraz\u0103 urm\u0103toarele servicii:<\/p>\n<ul>\n<li>24 000 determin\u0103ri glicemice,<\/li>\n<li>350 determin\u0103ri de HbA1c.,<\/li>\n<li>800 examin\u0103ri teste sensibiliatea vibratorie \u0219i tactil\u0103<\/li>\n<li>800 EKG,<\/li>\n<li>400 Dopplere arteriale,<\/li>\n<li>500 Echo Abdominale<\/li>\n<\/ul>\n<p>Compartimentul asigur\u0103 servicii de s\u0103n\u0103tate pentru pacien\u0163ii interna\u0163i prin registratura compartimentului, intern\u0103ri care se fac pe baz\u0103 de programare (interior 407) sau intern\u0103ri de urgen\u0163\u0103. Compartimentului se pot adresa pacien\u0163ii din jude\u0163ul Mure\u015f, dar \u015fi din celelalte jude\u0163e ale \u0163\u0103rii, pe baza unui bilet de trimitere, a adeverin\u0163ei de asigurat \u015fi a cardului de s\u0103n\u0103tate, respect\u00e2ndu-se cadrul legal stabilit prin legea 95\/2006 a Reformei \u00een s\u0103n\u0103tate. (cet\u0103\u0163eni din \u0163\u0103rile UE posesori de eurocard, \u00een regim de urgen\u0163\u0103)<\/p>\n","protected":false},"excerpt":{"rendered":"<p>Activitate Medical\u0103 Compartimentul diabet zaharat, nutri\u021bie \u0219i boli metabolice s-a \u00eenfiin\u021bat \u00een anul 2002 ca sec\u021bie clinic\u0103, fiind prima \u0219i singura sec\u021bie din jude\u021b cu acest profil, sub conducerea dnei. dr. Gina Camelia Suciu medic primar de medicin\u0103 intern\u0103 \u0219i diabet boli de nutri\u021bie, devenind \u00eencep\u00e2nd cu anul 2009 compartiment. \u00cen cadrul Compartimentul diabet zaharat, [&hellip;]<\/p>\n","protected":false},"author":4,"featured_media":0,"parent":11362,"menu_order":58,"comment_status":"closed","ping_status":"closed","template":"","meta":{"_acf_changed":false,"footnotes":""},"class_list":["post-10778","page","type-page","status-publish","hentry"],"acf":[],"_links":{"self":[{"href":"https:\/\/dipicdev.ro\/hu\/wp-json\/wp\/v2\/pages\/10778","targetHints":{"allow":["GET"]}}],"collection":[{"href":"https:\/\/dipicdev.ro\/hu\/wp-json\/wp\/v2\/pages"}],"about":[{"href":"https:\/\/dipicdev.ro\/hu\/wp-json\/wp\/v2\/types\/page"}],"author":[{"embeddable":true,"href":"https:\/\/dipicdev.ro\/hu\/wp-json\/wp\/v2\/users\/4"}],"replies":[{"embeddable":true,"href":"https:\/\/dipicdev.ro\/hu\/wp-json\/wp\/v2\/comments?post=10778"}],"version-history":[{"count":0,"href":"https:\/\/dipicdev.ro\/hu\/wp-json\/wp\/v2\/pages\/10778\/revisions"}],"up":[{"embeddable":true,"href":"https:\/\/dipicdev.ro\/hu\/wp-json\/wp\/v2\/pages\/11362"}],"wp:attachment":[{"href":"https:\/\/dipicdev.ro\/hu\/wp-json\/wp\/v2\/media?parent=10778"}],"curies":[{"name":"wp","href":"https:\/\/api.w.org\/{rel}","templated":true}]}}