{"id":10769,"date":"2016-07-07T00:14:52","date_gmt":"2016-07-06T21:14:52","guid":{"rendered":"https:\/\/dipicdev.ro\/activitate-medicala-2\/"},"modified":"2016-07-07T00:14:52","modified_gmt":"2016-07-06T21:14:52","slug":"activitate-medicala","status":"publish","type":"page","link":"https:\/\/dipicdev.ro\/hu\/servicii-medicale\/sectiile-spitalului\/sectia-clinica-dializa-peritoneala\/activitate-medicala\/","title":{"rendered":"Activitate Medical\u0103"},"content":{"rendered":"<h3><strong>ACTIVITATEA MEDICAL\u0102<\/strong><\/h3>\n<p>Sta\u021bia de Hemodializ\u0103 &#8211; Compartiment Dializ\u0103 Peritoneal\u0103 s-a \u00eenfiin\u021bat \u00een anul 11.01.2010 (dup\u0103 externalizarea Centrului de Dializ\u0103 Cronic\u0103 Avitum) \u0219i este coordonat\u0103 de <strong>Dr. Hosu Ioan \u2013 medic primar<\/strong> <strong>interne \u0219i specialist nefrologie<\/strong>.<\/p>\n<p>Sta\u021bia de dializ\u0103 asigur\u0103 \u0219edin\u021bele de hemodializ\u0103 pacien\u021bilor cu boala renal\u0103 cronic\u0103 interna\u021bi \u00een toate sec\u021biile spitalului, pacien\u021bilor cu boli renale acute, c\u00e2t \u0219i ini\u021bierile \u00een dializ\u0103 cronic\u0103.<\/p>\n<p>Compartimentul de dializ\u0103 peritoneal\u0103 asigur\u0103 ini\u021bierea pacien\u021bilor renali cronici \u00een dializa peritoneal\u0103 \u0219i asisten\u021b\u0103 medical\u0103 de specialitate \u00een cazul reintern\u0103rii acestor pacien\u021bi cu diferite complica\u021bii.<\/p>\n<p>De asemenea, se efectueaz\u0103 \u0219edin\u021be de dializ\u0103 pentru pacien\u021bii interna\u021bi \u00een alte sec\u021bii (Spitalul Clinic Jude\u021bean Mure\u0219 &#8211; Pneumologie, Urologie, Nefrologie 2, Institutul de Urgen\u021b\u0103 pentru Boli Cardiovasculare T\u00e2rgu Mure\u0219 &#8211; Chirurgie Cardiovascular\u0103).<\/p>\n<p>Se efectueaz\u0103 \u00eentre 80 si 110 de \u0219edin\u021be de hemodializ\u0103 lunar.<\/p>\n","protected":false},"excerpt":{"rendered":"<p>ACTIVITATEA MEDICAL\u0102 Sta\u021bia de Hemodializ\u0103 &#8211; Compartiment Dializ\u0103 Peritoneal\u0103 s-a \u00eenfiin\u021bat \u00een anul 11.01.2010 (dup\u0103 externalizarea Centrului de Dializ\u0103 Cronic\u0103 Avitum) \u0219i este coordonat\u0103 de Dr. Hosu Ioan \u2013 medic primar interne \u0219i specialist nefrologie. Sta\u021bia de dializ\u0103 asigur\u0103 \u0219edin\u021bele de hemodializ\u0103 pacien\u021bilor cu boala renal\u0103 cronic\u0103 interna\u021bi \u00een toate sec\u021biile spitalului, pacien\u021bilor cu boli [&hellip;]<\/p>\n","protected":false},"author":4,"featured_media":0,"parent":11352,"menu_order":20,"comment_status":"closed","ping_status":"closed","template":"","meta":{"_acf_changed":false,"footnotes":""},"class_list":["post-10769","page","type-page","status-publish","hentry"],"acf":[],"_links":{"self":[{"href":"https:\/\/dipicdev.ro\/hu\/wp-json\/wp\/v2\/pages\/10769","targetHints":{"allow":["GET"]}}],"collection":[{"href":"https:\/\/dipicdev.ro\/hu\/wp-json\/wp\/v2\/pages"}],"about":[{"href":"https:\/\/dipicdev.ro\/hu\/wp-json\/wp\/v2\/types\/page"}],"author":[{"embeddable":true,"href":"https:\/\/dipicdev.ro\/hu\/wp-json\/wp\/v2\/users\/4"}],"replies":[{"embeddable":true,"href":"https:\/\/dipicdev.ro\/hu\/wp-json\/wp\/v2\/comments?post=10769"}],"version-history":[{"count":0,"href":"https:\/\/dipicdev.ro\/hu\/wp-json\/wp\/v2\/pages\/10769\/revisions"}],"up":[{"embeddable":true,"href":"https:\/\/dipicdev.ro\/hu\/wp-json\/wp\/v2\/pages\/11352"}],"wp:attachment":[{"href":"https:\/\/dipicdev.ro\/hu\/wp-json\/wp\/v2\/media?parent=10769"}],"curies":[{"name":"wp","href":"https:\/\/api.w.org\/{rel}","templated":true}]}}