{"id":10757,"date":"2016-07-07T00:16:08","date_gmt":"2016-07-06T21:16:08","guid":{"rendered":"https:\/\/dipicdev.ro\/structura-personal-3\/"},"modified":"2023-10-07T19:28:00","modified_gmt":"2023-10-07T16:28:00","slug":"structura-personal","status":"publish","type":"page","link":"https:\/\/dipicdev.ro\/hu\/servicii-medicale\/sectiile-spitalului\/sectia-clinica-orl\/structura-personal\/","title":{"rendered":"Structur\u0103 personal"},"content":{"rendered":"<p style=\"text-align: center;\"><strong>STRUCTUR\u0102 PERSONALULUI SEC\u021aIEI<\/strong><br \/>\nCl\u0103dire str. Gh. Marinescu nr. 34<br \/>\nSECTIA CLINICA ORL &#8211; 50 PATURI<\/p>\n<table style=\"height: 859px;\" border=\"1\" width=\"620\" cellspacing=\"0\" cellpadding=\"0\" align=\"center\">\n<tbody>\n<tr>\n<td width=\"64\"><strong>NR. CRT<\/strong><\/td>\n<td width=\"182\"><strong>NUMELE \u015eI PRENUMELE<\/strong><\/td>\n<td width=\"245\"><strong>FUNC\u0162IA<\/strong><\/td>\n<\/tr>\n<tr>\n<td>1<\/td>\n<td>Conf. Dr NEAGOS\u00a0 ADRIANA<\/td>\n<td>Medic primar, Sef Sectie ORL<\/td>\n<\/tr>\n<tr>\n<td>2<\/td>\n<td>Prof. Dr. MUHLFAY\u00a0 GHEORGHE<\/td>\n<td>Medic primar<\/td>\n<\/tr>\n<tr>\n<td>3<\/td>\n<td>Dr. SZOCS\u00a0 MIHALY<\/td>\n<td>Medic primar ORL<\/td>\n<\/tr>\n<tr>\n<td>4<\/td>\n<td>Dr. MUIC\u0102\u00a0 LUCIA<\/td>\n<td>Medic primar ORL<\/td>\n<\/tr>\n<tr>\n<td>5<\/td>\n<td>Dr. C\u0102S\u0102U\u021aANU\u00a0 BORIS<\/td>\n<td>Medic primar<\/td>\n<\/tr>\n<tr>\n<td>6<\/td>\n<td>Dr. KISS\u00a0 BEATA<\/td>\n<td>Medic specialist ORL<\/td>\n<\/tr>\n<tr>\n<td>7<\/td>\n<td>Dr. CERNIT\u00a0 VICTORIA<\/td>\n<td>Medic rezident<\/td>\n<\/tr>\n<tr>\n<td>8<\/td>\n<td>Dr. PROCA\u00a0 CRISTINA<\/td>\n<td>Medic rezident<\/td>\n<\/tr>\n<tr>\n<td>9<\/td>\n<td>Dr. PRIS\u0102CARIU\u00a0\u00a0 ALEXANDRU<\/td>\n<td>Medic rezident<\/td>\n<\/tr>\n<tr>\n<td>10<\/td>\n<td>Dr. BALT\u0102\u00a0 ANASTASIA<\/td>\n<td>Medic rezident<\/td>\n<\/tr>\n<tr>\n<td>11<\/td>\n<td>Dr. OPRI\u0218\u00a0\u00a0 AURA<\/td>\n<td>Medic rezident<\/td>\n<\/tr>\n<tr>\n<td>12<\/td>\n<td>Dr. BALOGH\u00a0 CSABA<\/td>\n<td>Medic rezident<\/td>\n<\/tr>\n<tr>\n<td>13<\/td>\n<td>Dr. LURCZA\u00a0 GYULA<\/td>\n<td>Medic rezident<\/td>\n<\/tr>\n<tr>\n<td>14<\/td>\n<td>Dr. NOROC\u00a0\u00a0 ANDREI<\/td>\n<td>Medic rezident<\/td>\n<\/tr>\n<tr>\n<td>15<\/td>\n<td>Dr. SZABO\u00a0\u00a0 ALEXANDRU<\/td>\n<td>Medic rezident<\/td>\n<\/tr>\n<tr>\n<td>16<\/td>\n<td>Dr. MESTER\u00a0 NAGY\u00a0 BEATA<\/td>\n<td>Medic rezident<\/td>\n<\/tr>\n<tr>\n<td>17<\/td>\n<td>Dr. AVRAM\u00a0 ANATOL<\/td>\n<td>Medic rezident<\/td>\n<\/tr>\n<tr>\n<td>18<\/td>\n<td>Dr. NEAGO\u0218\u00a0 CRISTIAN<\/td>\n<td>Medic rezident<\/td>\n<\/tr>\n<tr>\n<td>19<\/td>\n<td>Dr. NITELEA\u00a0 NICOLETA<\/td>\n<td>Medic rezident<\/td>\n<\/tr>\n<tr>\n<td>20<\/td>\n<td>Dr. CALANCEA\u00a0\u00a0 VASILE<\/td>\n<td>Medic rezident<\/td>\n<\/tr>\n<tr>\n<td>21<\/td>\n<td>Dr. EL ACHI ZOUHIR<\/td>\n<td>Medic rezident<\/td>\n<\/tr>\n<tr>\n<td>22<\/td>\n<td>Dr. BOUSSIF\u00a0 YOUSSEF<\/td>\n<td>Medic rezident<\/td>\n<\/tr>\n<tr>\n<td><\/td>\n<td><strong>Policlinica<\/strong><\/td>\n<td><\/td>\n<\/tr>\n<tr>\n<td>1<\/td>\n<td>Dr. DOCZY\u00a0\u00a0 ANAMARIA<\/td>\n<td>Medic primar ORL<\/td>\n<\/tr>\n<tr>\n<td>2<\/td>\n<td>Dr. OLTEAN\u00a0 BIANCA<\/td>\n<td>Medic primar ORL<\/td>\n<\/tr>\n<\/tbody>\n<\/table>\n<p>&nbsp;<\/p>\n<table border=\"1\" width=\"620\" cellspacing=\"0\" cellpadding=\"0\" align=\"center\">\n<tbody>\n<tr>\n<td width=\"64\"><strong>NR. CRT<\/strong><\/td>\n<td width=\"182\"><strong>NUMELE \u015eI PRENUMELE<\/strong><\/td>\n<td width=\"245\"><strong>FUNC\u0162IA<\/strong><\/td>\n<\/tr>\n<tr>\n<td>1<\/td>\n<td>SZAZ\u00a0\u00a0 EMESE<\/td>\n<td>Asistent\u0103 \u0219ef\u0103<\/td>\n<\/tr>\n<tr>\n<td>2<\/td>\n<td>BACALI\u00a0\u00a0 ANA<\/td>\n<td>Asistent medical generalisT<\/td>\n<\/tr>\n<tr>\n<td>3<\/td>\n<td>BELEAN\u00a0 CRISTINA<\/td>\n<td>Asistent medical generalist<\/td>\n<\/tr>\n<tr>\n<td>4<\/td>\n<td>BERCA\u00a0\u00a0 MARIANA<\/td>\n<td>Asistent medical principal<\/td>\n<\/tr>\n<tr>\n<td>5<\/td>\n<td>B\u00c2RSAN\u00a0\u00a0 ADINA<\/td>\n<td>Asistent medical principal<\/td>\n<\/tr>\n<tr>\n<td>6<\/td>\n<td>BLEOCA\u00a0 IOANA<\/td>\n<td>Asistent medical principal<\/td>\n<\/tr>\n<tr>\n<td>7<\/td>\n<td>CHIOREAN\u00a0 RAMONA<\/td>\n<td>Asistent medical principal<\/td>\n<\/tr>\n<tr>\n<td>8<\/td>\n<td>COC\u00a0\u00a0 ANDREEA<\/td>\n<td>Asistent medical generalist<\/td>\n<\/tr>\n<tr>\n<td>9<\/td>\n<td>DOBREAN\u00a0\u00a0 MARIA<\/td>\n<td>Asistent medical generalist<\/td>\n<\/tr>\n<tr>\n<td>10<\/td>\n<td>H\u0102B\u0102L\u0102U\u00a0\u00a0 TAMARA<\/td>\n<td>Asistent medical generalist<\/td>\n<\/tr>\n<tr>\n<td>11<\/td>\n<td>LUCA\u00a0\u00a0 AURELIA<\/td>\n<td>Asistent medical principal<\/td>\n<\/tr>\n<tr>\n<td>12<\/td>\n<td>MOLDOVAN\u00a0\u00a0 CARMEN<\/td>\n<td>Asistent medical principal<\/td>\n<\/tr>\n<tr>\n<td>13<\/td>\n<td>MOLDOVAN\u00a0 RADU<\/td>\n<td>Asistent medical generalist<\/td>\n<\/tr>\n<tr>\n<td>14<\/td>\n<td>POP\u00a0 LAURA<\/td>\n<td>Asistent medical principal<\/td>\n<\/tr>\n<tr>\n<td>15<\/td>\n<td>SCUTELNICU\u00a0 VERONICA<\/td>\n<td>Asistent medical generalist<\/td>\n<\/tr>\n<tr>\n<td>16<\/td>\n<td>SOME\u0218AN\u00a0 DOINI\u021aA<\/td>\n<td>Asistent medical principal<\/td>\n<\/tr>\n<tr>\n<td>17<\/td>\n<td>TOFAN\u00a0 MARIA<\/td>\n<td>Asistent medical principal<\/td>\n<\/tr>\n<tr>\n<td>18<\/td>\n<td>VOD\u0102\u00a0\u00a0 IZABELA<\/td>\n<td>Asistent medical generalist<\/td>\n<\/tr>\n<tr>\n<td>19<\/td>\n<td>BRAD\u00a0 ILONA<\/td>\n<td>\u00cengrijitoare<\/td>\n<\/tr>\n<tr>\n<td>20<\/td>\n<td>KOCSIS\u00a0\u00a0 MELINDA<\/td>\n<td>\u00cengrijitoare<\/td>\n<\/tr>\n<tr>\n<td>21<\/td>\n<td>MUNTEAN\u00a0 MARTIKA<\/td>\n<td>\u00cengrijitoare<\/td>\n<\/tr>\n<tr>\n<td>22<\/td>\n<td>POG\u0102CEAN\u00a0 MARCELA<\/td>\n<td>\u00cengrijitoare<\/td>\n<\/tr>\n<tr>\n<td>23<\/td>\n<td>BODO\u00a0 IRENKE<\/td>\n<td>Infiermier\u0103<\/td>\n<\/tr>\n<tr>\n<td>24<\/td>\n<td>COVE\u0218AN\u00a0 PAUL<\/td>\n<td>Infiermier<\/td>\n<\/tr>\n<tr>\n<td>25<\/td>\n<td>GEDO\u00a0\u00a0 ELISABETA<\/td>\n<td>Infiermier\u0103<\/td>\n<\/tr>\n<tr>\n<td>26<\/td>\n<td>GHERGHEI\u00a0 ANA MARIA<\/td>\n<td>Infirmier\u0103<\/td>\n<\/tr>\n<tr>\n<td>27<\/td>\n<td>GYORGY\u00a0 HUNOR<\/td>\n<td>Infiermier<\/td>\n<\/tr>\n<tr>\n<td>28<\/td>\n<td>KISS\u00a0 ILONKA<\/td>\n<td>Infiermier\u0103<\/td>\n<\/tr>\n<tr>\n<td>29<\/td>\n<td>S\u00ceNGEORZAN\u00a0 FELICIA<\/td>\n<td>Infiermier\u0103<\/td>\n<\/tr>\n<tr>\n<td>30<\/td>\n<td>SZASZ\u00a0 GEORGIANA<\/td>\n<td>Infiermier\u0103<\/td>\n<\/tr>\n<tr>\n<td>31<\/td>\n<td>SZABO\u00a0\u00a0 ZSOLT<\/td>\n<td>Brancardier<\/td>\n<\/tr>\n<\/tbody>\n<\/table>\n","protected":false},"excerpt":{"rendered":"<p>STRUCTUR\u0102 PERSONALULUI SEC\u021aIEI Cl\u0103dire str. Gh. Marinescu nr. 34 SECTIA CLINICA ORL &#8211; 50 PATURI NR. CRT NUMELE \u015eI PRENUMELE FUNC\u0162IA 1 Conf. Dr NEAGOS\u00a0 ADRIANA Medic primar, Sef Sectie ORL 2 Prof. Dr. MUHLFAY\u00a0 GHEORGHE Medic primar 3 Dr. SZOCS\u00a0 MIHALY Medic primar ORL 4 Dr. MUIC\u0102\u00a0 LUCIA Medic primar ORL 5 Dr. C\u0102S\u0102U\u021aANU\u00a0 [&hellip;]<\/p>\n","protected":false},"author":4,"featured_media":0,"parent":11378,"menu_order":50,"comment_status":"closed","ping_status":"closed","template":"","meta":{"_acf_changed":false,"footnotes":""},"class_list":["post-10757","page","type-page","status-publish","hentry"],"acf":[],"_links":{"self":[{"href":"https:\/\/dipicdev.ro\/hu\/wp-json\/wp\/v2\/pages\/10757","targetHints":{"allow":["GET"]}}],"collection":[{"href":"https:\/\/dipicdev.ro\/hu\/wp-json\/wp\/v2\/pages"}],"about":[{"href":"https:\/\/dipicdev.ro\/hu\/wp-json\/wp\/v2\/types\/page"}],"author":[{"embeddable":true,"href":"https:\/\/dipicdev.ro\/hu\/wp-json\/wp\/v2\/users\/4"}],"replies":[{"embeddable":true,"href":"https:\/\/dipicdev.ro\/hu\/wp-json\/wp\/v2\/comments?post=10757"}],"version-history":[{"count":4,"href":"https:\/\/dipicdev.ro\/hu\/wp-json\/wp\/v2\/pages\/10757\/revisions"}],"predecessor-version":[{"id":34528,"href":"https:\/\/dipicdev.ro\/hu\/wp-json\/wp\/v2\/pages\/10757\/revisions\/34528"}],"up":[{"embeddable":true,"href":"https:\/\/dipicdev.ro\/hu\/wp-json\/wp\/v2\/pages\/11378"}],"wp:attachment":[{"href":"https:\/\/dipicdev.ro\/hu\/wp-json\/wp\/v2\/media?parent=10757"}],"curies":[{"name":"wp","href":"https:\/\/api.w.org\/{rel}","templated":true}]}}