{"id":10730,"date":"2016-07-07T00:18:58","date_gmt":"2016-07-06T21:18:58","guid":{"rendered":"https:\/\/dipicdev.ro\/activitate-medicala-2\/"},"modified":"2016-07-07T00:18:58","modified_gmt":"2016-07-06T21:18:58","slug":"activitate-medicala","status":"publish","type":"page","link":"https:\/\/dipicdev.ro\/hu\/servicii-medicale\/sectiile-spitalului\/sectia-clinica-hematologie\/activitate-medicala\/","title":{"rendered":"Activitatea Medical\u0103"},"content":{"rendered":"<h3><strong>ACTIVITATEA\u00a0 MEDICAL\u0102<\/strong><\/h3>\n<p><strong><em>Sec\u021bia Clinic\u0103 Hematologie <\/em><\/strong>&#8211; condus\u0103 de <strong>Prof. Dr. Benedek Istvan<\/strong> \u2013 medic \u0219ef sec\u021bie al\u0103turi de <strong>Dr. Lazar Erzsebet<\/strong> medic primar hematolog \u0219i medici speciali\u0219ti \u00a0&#8211; este renumit\u0103 pentru experien\u021ba pe care personalul medical \u00eenalt calificat o are \u00een diagnosticul \u0219i tratamentul afec\u021biunilor hematologice.<\/p>\n<p>\u00cen cadrul sec\u021biei sunt interna\u021bi bolnavi din toate jude\u021bele \u021b\u0103rii, num\u0103rul acestora fiind \u00een continu\u0103 cre\u0219tere. Anual se fac peste 800 de spitaliz\u0103ri de zi, peste 1200 de spitaliz\u0103ri continue, peste 100 de recolt\u0103ri de celule stem, respectiv 70 de transplanturi inclusiv de la donatori ne\u00eenrudi\u021bi.<\/p>\n<p>Sec\u021bia Clinic\u0103 Hematologie dispune, \u00een prezent, de un nr. de 20 paturi \u00een 5 saloane, iar Compartimentul Transplant Medular de 8 paturi \u00een boxe sterile cu aer de flux laminar \u0219i \u00een saloane.<\/p>\n<p><strong><em>Profilul sec\u021biei<\/em><\/strong> se adreseaz\u0103 pacien\u021bilor cu urm\u0103toarele boli hematologice:<\/p>\n<ul>\n<li>-anemii: &#8211; anemia feripriva, anemia \u00een afec\u021biuni cronice, anemia hemolitic\u0103 autoimun\u0103, microsferocitoz\u0103 ereditar\u0103, anemia sideroblastic\u0103, anemia cauzat\u0103 de deficien\u021b\u0103 vitaminei B12, anemia prin deficit de acid folic, anemia aplastic\u0103;<\/li>\n<li>-leucemii:\u00a0 -leucemii acute \u0219i cronice;<\/li>\n<li>-policitemia vera;<\/li>\n<li>-talasemia major\u0103 \u0219i minor\u0103;<\/li>\n<li>-agranulocitoz\u0103;<\/li>\n<li>-trombocitoz\u0103 esen\u021bial\u0103;<\/li>\n<li>-mielofibroz\u0103;<\/li>\n<li>-sindrom mielodisplazic;<\/li>\n<li>-mielom multiplu;<\/li>\n<li>-macroglobulinemia Waldenstrom;<\/li>\n<li>-limfom malign non Hodgkin;<\/li>\n<li>-boala Hodgkin;<\/li>\n<li>-purpura trombocitopenica idiopatic\u0103.<\/li>\n<li>Se efectueaza <strong><em>investiga\u021bii, servicii medicale \u0219i tratamente<\/em><\/strong> complexe :<\/li>\n<li>-consulta\u021bii de specialitate hematologic\u0103<\/li>\n<li>-examinari paraclinice de laborator<\/li>\n<li>-prelevare de produse biologice pentru diagnosticarea bolilor hemato-oncologice<\/li>\n<li>-punc\u021bii osoase \u0219i biopsii osteomedulare pentru diagnostic<\/li>\n<li>-flowcitometrie de flux din s\u00e2nge periferic sau maduva osoas\u0103<\/li>\n<li>-determinarea nefelometric\u0103 al imunoglobulinelor, proteina C reactiv\u0103, complement C3<\/li>\n<li>-chimioterapie intravenoas\u0103 \u0219i intratecal\u0103<\/li>\n<li>-tratament de substitu\u021bie cu produse de s\u00e2nge<\/li>\n<li>-monitorizarea pacien\u021bilor cu afec\u021biuni hemato-oncologice.<\/li>\n<\/ul>\n<p>\u00cen cadrul Sec\u021biei Clinice Hematologie &#8211; <strong><em>Compartimentul de Transplant Medular <\/em><\/strong>\u015fi-a \u00eenceput activitatea \u00een iulie 2001 \u015fi se efectueaz\u0103 at\u00e2t transplant autolog c\u00e2t \u015fi alogen \u00een urm\u0103toarele boli: leucemii acute, boala Hodgkin, limfom malign non-Hodgkin, mielom multiplu, leucemie limfatic\u0103 cronic\u0103, leucemie granulocitar\u0103 cronic\u0103, scleroz\u0103 multipl\u0103, boli autoimune.<\/p>\n<p>Centrul corespunde din punct de vedere al dot\u0103rii \u015fi se afl\u0103 \u00een cl\u0103dire separat\u0103 cu circuite \u015fi suprafe\u0163e corespunz\u0103toare. Totodat\u0103, centrul dispune de personal dedicat \u015fi \u00eenalt specializat, cu numeroase cursuri de perfec\u0163ionare \u00een str\u0103in\u0103tate \u00een domeniul transplantului de celule stem hematopoietice (Israel, Barcelona, Austria, Budapesta, Portugalia).<\/p>\n<p>\u00cempreun\u0103 cu colectivul sec\u021biei clinice s-a realizat cu succes <strong><em>primul transplant de m\u0103duv\u0103 la un bolnav adult \u00een \u0163ar\u0103, \u00een luna septembrie 2001. \u00a0<\/em><\/strong>\u00cen anul 2003 su-a efectuat <strong><em>primele transplanturi din \u0163ar\u0103 la\u00a0 bolnavi cu leucemie acut\u0103<\/em><\/strong> (4 bolnavi).<\/p>\n<p>\u00cen centrul de transplant au fost efectuate, \u00een luna decembrie 2002, <strong><em>\u00een premier\u0103 na\u0163ional\u0103<\/em><\/strong>, <strong><em>prima selec\u0163ie imunomagnetic\u0103 de celule stem<\/em><\/strong> (pentru evitarea contamin\u0103rii celulelor stem cu celule leucemice, canceroase).<\/p>\n<p>\u00cen noiembrie 2005 s-a efectuat <strong><em>primul<\/em> <\/strong><strong><em>transplant alogen<\/em><\/strong> <strong><em>de celule stem la adult \u00een leucemie granulocitar\u0103 cronic\u0103 \u00een Rom\u00e2nia. <\/em><\/strong><\/p>\n<p><strong><em>\u00a0\u00a0\u00a0\u00a0\u00a0\u00a0\u00a0\u00a0\u00a0\u00a0\u00a0 <\/em><\/strong>\u00cen septembrie 2007 s-a efectuat <strong><em>\u00een premier\u0103 na\u0163ional\u0103<\/em><\/strong>, <strong><em>p<\/em><\/strong><strong><em>rimul<\/em><\/strong> <strong><em>transplant de celule stem la adult \u00een scleorz\u0103 multipl\u0103. <\/em><\/strong><\/p>\n<p><strong><em>\u00a0\u00a0\u00a0\u00a0\u00a0\u00a0\u00a0\u00a0\u00a0\u00a0\u00a0 <\/em><\/strong>\u00cen octombrie 2007 s-a efectuat <strong><em>\u00een premier\u0103 na\u0163ional\u0103<\/em><\/strong>, <strong><em>p<\/em><\/strong><strong><em>rimul<\/em><\/strong> <strong><em>transplant de celule stem la adult \u00een boala autoimun\u0103.<\/em><\/strong><\/p>\n<p>Datele sunt raportate c\u0103tre Agen\u0163ia Na\u0163ional\u0103 de Transplant \u015fi Comisia European\u0103 de Transplant Medular (EBMT), \u00a0\u00a0\u00a0\u00a0\u00a0\u00a0\u00a0\u00a0\u00a0\u00a0\u00a0Centrul de Transplant din cadrul Sec\u021biei Clinice Hematologie a Spitalului Clinic Jude\u021bean de Urgen\u021b\u0103 Tg. Mure\u0219 fiind <strong><em>membru EBMT<\/em><\/strong> din anul 2002.<\/p>\n<p>Din anul 2004, acesta este \u00eentr-o leg\u0103tur\u0103 profesional\u0103 str\u00e2ns\u0103 cu Centrul de Transplant de M\u0103duv\u0103 din cadrul Spitalului Santa Creu i Sant Pau din <strong><em>Barcelona, Spania<\/em><\/strong> aflat sub conducerea <strong><em>Prof. Dr. Jorge Sierra <\/em><\/strong>\u00een cadrul <strong><em>programului \u201cSpitale \u00cenfr\u0103\u0163ite\u201c (\u201ctwin hospital\u201d) al Comisiei EBMT<\/em><\/strong>.<\/p>\n<p>Centrul de Transplant\u00a0 din T\u00e2rgu-Mure\u015f a fost<em> acreditat \u00een anul 2005 de c\u0103tre Comisia de Transplant al Ministerului S\u0103n\u0103t\u0103\u0163ii. <\/em><\/p>\n<p>\u00cen 3-4 februarie 2007 Sec\u021bia Clinic\u0103 Hematologie \u2013 Compartimentul de Transplant Medular a organizat Prima Conferin\u0163\u0103 Interna\u0163ional\u0103 cu titlul: <em>&#8222;Probleme de Baz\u0103 ale transplantului de celule stem hematopietice periferice \u015fi din s\u00e2ngele de cordon ombilical&#8221;,<\/em> cu participarea celor mai renumi\u0163i speciali\u015fti din domeniu din Europa \u015fi Rom\u00e2nia, aceast\u0103 Conferin\u0163\u0103 av\u00e2nd o importan\u0163\u0103 deosebit\u0103 \u00een <em>promovarea, con\u015ftientizarea problemelor actuale \u015fi de viitor ale transplantului de celule stem hematopoietice \u00een Rom\u00e2nia.<\/em><\/p>\n<p><strong><em>\u00a0\u00a0\u00a0\u00a0\u00a0\u00a0\u00a0\u00a0\u00a0\u00a0\u00a0 <\/em><\/strong>\u00cen aprilie 2007, medicii din cadrul compartimentului \u00een colaborare cu Sec\u021bia Clinic\u0103 Medicin\u0103 Intern\u0103 III\u00a0 &#8211; Compartiment Cardiologie \u015fi grupa de medici speciali\u015fti din Viena, au participat la recoltarea <strong><em>m\u0103duvei osoase<\/em><\/strong> din cresta iliac\u0103 \u015fi injectarea celulelor stem ob\u0163inute \u00een arterele coronariene la pacien\u0163i dup\u0103 <strong><em>infarct miocardic.<\/em><\/strong> Cele 2 echipe de medici ale Sec\u021bia Clinic\u0103 Hematologie \u2013 Compartimentul de Transplant Medular, respectiv al Sec\u021bia Clinic\u0103 Medicin\u0103 Intern\u0103 III &#8211; Compartiment Cardiologie, au continuat efectuarea aceastor interven\u0163ii la o serie de pacien\u0163i post infarct miocardic. De asemenea, \u00een colaborare cu Sec\u021bia Clinic\u0103 Medicin\u0103 Intern\u0103 III &#8211; Compartiment Cardiologie, \u00een octombrie 2007, am participat la recoltarea <strong><em>m\u0103duvei osoase<\/em><\/strong> din cresta iliac\u0103 \u015fi injectarea celulelor stem ob\u0163inute \u00een arterele periferice la pacien\u0163i cu <strong><em>arteriopatie obliterant\u0103,<\/em><\/strong> interven\u0163ie efectuat\u0103 <strong><em>\u00een premier\u0103 na\u0163ional\u0103.<\/em><\/strong><\/p>\n<p>\u00cen luna august 2013 s-a realizat <strong>primul transplant alogen de celule stem hematopoietice de la donator ne\u00eenrudit<\/strong><\/p>\n","protected":false},"excerpt":{"rendered":"<p>ACTIVITATEA\u00a0 MEDICAL\u0102 Sec\u021bia Clinic\u0103 Hematologie &#8211; condus\u0103 de Prof. Dr. Benedek Istvan \u2013 medic \u0219ef sec\u021bie al\u0103turi de Dr. Lazar Erzsebet medic primar hematolog \u0219i medici speciali\u0219ti \u00a0&#8211; este renumit\u0103 pentru experien\u021ba pe care personalul medical \u00eenalt calificat o are \u00een diagnosticul \u0219i tratamentul afec\u021biunilor hematologice. \u00cen cadrul sec\u021biei sunt interna\u021bi bolnavi din toate jude\u021bele [&hellip;]<\/p>\n","protected":false},"author":4,"featured_media":0,"parent":11369,"menu_order":50,"comment_status":"closed","ping_status":"closed","template":"","meta":{"_acf_changed":false,"footnotes":""},"class_list":["post-10730","page","type-page","status-publish","hentry"],"acf":[],"_links":{"self":[{"href":"https:\/\/dipicdev.ro\/hu\/wp-json\/wp\/v2\/pages\/10730","targetHints":{"allow":["GET"]}}],"collection":[{"href":"https:\/\/dipicdev.ro\/hu\/wp-json\/wp\/v2\/pages"}],"about":[{"href":"https:\/\/dipicdev.ro\/hu\/wp-json\/wp\/v2\/types\/page"}],"author":[{"embeddable":true,"href":"https:\/\/dipicdev.ro\/hu\/wp-json\/wp\/v2\/users\/4"}],"replies":[{"embeddable":true,"href":"https:\/\/dipicdev.ro\/hu\/wp-json\/wp\/v2\/comments?post=10730"}],"version-history":[{"count":0,"href":"https:\/\/dipicdev.ro\/hu\/wp-json\/wp\/v2\/pages\/10730\/revisions"}],"up":[{"embeddable":true,"href":"https:\/\/dipicdev.ro\/hu\/wp-json\/wp\/v2\/pages\/11369"}],"wp:attachment":[{"href":"https:\/\/dipicdev.ro\/hu\/wp-json\/wp\/v2\/media?parent=10730"}],"curies":[{"name":"wp","href":"https:\/\/api.w.org\/{rel}","templated":true}]}}