{"id":10721,"date":"2016-07-07T00:21:45","date_gmt":"2016-07-06T21:21:45","guid":{"rendered":"https:\/\/dipicdev.ro\/activitate-medicala-2\/"},"modified":"2019-07-02T10:51:59","modified_gmt":"2019-07-02T07:51:59","slug":"activitate-medicala","status":"publish","type":"page","link":"https:\/\/dipicdev.ro\/hu\/servicii-medicale\/sectiile-spitalului\/sectia-chirurgie-vasculara\/activitate-medicala\/","title":{"rendered":"Activitate Medical\u0103"},"content":{"rendered":"<h3><strong>Activitatea medical\u0103<\/strong><\/h3>\n<p>Sec\u021bia Clinic\u0103 Medicin\u0103 Intern\u0103 III func\u021bioneaz\u0103 \u00een Tg. Mure\u0219, str. Revolu\u021biei, nr. 33-35, \u00eentr-o cl\u0103dire pavilionar\u0103, atestat\u0103 documentar din anul 1812. De-a lungul anilor, \u00een principal prin dona\u021bii, au urmat o serie de reconstruc\u021bii, ornament\u0103ri \u0219i dot\u0103ri de interioare.<\/p>\n<p>\u00cen prezent, sec\u021bia a ajuns la o activitate de v\u00e2rf, asist\u00e2nd pacien\u021bi din \u00eentreaga \u021bara.<\/p>\n<p>Structura sec\u021biei este mereu actualizat\u0103, fiind \u00een concordan\u021b\u0103 cu nevoile comunit\u0103\u021bii deservite, av\u00e2nd \u00een prezent un compartiment de medicin\u0103 intern\u0103 cu 45 paturi \u0219i un compartiment de cardiologie cu 20 paturi. Adresabilitatea pacien\u021bilor este \u00een continu\u0103 cre\u0219tere, \u00een cadrul sec\u021biei fiind interna\u021bi bolnavi din toate jude\u021bele \u021b\u0103rii, concretizat\u0103 \u00een 2172 spitaliz\u0103ri continue \u0219i 1640 spitaliz\u0103ri de zi.<\/p>\n<p>Din punctul de vedere al serviciilor medicale se asigur\u0103 explorarea, diagnosticarea \u0219i tratarea unei patologii vaste: punct de laborator propriu, serviciu de radiologie, ecografie general\u0103, cardiac\u0103 \u0219i vascular\u0103, laborator de endoscopie digestiv\u0103 superioar\u0103 \u0219i inferioar\u0103, laborator de explor\u0103ri func\u021bionale neinvazive.<\/p>\n<p>\u00cen sec\u021bie \u00ee\u0219i desf\u0103\u0219oar\u0103 activitatea medici primari \u0219i speciali\u0219ti \u00een specialit\u0103\u021bile medicin\u0103 intern\u0103, cardiologie, gastroenterologie, nefrologie, to\u021bi av\u00e2nd competen\u021be \u00een explor\u0103ri ultrasonografice, gastroenterologice, etc.<\/p>\n<p>Patologia predominant\u0103 pe care o investig\u0103m \u0219i trat\u0103m este cea cardiovascular\u0103, urgen\u021be cardiovasculare, dar \u0219i digestiv\u0103, renal\u0103, pulmonar\u0103 \u0219i vascular\u0103 periferic\u0103.<\/p>\n<p>Explor\u0103rile efectuate \u00een sectie \u00eentr-un an calendaristic sunt urm\u0103toarele:<\/p>\n<ul>\n<li>Ecografii abdominale \u2013 1845<\/li>\n<li>Ecografii renale \u2013 1835<\/li>\n<li>Ecografii carotide \u2013 450<\/li>\n<li>Ecocardiografii \u2013 2009<\/li>\n<li>Doppler arterial \u0219i venos periferic \u2013 500<\/li>\n<li>Teste de efort \u2013 426<\/li>\n<li>Endoscopii digestive superioare \u0219i inferioare \u2013 460.<\/li>\n<\/ul>\n","protected":false},"excerpt":{"rendered":"<p>Activitatea medical\u0103 Sec\u021bia Clinic\u0103 Medicin\u0103 Intern\u0103 III func\u021bioneaz\u0103 \u00een Tg. Mure\u0219, str. Revolu\u021biei, nr. 33-35, \u00eentr-o cl\u0103dire pavilionar\u0103, atestat\u0103 documentar din anul 1812. De-a lungul anilor, \u00een principal prin dona\u021bii, au urmat o serie de reconstruc\u021bii, ornament\u0103ri \u0219i dot\u0103ri de interioare. \u00cen prezent, sec\u021bia a ajuns la o activitate de v\u00e2rf, asist\u00e2nd pacien\u021bi din \u00eentreaga [&hellip;]<\/p>\n","protected":false},"author":4,"featured_media":0,"parent":10341,"menu_order":48,"comment_status":"closed","ping_status":"closed","template":"","meta":{"_acf_changed":false,"footnotes":""},"class_list":["post-10721","page","type-page","status-publish","hentry"],"acf":[],"_links":{"self":[{"href":"https:\/\/dipicdev.ro\/hu\/wp-json\/wp\/v2\/pages\/10721","targetHints":{"allow":["GET"]}}],"collection":[{"href":"https:\/\/dipicdev.ro\/hu\/wp-json\/wp\/v2\/pages"}],"about":[{"href":"https:\/\/dipicdev.ro\/hu\/wp-json\/wp\/v2\/types\/page"}],"author":[{"embeddable":true,"href":"https:\/\/dipicdev.ro\/hu\/wp-json\/wp\/v2\/users\/4"}],"replies":[{"embeddable":true,"href":"https:\/\/dipicdev.ro\/hu\/wp-json\/wp\/v2\/comments?post=10721"}],"version-history":[{"count":1,"href":"https:\/\/dipicdev.ro\/hu\/wp-json\/wp\/v2\/pages\/10721\/revisions"}],"predecessor-version":[{"id":15678,"href":"https:\/\/dipicdev.ro\/hu\/wp-json\/wp\/v2\/pages\/10721\/revisions\/15678"}],"up":[{"embeddable":true,"href":"https:\/\/dipicdev.ro\/hu\/wp-json\/wp\/v2\/pages\/10341"}],"wp:attachment":[{"href":"https:\/\/dipicdev.ro\/hu\/wp-json\/wp\/v2\/media?parent=10721"}],"curies":[{"name":"wp","href":"https:\/\/api.w.org\/{rel}","templated":true}]}}