{"id":10713,"date":"2016-07-07T00:23:05","date_gmt":"2016-07-06T21:23:05","guid":{"rendered":"https:\/\/dipicdev.ro\/activitatea-didactica-si-stiintifica-2\/"},"modified":"2019-07-02T10:50:30","modified_gmt":"2019-07-02T07:50:30","slug":"activitatea-didactica-si-stiintifica","status":"publish","type":"page","link":"https:\/\/dipicdev.ro\/hu\/servicii-medicale\/sectiile-spitalului\/sectia-chirurgie-vasculara\/activitatea-didactica-si-stiintifica\/","title":{"rendered":"Activitatea didactic\u0103 si \u0219tiin\u021bific\u0103"},"content":{"rendered":"<h3><strong>Activitatea didactica si stiin\u021bifica<\/strong><\/h3>\n<p>Colectivul medical al Sec\u021biei Clinice Medicin\u0103 Intern\u0103 III este \u00een majoritate personal didactic la UMF Tg. Mure\u0219, cu integrare clinic\u0103 \u00een cadrul sec\u021biei, fiind de asemenea, doctori \u00een \u0219tiin\u021be medicale, membrii ai unor societ\u0103\u021bi medicale prestigioase din \u021bar\u0103 \u0219i str\u0103in\u0103tate, autori \u0219i coautori de c\u0103r\u021bi medicale, didactice \u0219i articole de specialitate ap\u0103rute \u00een reviste ISI \u0219i BDI.<\/p>\n<p>Ca \u0219i sec\u021biei clinic\u0103, prin tradi\u021bie, personalul medical se ocup\u0103 de \u00eenv\u0103\u021b\u0103m\u00e2ntul de semiologie medical\u0103. \u00cen ultimii ani, personalul medical a editat mai multe c\u0103r\u021bi didactice de semiologie medical\u0103 pentru studen\u021bii anului III, c\u0103r\u021bi ap\u0103rute la Editura University Press, toate cu ISBN (Semiologie general\u0103, Semiologia aparatului respirator, Semiologia aparatului cardiovascular), sub redac\u021bia Conf. Univ. Dr. Cozlea Lauren\u021biu<\/p>\n<p>Pe l\u00e2ng\u0103 activitatea de preg\u0103tire a studen\u021bilor, colectivul sec\u021biei asigur\u0103 preg\u0103tirea postuniversitar\u0103 a medicilor reziden\u021bi \u00een specialit\u0103\u021bi de medicin\u0103 intern\u0103, cardiologie, medicin\u0103 de familie, reumatologie, hematologie, etc.<\/p>\n<p>Activitatea de cercetare \u0219tiin\u021bific\u0103 a personalului const\u0103 \u00een numeroase lucr\u0103ri \u0219tiintifice prezente \u0219i publicate la numeroase congrese na\u021bionale \u0219i interna\u021bionale, ap\u0103rute \u00een reviste medicale cotate ISI \u0219i BDI.<\/p>\n<p>Ca o recunoa\u0219tere profesional\u0103, membrii colectivului sec\u021biei fac parte din numeroase societ\u0103\u021bi medicale: Societatea Rom\u00e2n\u0103 de Medicina Intern\u0103, Societatea Rom\u00e2n\u0103 de Cardiologie, Societatea European\u0103 de Cardiologie, Societatea Rom\u00e2na de Gastroenterologie \u0219i Hepatologie, Societatea Rom\u00e2n\u0103 de Endoscopie Digestiv\u0103, Uniunea European\u0103 de Gastroenterologie, Societatea Rom\u00e2n\u0103 de Nefrologie, Organiza\u021bia Mondial\u0103 de Gastroenterologie, Societatea European\u0103 de Medicin\u0103 Intern\u0103 (EFIM), Societatea Rom\u00e2n\u0103 de Ultrasonografie, Societatea European\u0103 de Ultrasonografie<\/p>\n","protected":false},"excerpt":{"rendered":"<p>Activitatea didactica si stiin\u021bifica Colectivul medical al Sec\u021biei Clinice Medicin\u0103 Intern\u0103 III este \u00een majoritate personal didactic la UMF Tg. Mure\u0219, cu integrare clinic\u0103 \u00een cadrul sec\u021biei, fiind de asemenea, doctori \u00een \u0219tiin\u021be medicale, membrii ai unor societ\u0103\u021bi medicale prestigioase din \u021bar\u0103 \u0219i str\u0103in\u0103tate, autori \u0219i coautori de c\u0103r\u021bi medicale, didactice \u0219i articole de specialitate [&hellip;]<\/p>\n","protected":false},"author":4,"featured_media":0,"parent":10341,"menu_order":48,"comment_status":"closed","ping_status":"closed","template":"","meta":{"_acf_changed":false,"footnotes":""},"class_list":["post-10713","page","type-page","status-publish","hentry"],"acf":[],"_links":{"self":[{"href":"https:\/\/dipicdev.ro\/hu\/wp-json\/wp\/v2\/pages\/10713","targetHints":{"allow":["GET"]}}],"collection":[{"href":"https:\/\/dipicdev.ro\/hu\/wp-json\/wp\/v2\/pages"}],"about":[{"href":"https:\/\/dipicdev.ro\/hu\/wp-json\/wp\/v2\/types\/page"}],"author":[{"embeddable":true,"href":"https:\/\/dipicdev.ro\/hu\/wp-json\/wp\/v2\/users\/4"}],"replies":[{"embeddable":true,"href":"https:\/\/dipicdev.ro\/hu\/wp-json\/wp\/v2\/comments?post=10713"}],"version-history":[{"count":1,"href":"https:\/\/dipicdev.ro\/hu\/wp-json\/wp\/v2\/pages\/10713\/revisions"}],"predecessor-version":[{"id":10714,"href":"https:\/\/dipicdev.ro\/hu\/wp-json\/wp\/v2\/pages\/10713\/revisions\/10714"}],"up":[{"embeddable":true,"href":"https:\/\/dipicdev.ro\/hu\/wp-json\/wp\/v2\/pages\/10341"}],"wp:attachment":[{"href":"https:\/\/dipicdev.ro\/hu\/wp-json\/wp\/v2\/media?parent=10713"}],"curies":[{"name":"wp","href":"https:\/\/api.w.org\/{rel}","templated":true}]}}