{"id":10711,"date":"2016-07-07T00:23:16","date_gmt":"2016-07-06T21:23:16","guid":{"rendered":"https:\/\/dipicdev.ro\/activitatea-didactica-si-stiintifica-2\/"},"modified":"2016-07-07T00:23:16","modified_gmt":"2016-07-06T21:23:16","slug":"activitatea-didactica-si-stiintifica","status":"publish","type":"page","link":"https:\/\/dipicdev.ro\/hu\/servicii-medicale\/sectiile-spitalului\/sectia-clinica-recuperare-cardiovasculara\/activitatea-didactica-si-stiintifica\/","title":{"rendered":"Activitatea didactic\u0103 si \u0219tiin\u021bific\u0103"},"content":{"rendered":"<h3><strong>Activitate didactic\u0103 <\/strong><strong>\u0219<\/strong><strong>i <\/strong><strong>\u0219<\/strong><strong>tiin<\/strong><strong>\u021b<\/strong><strong>ific<\/strong><strong>\u0103<\/strong><\/h3>\n<p>Colectivul medical universitar din cadrul Sec\u021biei Clinice Recuperare Cardiovascular\u0103 este implicat \u00een activit\u0103\u021bi didactice medicale, desf\u0103\u0219ur\u00e2nd activitate didactic\u0103 \u00een cadrul disciplinelor de Medicin\u0103 de Familie, respectiv Medicin\u0103 Intern\u0103 III a Facult\u0103\u021bii de Medicin\u0103din cadrul Universit\u0103\u021bii de Medicin\u0103 \u0219i Farmacie T\u00e2rgu Mure\u0219. Pe l\u00e2ng\u0103 activitatea de preg\u0103tire a studen\u021bilor se asigur\u0103 preg\u0103tirea \u00een reziden\u021biat \u0219i postuniversitar\u0103 medicilor reziden\u021bi de Medicin\u0103 de Familie, Medicin\u0103 Intern\u0103, Cardiologie.<\/p>\n<p>Domeniile \u00een care au fost organizate evenimente \u0219tiin\u021bifice de formare postuniversitar\u0103: tratamentul modern al hipertensiunii arteriale, curs interna\u021bional de hipertensiune pulmonar\u0103, curs de ecografie vascular\u0103.<\/p>\n<p>Activitatea de cercetare \u0219tiin\u021bific\u0103 a personalului sec\u021biei este concluzionat\u0103 prin lucr\u0103rile \u0219tiin\u021bifice prezentate \u0219i publicate la congrese na\u021bionale \u0219i interna\u021bionale.<\/p>\n<p>Apartenen\u021ba colectivului medical universitar \u0219i al Ministerului S\u0103n\u0103t\u0103\u021bii: Societatea Rom\u00e2n\u0103 de Cardiologie, Grupul de Lucru de Cardiologie Interven\u021bional\u0103, Grupul de Lucru de Cardiologie Preventiv\u0103 \u0219i Recuperare Cardiovascular\u0103, Societatea Rom\u00e2n\u0103 de Hipertensiune, Societatea European\u0103 de Cardiologie (ESC), Asocia\u021bia European\u0103 de Interven\u021bii Percutane Cardiace (EAPCI), Societatea European\u0103 de Hipertensiune (ESH), Societatea Na\u021bional\u0103 de Medicin\u0103 de Familie (SNMF), \u00a0Societatea European\u0103 de Medicin\u0103 de Familie (WONCA Europa), Societatea Maghiar\u0103 de Cardiologie (MKT). De asemenea exist\u0103 o colaboratoare permanent\u0103 cu Asocia\u021bia Rom\u00e2n\u0103 de Educa\u021bie \u00een Hipertensiune (ARE-HTA) sub egida Societ\u0103\u021bii Rom\u00e2ne de Hipertensiune.<\/p>\n","protected":false},"excerpt":{"rendered":"<p>Activitate didactic\u0103 \u0219i \u0219tiin\u021bific\u0103 Colectivul medical universitar din cadrul Sec\u021biei Clinice Recuperare Cardiovascular\u0103 este implicat \u00een activit\u0103\u021bi didactice medicale, desf\u0103\u0219ur\u00e2nd activitate didactic\u0103 \u00een cadrul disciplinelor de Medicin\u0103 de Familie, respectiv Medicin\u0103 Intern\u0103 III a Facult\u0103\u021bii de Medicin\u0103din cadrul Universit\u0103\u021bii de Medicin\u0103 \u0219i Farmacie T\u00e2rgu Mure\u0219. Pe l\u00e2ng\u0103 activitatea de preg\u0103tire a studen\u021bilor se asigur\u0103 preg\u0103tirea [&hellip;]<\/p>\n","protected":false},"author":4,"featured_media":0,"parent":11371,"menu_order":46,"comment_status":"closed","ping_status":"closed","template":"","meta":{"_acf_changed":false,"footnotes":""},"class_list":["post-10711","page","type-page","status-publish","hentry"],"acf":[],"_links":{"self":[{"href":"https:\/\/dipicdev.ro\/hu\/wp-json\/wp\/v2\/pages\/10711","targetHints":{"allow":["GET"]}}],"collection":[{"href":"https:\/\/dipicdev.ro\/hu\/wp-json\/wp\/v2\/pages"}],"about":[{"href":"https:\/\/dipicdev.ro\/hu\/wp-json\/wp\/v2\/types\/page"}],"author":[{"embeddable":true,"href":"https:\/\/dipicdev.ro\/hu\/wp-json\/wp\/v2\/users\/4"}],"replies":[{"embeddable":true,"href":"https:\/\/dipicdev.ro\/hu\/wp-json\/wp\/v2\/comments?post=10711"}],"version-history":[{"count":0,"href":"https:\/\/dipicdev.ro\/hu\/wp-json\/wp\/v2\/pages\/10711\/revisions"}],"up":[{"embeddable":true,"href":"https:\/\/dipicdev.ro\/hu\/wp-json\/wp\/v2\/pages\/11371"}],"wp:attachment":[{"href":"https:\/\/dipicdev.ro\/hu\/wp-json\/wp\/v2\/media?parent=10711"}],"curies":[{"name":"wp","href":"https:\/\/api.w.org\/{rel}","templated":true}]}}